{"id":662,"date":"2022-07-23T14:01:26","date_gmt":"2022-07-23T12:01:26","guid":{"rendered":"https:\/\/schneckenfluegel.de\/sl\/?page_id=662"},"modified":"2022-08-24T18:20:14","modified_gmt":"2022-08-24T16:20:14","slug":"newsletter-anmeldung","status":"publish","type":"page","link":"https:\/\/schneckenfluegel.de\/sl\/newsletter-anmeldung\/","title":{"rendered":"Prijava na Novice"},"content":{"rendered":"<p>Vselej dobro obve\u0161\u010deni z Novicami vodilnega na trgu! Z na\u0161imi Novicami prejmete najve\u010d enkrat mese\u010dno pomembne informacije s podro\u010dja panoge in o na\u0161em podjetju.<\/p>\n<p>Kot vodilno podjetje za pol\u017ene segmente na nem\u0161kem trgu vas bomo redno seznanjali s trenutnimi gibanji na trgu in z vsemi novostmi v na\u0161i proizvodnji in na\u0161em podjetju.<\/p>\n<h3>Obrazec za prijavo:<\/h3>\n<p>Prijava na Novice<\/p>\n<p>Veseli smo va\u0161ega zanimanja za kakovostna krilca pol\u017eev. \u010ce pa na\u0161e Novice za vas ne bodo ve\u010d zanimive, imate v vsakih Novicah mo\u017enost, da se s samo dvema klikoma enostavno odjavite od njihovega prejemanja.<\/p>\n<div class=\"haet-cleverreach\">\n\t        <form method=\"post\" class=\"haet-cleverreach-form\">\n            <input type=\"hidden\" name=\"haet-cleverreach-is-widget\" value=\"0\">\n            <input type=\"hidden\" name=\"haet-cleverreach-form-id\" value=\"334570\">\n            <input type=\"hidden\" name=\"haet-cleverreach-list-id\" value=\"694702\">\n\t\t\t                    <div class=\"haet-cleverreach-field-wrap label-left type-email \">\n\t\t\t\t\t\t\t\t\t\t\t\t\t                                <label for=\"haet-cleverreach-cleverreach_email\">\n\t\t\t\t\t\t\t\t\tE-Mail                                <\/label>\n\t\t\t\t\t\t\t\t\t\t\t\t\t\t                                <input type=\"email\"\n                                       id=\"haet-cleverreach-cleverreach_email\"\n                                       name=\"haet-cleverreach-cleverreach_email\"\n                                       value=\"\"\n\t\t\t\t\t\t\t\t\t\t\t\t\t\t\t\t\t\t required                                 >\n\t\t\t\t\t\t\t\n\t\t\t\t\t\t\t\t\t\t\t\t\t                    <\/div>\n\t\t\t\t                    <div class=\"haet-cleverreach-field-wrap label-left type-submit \">\n\t\t\t\t\t\t                            <button type=\"submit\" class=\"button\" id=\"haet-cleverreach-submit\">\n\t\t\t\t\t\t\t\tAnmelden                            <\/button>\n\t\t\t\t\t\t                    <\/div>\n\t\t\t\t        <\/form>\n\t\t<\/div>\n\n","protected":false},"excerpt":{"rendered":"<p>Vselej dobro obve\u0161\u010deni z Novicami vodilnega na trgu! Z na\u0161imi Novicami prejmete najve\u010d enkrat mese\u010dno pomembne informacije s podro\u010dja panoge&hellip;<\/p>\n","protected":false},"author":1,"featured_media":0,"parent":0,"menu_order":0,"comment_status":"closed","ping_status":"closed","template":"page-newsletter.php","meta":{"_acf_changed":false,"footnotes":""},"class_list":["post-662","page","type-page","status-publish","hentry"],"acf":[],"yoast_head":"<!-- This site is optimized with the Yoast SEO plugin v26.6 - https:\/\/yoast.com\/wordpress\/plugins\/seo\/ -->\n<title>Prijava na Novice - C.E. Schneckenfl\u00fcgel GmbH<\/title>\n<meta name=\"robots\" content=\"index, follow, max-snippet:-1, max-image-preview:large, max-video-preview:-1\" \/>\n<link rel=\"canonical\" href=\"https:\/\/schneckenfluegel.de\/sl\/newsletter-anmeldung\/\" \/>\n<meta property=\"og:locale\" content=\"sl_SI\" \/>\n<meta property=\"og:type\" content=\"article\" \/>\n<meta property=\"og:title\" content=\"Prijava na Novice - C.E. Schneckenfl\u00fcgel GmbH\" \/>\n<meta property=\"og:description\" content=\"Vselej dobro obve\u0161\u010deni z Novicami vodilnega na trgu! Z na\u0161imi Novicami prejmete najve\u010d enkrat mese\u010dno pomembne informacije s podro\u010dja panoge&hellip;\" \/>\n<meta property=\"og:url\" content=\"https:\/\/schneckenfluegel.de\/sl\/newsletter-anmeldung\/\" \/>\n<meta property=\"og:site_name\" content=\"C.E. Schneckenfl\u00fcgel GmbH\" \/>\n<meta property=\"article:modified_time\" content=\"2022-08-24T16:20:14+00:00\" \/>\n<meta name=\"twitter:card\" content=\"summary_large_image\" \/>\n<meta name=\"twitter:label1\" content=\"Est. reading time\" \/>\n\t<meta name=\"twitter:data1\" content=\"1 minuta\" \/>\n<script type=\"application\/ld+json\" class=\"yoast-schema-graph\">{\"@context\":\"https:\/\/schema.org\",\"@graph\":[{\"@type\":\"WebPage\",\"@id\":\"https:\/\/schneckenfluegel.de\/sl\/newsletter-anmeldung\/\",\"url\":\"https:\/\/schneckenfluegel.de\/sl\/newsletter-anmeldung\/\",\"name\":\"Prijava na Novice - C.E. Schneckenfl\u00fcgel GmbH\",\"isPartOf\":{\"@id\":\"https:\/\/schneckenfluegel.de\/sl\/#website\"},\"datePublished\":\"2022-07-23T12:01:26+00:00\",\"dateModified\":\"2022-08-24T16:20:14+00:00\",\"breadcrumb\":{\"@id\":\"https:\/\/schneckenfluegel.de\/sl\/newsletter-anmeldung\/#breadcrumb\"},\"inLanguage\":\"sl-SI\",\"potentialAction\":[{\"@type\":\"ReadAction\",\"target\":[\"https:\/\/schneckenfluegel.de\/sl\/newsletter-anmeldung\/\"]}]},{\"@type\":\"BreadcrumbList\",\"@id\":\"https:\/\/schneckenfluegel.de\/sl\/newsletter-anmeldung\/#breadcrumb\",\"itemListElement\":[{\"@type\":\"ListItem\",\"position\":1,\"name\":\"Startseite\",\"item\":\"https:\/\/schneckenfluegel.de\/sl\/\"},{\"@type\":\"ListItem\",\"position\":2,\"name\":\"Prijava na Novice\"}]},{\"@type\":\"WebSite\",\"@id\":\"https:\/\/schneckenfluegel.de\/sl\/#website\",\"url\":\"https:\/\/schneckenfluegel.de\/sl\/\",\"name\":\"C.E. Schneckenfl\u00fcgel GmbH\",\"description\":\"\",\"potentialAction\":[{\"@type\":\"SearchAction\",\"target\":{\"@type\":\"EntryPoint\",\"urlTemplate\":\"https:\/\/schneckenfluegel.de\/sl\/?s={search_term_string}\"},\"query-input\":{\"@type\":\"PropertyValueSpecification\",\"valueRequired\":true,\"valueName\":\"search_term_string\"}}],\"inLanguage\":\"sl-SI\"}]}<\/script>\n<!-- \/ Yoast SEO plugin. -->","yoast_head_json":{"title":"Prijava na Novice - C.E. Schneckenfl\u00fcgel GmbH","robots":{"index":"index","follow":"follow","max-snippet":"max-snippet:-1","max-image-preview":"max-image-preview:large","max-video-preview":"max-video-preview:-1"},"canonical":"https:\/\/schneckenfluegel.de\/sl\/newsletter-anmeldung\/","og_locale":"sl_SI","og_type":"article","og_title":"Prijava na Novice - C.E. Schneckenfl\u00fcgel GmbH","og_description":"Vselej dobro obve\u0161\u010deni z Novicami vodilnega na trgu! Z na\u0161imi Novicami prejmete najve\u010d enkrat mese\u010dno pomembne informacije s podro\u010dja panoge&hellip;","og_url":"https:\/\/schneckenfluegel.de\/sl\/newsletter-anmeldung\/","og_site_name":"C.E. Schneckenfl\u00fcgel GmbH","article_modified_time":"2022-08-24T16:20:14+00:00","twitter_card":"summary_large_image","twitter_misc":{"Est. reading time":"1 minuta"},"schema":{"@context":"https:\/\/schema.org","@graph":[{"@type":"WebPage","@id":"https:\/\/schneckenfluegel.de\/sl\/newsletter-anmeldung\/","url":"https:\/\/schneckenfluegel.de\/sl\/newsletter-anmeldung\/","name":"Prijava na Novice - C.E. Schneckenfl\u00fcgel GmbH","isPartOf":{"@id":"https:\/\/schneckenfluegel.de\/sl\/#website"},"datePublished":"2022-07-23T12:01:26+00:00","dateModified":"2022-08-24T16:20:14+00:00","breadcrumb":{"@id":"https:\/\/schneckenfluegel.de\/sl\/newsletter-anmeldung\/#breadcrumb"},"inLanguage":"sl-SI","potentialAction":[{"@type":"ReadAction","target":["https:\/\/schneckenfluegel.de\/sl\/newsletter-anmeldung\/"]}]},{"@type":"BreadcrumbList","@id":"https:\/\/schneckenfluegel.de\/sl\/newsletter-anmeldung\/#breadcrumb","itemListElement":[{"@type":"ListItem","position":1,"name":"Startseite","item":"https:\/\/schneckenfluegel.de\/sl\/"},{"@type":"ListItem","position":2,"name":"Prijava na Novice"}]},{"@type":"WebSite","@id":"https:\/\/schneckenfluegel.de\/sl\/#website","url":"https:\/\/schneckenfluegel.de\/sl\/","name":"C.E. Schneckenfl\u00fcgel GmbH","description":"","potentialAction":[{"@type":"SearchAction","target":{"@type":"EntryPoint","urlTemplate":"https:\/\/schneckenfluegel.de\/sl\/?s={search_term_string}"},"query-input":{"@type":"PropertyValueSpecification","valueRequired":true,"valueName":"search_term_string"}}],"inLanguage":"sl-SI"}]}},"_links":{"self":[{"href":"https:\/\/schneckenfluegel.de\/sl\/wp-json\/wp\/v2\/pages\/662","targetHints":{"allow":["GET"]}}],"collection":[{"href":"https:\/\/schneckenfluegel.de\/sl\/wp-json\/wp\/v2\/pages"}],"about":[{"href":"https:\/\/schneckenfluegel.de\/sl\/wp-json\/wp\/v2\/types\/page"}],"author":[{"embeddable":true,"href":"https:\/\/schneckenfluegel.de\/sl\/wp-json\/wp\/v2\/users\/1"}],"replies":[{"embeddable":true,"href":"https:\/\/schneckenfluegel.de\/sl\/wp-json\/wp\/v2\/comments?post=662"}],"version-history":[{"count":4,"href":"https:\/\/schneckenfluegel.de\/sl\/wp-json\/wp\/v2\/pages\/662\/revisions"}],"predecessor-version":[{"id":695,"href":"https:\/\/schneckenfluegel.de\/sl\/wp-json\/wp\/v2\/pages\/662\/revisions\/695"}],"wp:attachment":[{"href":"https:\/\/schneckenfluegel.de\/sl\/wp-json\/wp\/v2\/media?parent=662"}],"curies":[{"name":"wp","href":"https:\/\/api.w.org\/{rel}","templated":true}]}}