{"id":765,"date":"2022-07-23T14:42:27","date_gmt":"2022-07-23T12:42:27","guid":{"rendered":"https:\/\/schneckenfluegel.de\/sk\/?page_id=765"},"modified":"2022-08-24T18:32:53","modified_gmt":"2022-08-24T16:32:53","slug":"newsletter-anmeldung","status":"publish","type":"page","link":"https:\/\/schneckenfluegel.de\/sk\/newsletter-anmeldung\/","title":{"rendered":"Prihl\u00e1senie na newsletter"},"content":{"rendered":"<p>V\u017edy dobre informovan\u00ed firmou s ved\u00facim postaven\u00edm na trhu! S na\u0161\u00edm nov\u00fdm newsletterom z\u00edskate maxim\u00e1lne raz za mesiac relevantn\u00e9 spr\u00e1vy z bran\u017ee a n\u00e1\u0161ho podniku.<\/p>\n<p>Ako nemeck\u00e1 firma s ved\u00facim postaven\u00edm na trhu pre lopatky z\u00e1vitoviek v\u00e1s udr\u017e\u00edme v obraze oh\u013eadom aktu\u00e1lneho v\u00fdvoja na trhu a v\u0161etk\u00fdch noviniek t\u00fdkaj\u00facich sa na\u0161ej v\u00fdroby a n\u00e1\u0161ho podniku.<\/p>\n<h3>Prihlasovac\u00ed formul\u00e1r:<\/h3>\n<p>Prihl\u00e1senie na newsletter<\/p>\n<p>Te\u0161\u00edme sa z v\u00e1\u0161ho z\u00e1ujmu o vysoko kvalitn\u00e9 lopatky z\u00e1vitoviek. Ak by ste o n\u00e1\u0161 newsletter predsa nemali viac z\u00e1ujem, v ka\u017edom newsletteri m\u00e1te mo\u017enos\u0165 odhl\u00e1si\u0165 sa znova nekomplikovane dvoma kliknutiami.<\/p>\n<div class=\"haet-cleverreach\">\n\t        <form method=\"post\" class=\"haet-cleverreach-form\">\n            <input type=\"hidden\" name=\"haet-cleverreach-is-widget\" value=\"0\">\n            <input type=\"hidden\" name=\"haet-cleverreach-form-id\" value=\"334572\">\n            <input type=\"hidden\" name=\"haet-cleverreach-list-id\" value=\"694706\">\n\t\t\t                    <div class=\"haet-cleverreach-field-wrap label-left type-email \">\n\t\t\t\t\t\t\t\t\t\t\t\t\t                                <label for=\"haet-cleverreach-cleverreach_email\">\n\t\t\t\t\t\t\t\t\tE-Mail                                <\/label>\n\t\t\t\t\t\t\t\t\t\t\t\t\t\t                                <input type=\"email\"\n                                       id=\"haet-cleverreach-cleverreach_email\"\n                                       name=\"haet-cleverreach-cleverreach_email\"\n                                       value=\"\"\n\t\t\t\t\t\t\t\t\t\t\t\t\t\t\t\t\t\t required                                 >\n\t\t\t\t\t\t\t\n\t\t\t\t\t\t\t\t\t\t\t\t\t                    <\/div>\n\t\t\t\t                    <div class=\"haet-cleverreach-field-wrap label-left type-submit \">\n\t\t\t\t\t\t                            <button type=\"submit\" class=\"button\" id=\"haet-cleverreach-submit\">\n\t\t\t\t\t\t\t\tAnmelden                            <\/button>\n\t\t\t\t\t\t                    <\/div>\n\t\t\t\t        <\/form>\n\t\t<\/div>\n\n","protected":false},"excerpt":{"rendered":"<p>V\u017edy dobre informovan\u00ed firmou s ved\u00facim postaven\u00edm na trhu! S na\u0161\u00edm nov\u00fdm newsletterom z\u00edskate maxim\u00e1lne raz za mesiac relevantn\u00e9 spr\u00e1vy&hellip;<\/p>\n","protected":false},"author":1,"featured_media":0,"parent":0,"menu_order":0,"comment_status":"closed","ping_status":"closed","template":"page-newsletter.php","meta":{"_acf_changed":false,"footnotes":""},"class_list":["post-765","page","type-page","status-publish","hentry"],"acf":[],"yoast_head":"<!-- This site is optimized with the Yoast SEO plugin v26.6 - https:\/\/yoast.com\/wordpress\/plugins\/seo\/ -->\n<title>Prihl\u00e1senie na newsletter - C.E. Schneckenfl\u00fcgel GmbH<\/title>\n<meta name=\"robots\" content=\"index, follow, max-snippet:-1, max-image-preview:large, max-video-preview:-1\" \/>\n<link rel=\"canonical\" href=\"https:\/\/schneckenfluegel.de\/sk\/newsletter-anmeldung\/\" \/>\n<meta property=\"og:locale\" content=\"sk_SK\" \/>\n<meta property=\"og:type\" content=\"article\" \/>\n<meta property=\"og:title\" content=\"Prihl\u00e1senie na newsletter - C.E. Schneckenfl\u00fcgel GmbH\" \/>\n<meta property=\"og:description\" content=\"V\u017edy dobre informovan\u00ed firmou s ved\u00facim postaven\u00edm na trhu! S na\u0161\u00edm nov\u00fdm newsletterom z\u00edskate maxim\u00e1lne raz za mesiac relevantn\u00e9 spr\u00e1vy&hellip;\" \/>\n<meta property=\"og:url\" content=\"https:\/\/schneckenfluegel.de\/sk\/newsletter-anmeldung\/\" \/>\n<meta property=\"og:site_name\" content=\"C.E. Schneckenfl\u00fcgel GmbH\" \/>\n<meta property=\"article:modified_time\" content=\"2022-08-24T16:32:53+00:00\" \/>\n<meta name=\"twitter:card\" content=\"summary_large_image\" \/>\n<meta name=\"twitter:label1\" content=\"Predpokladan\u00fd \u010das \u010d\u00edtania\" \/>\n\t<meta name=\"twitter:data1\" content=\"1 min\u00fata\" \/>\n<script type=\"application\/ld+json\" class=\"yoast-schema-graph\">{\"@context\":\"https:\/\/schema.org\",\"@graph\":[{\"@type\":\"WebPage\",\"@id\":\"https:\/\/schneckenfluegel.de\/sk\/newsletter-anmeldung\/\",\"url\":\"https:\/\/schneckenfluegel.de\/sk\/newsletter-anmeldung\/\",\"name\":\"Prihl\u00e1senie na newsletter - C.E. Schneckenfl\u00fcgel GmbH\",\"isPartOf\":{\"@id\":\"https:\/\/schneckenfluegel.de\/sk\/#website\"},\"datePublished\":\"2022-07-23T12:42:27+00:00\",\"dateModified\":\"2022-08-24T16:32:53+00:00\",\"breadcrumb\":{\"@id\":\"https:\/\/schneckenfluegel.de\/sk\/newsletter-anmeldung\/#breadcrumb\"},\"inLanguage\":\"sk-SK\",\"potentialAction\":[{\"@type\":\"ReadAction\",\"target\":[\"https:\/\/schneckenfluegel.de\/sk\/newsletter-anmeldung\/\"]}]},{\"@type\":\"BreadcrumbList\",\"@id\":\"https:\/\/schneckenfluegel.de\/sk\/newsletter-anmeldung\/#breadcrumb\",\"itemListElement\":[{\"@type\":\"ListItem\",\"position\":1,\"name\":\"Startseite\",\"item\":\"https:\/\/schneckenfluegel.de\/sk\/\"},{\"@type\":\"ListItem\",\"position\":2,\"name\":\"Prihl\u00e1senie na newsletter\"}]},{\"@type\":\"WebSite\",\"@id\":\"https:\/\/schneckenfluegel.de\/sk\/#website\",\"url\":\"https:\/\/schneckenfluegel.de\/sk\/\",\"name\":\"C.E. Schneckenfl\u00fcgel GmbH\",\"description\":\"Slowakisch\",\"potentialAction\":[{\"@type\":\"SearchAction\",\"target\":{\"@type\":\"EntryPoint\",\"urlTemplate\":\"https:\/\/schneckenfluegel.de\/sk\/?s={search_term_string}\"},\"query-input\":{\"@type\":\"PropertyValueSpecification\",\"valueRequired\":true,\"valueName\":\"search_term_string\"}}],\"inLanguage\":\"sk-SK\"}]}<\/script>\n<!-- \/ Yoast SEO plugin. -->","yoast_head_json":{"title":"Prihl\u00e1senie na newsletter - C.E. Schneckenfl\u00fcgel GmbH","robots":{"index":"index","follow":"follow","max-snippet":"max-snippet:-1","max-image-preview":"max-image-preview:large","max-video-preview":"max-video-preview:-1"},"canonical":"https:\/\/schneckenfluegel.de\/sk\/newsletter-anmeldung\/","og_locale":"sk_SK","og_type":"article","og_title":"Prihl\u00e1senie na newsletter - C.E. Schneckenfl\u00fcgel GmbH","og_description":"V\u017edy dobre informovan\u00ed firmou s ved\u00facim postaven\u00edm na trhu! S na\u0161\u00edm nov\u00fdm newsletterom z\u00edskate maxim\u00e1lne raz za mesiac relevantn\u00e9 spr\u00e1vy&hellip;","og_url":"https:\/\/schneckenfluegel.de\/sk\/newsletter-anmeldung\/","og_site_name":"C.E. Schneckenfl\u00fcgel GmbH","article_modified_time":"2022-08-24T16:32:53+00:00","twitter_card":"summary_large_image","twitter_misc":{"Predpokladan\u00fd \u010das \u010d\u00edtania":"1 min\u00fata"},"schema":{"@context":"https:\/\/schema.org","@graph":[{"@type":"WebPage","@id":"https:\/\/schneckenfluegel.de\/sk\/newsletter-anmeldung\/","url":"https:\/\/schneckenfluegel.de\/sk\/newsletter-anmeldung\/","name":"Prihl\u00e1senie na newsletter - C.E. Schneckenfl\u00fcgel GmbH","isPartOf":{"@id":"https:\/\/schneckenfluegel.de\/sk\/#website"},"datePublished":"2022-07-23T12:42:27+00:00","dateModified":"2022-08-24T16:32:53+00:00","breadcrumb":{"@id":"https:\/\/schneckenfluegel.de\/sk\/newsletter-anmeldung\/#breadcrumb"},"inLanguage":"sk-SK","potentialAction":[{"@type":"ReadAction","target":["https:\/\/schneckenfluegel.de\/sk\/newsletter-anmeldung\/"]}]},{"@type":"BreadcrumbList","@id":"https:\/\/schneckenfluegel.de\/sk\/newsletter-anmeldung\/#breadcrumb","itemListElement":[{"@type":"ListItem","position":1,"name":"Startseite","item":"https:\/\/schneckenfluegel.de\/sk\/"},{"@type":"ListItem","position":2,"name":"Prihl\u00e1senie na newsletter"}]},{"@type":"WebSite","@id":"https:\/\/schneckenfluegel.de\/sk\/#website","url":"https:\/\/schneckenfluegel.de\/sk\/","name":"C.E. Schneckenfl\u00fcgel GmbH","description":"Slowakisch","potentialAction":[{"@type":"SearchAction","target":{"@type":"EntryPoint","urlTemplate":"https:\/\/schneckenfluegel.de\/sk\/?s={search_term_string}"},"query-input":{"@type":"PropertyValueSpecification","valueRequired":true,"valueName":"search_term_string"}}],"inLanguage":"sk-SK"}]}},"_links":{"self":[{"href":"https:\/\/schneckenfluegel.de\/sk\/wp-json\/wp\/v2\/pages\/765","targetHints":{"allow":["GET"]}}],"collection":[{"href":"https:\/\/schneckenfluegel.de\/sk\/wp-json\/wp\/v2\/pages"}],"about":[{"href":"https:\/\/schneckenfluegel.de\/sk\/wp-json\/wp\/v2\/types\/page"}],"author":[{"embeddable":true,"href":"https:\/\/schneckenfluegel.de\/sk\/wp-json\/wp\/v2\/users\/1"}],"replies":[{"embeddable":true,"href":"https:\/\/schneckenfluegel.de\/sk\/wp-json\/wp\/v2\/comments?post=765"}],"version-history":[{"count":4,"href":"https:\/\/schneckenfluegel.de\/sk\/wp-json\/wp\/v2\/pages\/765\/revisions"}],"predecessor-version":[{"id":797,"href":"https:\/\/schneckenfluegel.de\/sk\/wp-json\/wp\/v2\/pages\/765\/revisions\/797"}],"wp:attachment":[{"href":"https:\/\/schneckenfluegel.de\/sk\/wp-json\/wp\/v2\/media?parent=765"}],"curies":[{"name":"wp","href":"https:\/\/api.w.org\/{rel}","templated":true}]}}