{"id":731,"date":"2022-07-23T14:19:59","date_gmt":"2022-07-23T12:19:59","guid":{"rendered":"https:\/\/schneckenfluegel.de\/se\/?page_id=731"},"modified":"2022-08-24T18:28:22","modified_gmt":"2022-08-24T16:28:22","slug":"newsletter-anmeldung","status":"publish","type":"page","link":"https:\/\/schneckenfluegel.de\/se\/newsletter-anmeldung\/","title":{"rendered":"Prenumeration p\u00e5 nyhetsbrev"},"content":{"rendered":"<p>Alltid bra information fr\u00e5n marknadsledaren! Genom v\u00e5rt nyhetsbrev, som kommer h\u00f6gst en g\u00e5ng i m\u00e5naden, f\u00e5r du alltid relevant information fr\u00e5n branschen och v\u00e5rt f\u00f6retag.<\/p>\n<p>Som den tyska marknadsledare vi \u00e4r inom skruvblad h\u00e5ller vi dig alltid informerad om den aktuella utvecklingen p\u00e5 marknaden och vi ger dig nyheter fr\u00e5n v\u00e5r produktion och v\u00e5rt f\u00f6retag.<\/p>\n<h3><strong>Prenumerationsformul\u00e4r:<\/strong><\/h3>\n<p>Prenumeration p\u00e5 nyhetsbrev<\/p>\n<p>Vi \u00e4r glada \u00f6ver ditt visade intresse f\u00f6r h\u00f6gkvalitativa skruvblad. Skulle du senare inte l\u00e4ngre vara intresserad av v\u00e5rt nyhetsbrev, \u00e4r det enkelt att avprenumerera genom att klicka tv\u00e5 g\u00e5nger i vilket nyhetsbrev som helst.<\/p>\n<div class=\"haet-cleverreach\">\n\t        <form method=\"post\" class=\"haet-cleverreach-form\">\n            <input type=\"hidden\" name=\"haet-cleverreach-is-widget\" value=\"0\">\n            <input type=\"hidden\" name=\"haet-cleverreach-form-id\" value=\"334571\">\n            <input type=\"hidden\" name=\"haet-cleverreach-list-id\" value=\"694704\">\n\t\t\t                    <div class=\"haet-cleverreach-field-wrap label-left type-email \">\n\t\t\t\t\t\t\t\t\t\t\t\t\t                                <label for=\"haet-cleverreach-cleverreach_email\">\n\t\t\t\t\t\t\t\t\tE-Mail                                <\/label>\n\t\t\t\t\t\t\t\t\t\t\t\t\t\t                                <input type=\"email\"\n                                       id=\"haet-cleverreach-cleverreach_email\"\n                                       name=\"haet-cleverreach-cleverreach_email\"\n                                       value=\"\"\n\t\t\t\t\t\t\t\t\t\t\t\t\t\t\t\t\t\t required                                 >\n\t\t\t\t\t\t\t\n\t\t\t\t\t\t\t\t\t\t\t\t\t                    <\/div>\n\t\t\t\t                    <div class=\"haet-cleverreach-field-wrap label-left type-submit \">\n\t\t\t\t\t\t                            <button type=\"submit\" class=\"button\" id=\"haet-cleverreach-submit\">\n\t\t\t\t\t\t\t\tAnmelden                            <\/button>\n\t\t\t\t\t\t                    <\/div>\n\t\t\t\t        <\/form>\n\t\t<\/div>\n\n","protected":false},"excerpt":{"rendered":"<p>Alltid bra information fr\u00e5n marknadsledaren! Genom v\u00e5rt nyhetsbrev, som kommer h\u00f6gst en g\u00e5ng i m\u00e5naden, f\u00e5r du alltid relevant information&hellip;<\/p>\n","protected":false},"author":1,"featured_media":0,"parent":0,"menu_order":0,"comment_status":"closed","ping_status":"closed","template":"page-newsletter.php","meta":{"_acf_changed":false,"footnotes":""},"class_list":["post-731","page","type-page","status-publish","hentry"],"acf":[],"yoast_head":"<!-- This site is optimized with the Yoast SEO plugin v26.6 - https:\/\/yoast.com\/wordpress\/plugins\/seo\/ -->\n<title>Prenumeration p\u00e5 nyhetsbrev - C.E. Schneckenfl\u00fcgel GmbH<\/title>\n<meta name=\"robots\" content=\"index, follow, max-snippet:-1, max-image-preview:large, max-video-preview:-1\" \/>\n<link rel=\"canonical\" href=\"https:\/\/schneckenfluegel.de\/se\/newsletter-anmeldung\/\" \/>\n<meta property=\"og:locale\" content=\"sv_SE\" \/>\n<meta property=\"og:type\" content=\"article\" \/>\n<meta property=\"og:title\" content=\"Prenumeration p\u00e5 nyhetsbrev - C.E. Schneckenfl\u00fcgel GmbH\" \/>\n<meta property=\"og:description\" content=\"Alltid bra information fr\u00e5n marknadsledaren! Genom v\u00e5rt nyhetsbrev, som kommer h\u00f6gst en g\u00e5ng i m\u00e5naden, f\u00e5r du alltid relevant information&hellip;\" \/>\n<meta property=\"og:url\" content=\"https:\/\/schneckenfluegel.de\/se\/newsletter-anmeldung\/\" \/>\n<meta property=\"og:site_name\" content=\"C.E. Schneckenfl\u00fcgel GmbH\" \/>\n<meta property=\"article:modified_time\" content=\"2022-08-24T16:28:22+00:00\" \/>\n<meta name=\"twitter:card\" content=\"summary_large_image\" \/>\n<meta name=\"twitter:label1\" content=\"Ber\u00e4knad l\u00e4stid\" \/>\n\t<meta name=\"twitter:data1\" content=\"1 minut\" \/>\n<script type=\"application\/ld+json\" class=\"yoast-schema-graph\">{\"@context\":\"https:\/\/schema.org\",\"@graph\":[{\"@type\":\"WebPage\",\"@id\":\"https:\/\/schneckenfluegel.de\/se\/newsletter-anmeldung\/\",\"url\":\"https:\/\/schneckenfluegel.de\/se\/newsletter-anmeldung\/\",\"name\":\"Prenumeration p\u00e5 nyhetsbrev - C.E. Schneckenfl\u00fcgel GmbH\",\"isPartOf\":{\"@id\":\"https:\/\/schneckenfluegel.de\/se\/#website\"},\"datePublished\":\"2022-07-23T12:19:59+00:00\",\"dateModified\":\"2022-08-24T16:28:22+00:00\",\"breadcrumb\":{\"@id\":\"https:\/\/schneckenfluegel.de\/se\/newsletter-anmeldung\/#breadcrumb\"},\"inLanguage\":\"sv-SE\",\"potentialAction\":[{\"@type\":\"ReadAction\",\"target\":[\"https:\/\/schneckenfluegel.de\/se\/newsletter-anmeldung\/\"]}]},{\"@type\":\"BreadcrumbList\",\"@id\":\"https:\/\/schneckenfluegel.de\/se\/newsletter-anmeldung\/#breadcrumb\",\"itemListElement\":[{\"@type\":\"ListItem\",\"position\":1,\"name\":\"Startseite\",\"item\":\"https:\/\/schneckenfluegel.de\/se\/\"},{\"@type\":\"ListItem\",\"position\":2,\"name\":\"Prenumeration p\u00e5 nyhetsbrev\"}]},{\"@type\":\"WebSite\",\"@id\":\"https:\/\/schneckenfluegel.de\/se\/#website\",\"url\":\"https:\/\/schneckenfluegel.de\/se\/\",\"name\":\"C.E. Schneckenfl\u00fcgel GmbH\",\"description\":\"\",\"potentialAction\":[{\"@type\":\"SearchAction\",\"target\":{\"@type\":\"EntryPoint\",\"urlTemplate\":\"https:\/\/schneckenfluegel.de\/se\/?s={search_term_string}\"},\"query-input\":{\"@type\":\"PropertyValueSpecification\",\"valueRequired\":true,\"valueName\":\"search_term_string\"}}],\"inLanguage\":\"sv-SE\"}]}<\/script>\n<!-- \/ Yoast SEO plugin. -->","yoast_head_json":{"title":"Prenumeration p\u00e5 nyhetsbrev - C.E. Schneckenfl\u00fcgel GmbH","robots":{"index":"index","follow":"follow","max-snippet":"max-snippet:-1","max-image-preview":"max-image-preview:large","max-video-preview":"max-video-preview:-1"},"canonical":"https:\/\/schneckenfluegel.de\/se\/newsletter-anmeldung\/","og_locale":"sv_SE","og_type":"article","og_title":"Prenumeration p\u00e5 nyhetsbrev - C.E. Schneckenfl\u00fcgel GmbH","og_description":"Alltid bra information fr\u00e5n marknadsledaren! Genom v\u00e5rt nyhetsbrev, som kommer h\u00f6gst en g\u00e5ng i m\u00e5naden, f\u00e5r du alltid relevant information&hellip;","og_url":"https:\/\/schneckenfluegel.de\/se\/newsletter-anmeldung\/","og_site_name":"C.E. Schneckenfl\u00fcgel GmbH","article_modified_time":"2022-08-24T16:28:22+00:00","twitter_card":"summary_large_image","twitter_misc":{"Ber\u00e4knad l\u00e4stid":"1 minut"},"schema":{"@context":"https:\/\/schema.org","@graph":[{"@type":"WebPage","@id":"https:\/\/schneckenfluegel.de\/se\/newsletter-anmeldung\/","url":"https:\/\/schneckenfluegel.de\/se\/newsletter-anmeldung\/","name":"Prenumeration p\u00e5 nyhetsbrev - C.E. Schneckenfl\u00fcgel GmbH","isPartOf":{"@id":"https:\/\/schneckenfluegel.de\/se\/#website"},"datePublished":"2022-07-23T12:19:59+00:00","dateModified":"2022-08-24T16:28:22+00:00","breadcrumb":{"@id":"https:\/\/schneckenfluegel.de\/se\/newsletter-anmeldung\/#breadcrumb"},"inLanguage":"sv-SE","potentialAction":[{"@type":"ReadAction","target":["https:\/\/schneckenfluegel.de\/se\/newsletter-anmeldung\/"]}]},{"@type":"BreadcrumbList","@id":"https:\/\/schneckenfluegel.de\/se\/newsletter-anmeldung\/#breadcrumb","itemListElement":[{"@type":"ListItem","position":1,"name":"Startseite","item":"https:\/\/schneckenfluegel.de\/se\/"},{"@type":"ListItem","position":2,"name":"Prenumeration p\u00e5 nyhetsbrev"}]},{"@type":"WebSite","@id":"https:\/\/schneckenfluegel.de\/se\/#website","url":"https:\/\/schneckenfluegel.de\/se\/","name":"C.E. Schneckenfl\u00fcgel GmbH","description":"","potentialAction":[{"@type":"SearchAction","target":{"@type":"EntryPoint","urlTemplate":"https:\/\/schneckenfluegel.de\/se\/?s={search_term_string}"},"query-input":{"@type":"PropertyValueSpecification","valueRequired":true,"valueName":"search_term_string"}}],"inLanguage":"sv-SE"}]}},"_links":{"self":[{"href":"https:\/\/schneckenfluegel.de\/se\/wp-json\/wp\/v2\/pages\/731","targetHints":{"allow":["GET"]}}],"collection":[{"href":"https:\/\/schneckenfluegel.de\/se\/wp-json\/wp\/v2\/pages"}],"about":[{"href":"https:\/\/schneckenfluegel.de\/se\/wp-json\/wp\/v2\/types\/page"}],"author":[{"embeddable":true,"href":"https:\/\/schneckenfluegel.de\/se\/wp-json\/wp\/v2\/users\/1"}],"replies":[{"embeddable":true,"href":"https:\/\/schneckenfluegel.de\/se\/wp-json\/wp\/v2\/comments?post=731"}],"version-history":[{"count":4,"href":"https:\/\/schneckenfluegel.de\/se\/wp-json\/wp\/v2\/pages\/731\/revisions"}],"predecessor-version":[{"id":762,"href":"https:\/\/schneckenfluegel.de\/se\/wp-json\/wp\/v2\/pages\/731\/revisions\/762"}],"wp:attachment":[{"href":"https:\/\/schneckenfluegel.de\/se\/wp-json\/wp\/v2\/media?parent=731"}],"curies":[{"name":"wp","href":"https:\/\/api.w.org\/{rel}","templated":true}]}}