{"id":706,"date":"2022-07-23T13:50:49","date_gmt":"2022-07-23T11:50:49","guid":{"rendered":"https:\/\/schneckenfluegel.de\/pl\/?page_id=706"},"modified":"2022-08-24T18:16:22","modified_gmt":"2022-08-24T16:16:22","slug":"newsletter-anmeldung","status":"publish","type":"page","link":"https:\/\/schneckenfluegel.de\/pl\/newsletter-anmeldung\/","title":{"rendered":"Subskrypcja newslettera"},"content":{"rendered":"<p>Zawsze uzyskuj sprawdzone informacje od lidera na rynku. Korzystaj\u0105c z naszego newslettera, b\u0119dziesz otrzymywa\u0107 istotne wiadomo\u015bci z bran\u017cy i dotycz\u0105ce naszej firmy nie cz\u0119\u015bciej ni\u017c raz w miesi\u0105cu.<\/p>\n<p>Jako lider na niemieckim rynku \u0142opatek \u015blimakowych informujemy na bie\u017c\u0105co o aktualnych trendach na rynku i wszystkich nowo\u015bciach wprowadzonych w naszej produkcji i firmie.<\/p>\n<h3><strong>Formularz zg\u0142oszeniowy:<\/strong><\/h3>\n<p>Subskrypcja newslettera<\/p>\n<p>Dzi\u0119kujemy za zainteresowanie \u0142opatkami \u015blimakowymi o wysokiej jako\u015bci. Je\u017celi stracisz zainteresowanie naszym newsletterem, mo\u017cesz bez problemu zrezygnowa\u0107 z subskrypcji, klikaj\u0105c dwa razy myszk\u0105 odpowiedni link w dowolnym newsletterze.<\/p>\n<div class=\"haet-cleverreach\">\n\t        <form method=\"post\" class=\"haet-cleverreach-form\">\n            <input type=\"hidden\" name=\"haet-cleverreach-is-widget\" value=\"0\">\n            <input type=\"hidden\" name=\"haet-cleverreach-form-id\" value=\"334560\">\n            <input type=\"hidden\" name=\"haet-cleverreach-list-id\" value=\"694701\">\n\t\t\t                    <div class=\"haet-cleverreach-field-wrap label-left type-email \">\n\t\t\t\t\t\t\t\t\t\t\t\t\t                                <label for=\"haet-cleverreach-cleverreach_email\">\n\t\t\t\t\t\t\t\t\tE-Mail                                <\/label>\n\t\t\t\t\t\t\t\t\t\t\t\t\t\t                                <input type=\"email\"\n                                       id=\"haet-cleverreach-cleverreach_email\"\n                                       name=\"haet-cleverreach-cleverreach_email\"\n                                       value=\"\"\n\t\t\t\t\t\t\t\t\t\t\t\t\t\t\t\t\t\t required                                 >\n\t\t\t\t\t\t\t\n\t\t\t\t\t\t\t\t\t\t\t\t\t                    <\/div>\n\t\t\t\t                    <div class=\"haet-cleverreach-field-wrap label-left type-submit \">\n\t\t\t\t\t\t                            <button type=\"submit\" class=\"button\" id=\"haet-cleverreach-submit\">\n\t\t\t\t\t\t\t\tAnmelden                            <\/button>\n\t\t\t\t\t\t                    <\/div>\n\t\t\t\t        <\/form>\n\t\t<\/div>\n\n","protected":false},"excerpt":{"rendered":"<p>Zawsze uzyskuj sprawdzone informacje od lidera na rynku. Korzystaj\u0105c z naszego newslettera, b\u0119dziesz otrzymywa\u0107 istotne wiadomo\u015bci z bran\u017cy i dotycz\u0105ce&hellip;<\/p>\n","protected":false},"author":1,"featured_media":0,"parent":0,"menu_order":0,"comment_status":"closed","ping_status":"closed","template":"page-newsletter.php","meta":{"_acf_changed":false,"footnotes":""},"class_list":["post-706","page","type-page","status-publish","hentry"],"acf":[],"yoast_head":"<!-- This site is optimized with the Yoast SEO plugin v26.6 - https:\/\/yoast.com\/wordpress\/plugins\/seo\/ -->\n<title>Subskrypcja newslettera - C.E. Schneckenfl\u00fcgel GmbH<\/title>\n<meta name=\"robots\" content=\"index, follow, max-snippet:-1, max-image-preview:large, max-video-preview:-1\" \/>\n<link rel=\"canonical\" href=\"https:\/\/schneckenfluegel.de\/pl\/newsletter-anmeldung\/\" \/>\n<meta property=\"og:locale\" content=\"pl_PL\" \/>\n<meta property=\"og:type\" content=\"article\" \/>\n<meta property=\"og:title\" content=\"Subskrypcja newslettera - C.E. Schneckenfl\u00fcgel GmbH\" \/>\n<meta property=\"og:description\" content=\"Zawsze uzyskuj sprawdzone informacje od lidera na rynku. Korzystaj\u0105c z naszego newslettera, b\u0119dziesz otrzymywa\u0107 istotne wiadomo\u015bci z bran\u017cy i dotycz\u0105ce&hellip;\" \/>\n<meta property=\"og:url\" content=\"https:\/\/schneckenfluegel.de\/pl\/newsletter-anmeldung\/\" \/>\n<meta property=\"og:site_name\" content=\"C.E. Schneckenfl\u00fcgel GmbH\" \/>\n<meta property=\"article:modified_time\" content=\"2022-08-24T16:16:22+00:00\" \/>\n<meta name=\"twitter:card\" content=\"summary_large_image\" \/>\n<meta name=\"twitter:label1\" content=\"Szacowany czas czytania\" \/>\n\t<meta name=\"twitter:data1\" content=\"1 minuta\" \/>\n<script type=\"application\/ld+json\" class=\"yoast-schema-graph\">{\"@context\":\"https:\/\/schema.org\",\"@graph\":[{\"@type\":\"WebPage\",\"@id\":\"https:\/\/schneckenfluegel.de\/pl\/newsletter-anmeldung\/\",\"url\":\"https:\/\/schneckenfluegel.de\/pl\/newsletter-anmeldung\/\",\"name\":\"Subskrypcja newslettera - C.E. Schneckenfl\u00fcgel GmbH\",\"isPartOf\":{\"@id\":\"https:\/\/schneckenfluegel.de\/pl\/#website\"},\"datePublished\":\"2022-07-23T11:50:49+00:00\",\"dateModified\":\"2022-08-24T16:16:22+00:00\",\"breadcrumb\":{\"@id\":\"https:\/\/schneckenfluegel.de\/pl\/newsletter-anmeldung\/#breadcrumb\"},\"inLanguage\":\"pl-PL\",\"potentialAction\":[{\"@type\":\"ReadAction\",\"target\":[\"https:\/\/schneckenfluegel.de\/pl\/newsletter-anmeldung\/\"]}]},{\"@type\":\"BreadcrumbList\",\"@id\":\"https:\/\/schneckenfluegel.de\/pl\/newsletter-anmeldung\/#breadcrumb\",\"itemListElement\":[{\"@type\":\"ListItem\",\"position\":1,\"name\":\"Startseite\",\"item\":\"https:\/\/schneckenfluegel.de\/pl\/\"},{\"@type\":\"ListItem\",\"position\":2,\"name\":\"Subskrypcja newslettera\"}]},{\"@type\":\"WebSite\",\"@id\":\"https:\/\/schneckenfluegel.de\/pl\/#website\",\"url\":\"https:\/\/schneckenfluegel.de\/pl\/\",\"name\":\"C.E. Schneckenfl\u00fcgel GmbH\",\"description\":\"\",\"potentialAction\":[{\"@type\":\"SearchAction\",\"target\":{\"@type\":\"EntryPoint\",\"urlTemplate\":\"https:\/\/schneckenfluegel.de\/pl\/?s={search_term_string}\"},\"query-input\":{\"@type\":\"PropertyValueSpecification\",\"valueRequired\":true,\"valueName\":\"search_term_string\"}}],\"inLanguage\":\"pl-PL\"}]}<\/script>\n<!-- \/ Yoast SEO plugin. -->","yoast_head_json":{"title":"Subskrypcja newslettera - C.E. Schneckenfl\u00fcgel GmbH","robots":{"index":"index","follow":"follow","max-snippet":"max-snippet:-1","max-image-preview":"max-image-preview:large","max-video-preview":"max-video-preview:-1"},"canonical":"https:\/\/schneckenfluegel.de\/pl\/newsletter-anmeldung\/","og_locale":"pl_PL","og_type":"article","og_title":"Subskrypcja newslettera - C.E. Schneckenfl\u00fcgel GmbH","og_description":"Zawsze uzyskuj sprawdzone informacje od lidera na rynku. Korzystaj\u0105c z naszego newslettera, b\u0119dziesz otrzymywa\u0107 istotne wiadomo\u015bci z bran\u017cy i dotycz\u0105ce&hellip;","og_url":"https:\/\/schneckenfluegel.de\/pl\/newsletter-anmeldung\/","og_site_name":"C.E. Schneckenfl\u00fcgel GmbH","article_modified_time":"2022-08-24T16:16:22+00:00","twitter_card":"summary_large_image","twitter_misc":{"Szacowany czas czytania":"1 minuta"},"schema":{"@context":"https:\/\/schema.org","@graph":[{"@type":"WebPage","@id":"https:\/\/schneckenfluegel.de\/pl\/newsletter-anmeldung\/","url":"https:\/\/schneckenfluegel.de\/pl\/newsletter-anmeldung\/","name":"Subskrypcja newslettera - C.E. Schneckenfl\u00fcgel GmbH","isPartOf":{"@id":"https:\/\/schneckenfluegel.de\/pl\/#website"},"datePublished":"2022-07-23T11:50:49+00:00","dateModified":"2022-08-24T16:16:22+00:00","breadcrumb":{"@id":"https:\/\/schneckenfluegel.de\/pl\/newsletter-anmeldung\/#breadcrumb"},"inLanguage":"pl-PL","potentialAction":[{"@type":"ReadAction","target":["https:\/\/schneckenfluegel.de\/pl\/newsletter-anmeldung\/"]}]},{"@type":"BreadcrumbList","@id":"https:\/\/schneckenfluegel.de\/pl\/newsletter-anmeldung\/#breadcrumb","itemListElement":[{"@type":"ListItem","position":1,"name":"Startseite","item":"https:\/\/schneckenfluegel.de\/pl\/"},{"@type":"ListItem","position":2,"name":"Subskrypcja newslettera"}]},{"@type":"WebSite","@id":"https:\/\/schneckenfluegel.de\/pl\/#website","url":"https:\/\/schneckenfluegel.de\/pl\/","name":"C.E. Schneckenfl\u00fcgel GmbH","description":"","potentialAction":[{"@type":"SearchAction","target":{"@type":"EntryPoint","urlTemplate":"https:\/\/schneckenfluegel.de\/pl\/?s={search_term_string}"},"query-input":{"@type":"PropertyValueSpecification","valueRequired":true,"valueName":"search_term_string"}}],"inLanguage":"pl-PL"}]}},"_links":{"self":[{"href":"https:\/\/schneckenfluegel.de\/pl\/wp-json\/wp\/v2\/pages\/706","targetHints":{"allow":["GET"]}}],"collection":[{"href":"https:\/\/schneckenfluegel.de\/pl\/wp-json\/wp\/v2\/pages"}],"about":[{"href":"https:\/\/schneckenfluegel.de\/pl\/wp-json\/wp\/v2\/types\/page"}],"author":[{"embeddable":true,"href":"https:\/\/schneckenfluegel.de\/pl\/wp-json\/wp\/v2\/users\/1"}],"replies":[{"embeddable":true,"href":"https:\/\/schneckenfluegel.de\/pl\/wp-json\/wp\/v2\/comments?post=706"}],"version-history":[{"count":5,"href":"https:\/\/schneckenfluegel.de\/pl\/wp-json\/wp\/v2\/pages\/706\/revisions"}],"predecessor-version":[{"id":739,"href":"https:\/\/schneckenfluegel.de\/pl\/wp-json\/wp\/v2\/pages\/706\/revisions\/739"}],"wp:attachment":[{"href":"https:\/\/schneckenfluegel.de\/pl\/wp-json\/wp\/v2\/media?parent=706"}],"curies":[{"name":"wp","href":"https:\/\/api.w.org\/{rel}","templated":true}]}}