{"id":717,"date":"2022-07-23T13:36:35","date_gmt":"2022-07-23T11:36:35","guid":{"rendered":"https:\/\/schneckenfluegel.de\/it\/?page_id=717"},"modified":"2022-08-24T18:14:21","modified_gmt":"2022-08-24T16:14:21","slug":"newsletter-anmeldung","status":"publish","type":"page","link":"https:\/\/schneckenfluegel.de\/it\/newsletter-anmeldung\/","title":{"rendered":"Iscrizione alla newsletter"},"content":{"rendered":"<p>Sempre ben informati dal leader del mercato! Con la nostra newsletter ricevete al massimo una volta al mese notizie rilevanti inerenti al nostro settore e alla nostra azienda.<\/p>\n<p>In quanto leader tedesco nel mercato delle coclee a palette vi terremo sempre aggiornati sugli ultimi sviluppi del mercato e su tutte le novit\u00e0 relative alla nostra produzione e azienda.<\/p>\n<h3><strong>Modulo di iscrizione:<\/strong><\/h3>\n<p>Iscrizione alla newsletter<\/p>\n<p>Siamo felici per l\u2019interesse che dimostrate per le nostre coclee a palette di alta qualit\u00e0. Se non siete pi\u00f9 interessati alla nostra newsletter, in ogni newsletter avete la possibilit\u00e0 di annullare l\u2019iscrizione con due semplici clic.<\/p>\n<div class=\"haet-cleverreach\">\n\t        <form method=\"post\" class=\"haet-cleverreach-form\">\n            <input type=\"hidden\" name=\"haet-cleverreach-is-widget\" value=\"0\">\n            <input type=\"hidden\" name=\"haet-cleverreach-form-id\" value=\"334559\">\n            <input type=\"hidden\" name=\"haet-cleverreach-list-id\" value=\"694700\">\n\t\t\t                    <div class=\"haet-cleverreach-field-wrap label-left type-email \">\n\t\t\t\t\t\t\t\t\t\t\t\t\t                                <label for=\"haet-cleverreach-cleverreach_email\">\n\t\t\t\t\t\t\t\t\tE-Mail                                <\/label>\n\t\t\t\t\t\t\t\t\t\t\t\t\t\t                                <input type=\"email\"\n                                       id=\"haet-cleverreach-cleverreach_email\"\n                                       name=\"haet-cleverreach-cleverreach_email\"\n                                       value=\"\"\n\t\t\t\t\t\t\t\t\t\t\t\t\t\t\t\t\t\t required                                 >\n\t\t\t\t\t\t\t\n\t\t\t\t\t\t\t\t\t\t\t\t\t                    <\/div>\n\t\t\t\t                    <div class=\"haet-cleverreach-field-wrap label-left type-submit \">\n\t\t\t\t\t\t                            <button type=\"submit\" class=\"button\" id=\"haet-cleverreach-submit\">\n\t\t\t\t\t\t\t\tAnmelden                            <\/button>\n\t\t\t\t\t\t                    <\/div>\n\t\t\t\t        <\/form>\n\t\t<\/div>\n\n","protected":false},"excerpt":{"rendered":"<p>Sempre ben informati dal leader del mercato! Con la nostra newsletter ricevete al massimo una volta al mese notizie rilevanti&hellip;<\/p>\n","protected":false},"author":1,"featured_media":0,"parent":0,"menu_order":0,"comment_status":"closed","ping_status":"closed","template":"page-newsletter.php","meta":{"_acf_changed":false,"footnotes":""},"class_list":["post-717","page","type-page","status-publish","hentry"],"acf":[],"yoast_head":"<!-- This site is optimized with the Yoast SEO plugin v26.6 - https:\/\/yoast.com\/wordpress\/plugins\/seo\/ -->\n<title>Iscrizione alla newsletter - C.E. Schneckenfl\u00fcgel GmbH<\/title>\n<meta name=\"robots\" content=\"index, follow, max-snippet:-1, max-image-preview:large, max-video-preview:-1\" \/>\n<link rel=\"canonical\" href=\"https:\/\/schneckenfluegel.de\/it\/newsletter-anmeldung\/\" \/>\n<meta property=\"og:locale\" content=\"it_IT\" \/>\n<meta property=\"og:type\" content=\"article\" \/>\n<meta property=\"og:title\" content=\"Iscrizione alla newsletter - C.E. Schneckenfl\u00fcgel GmbH\" \/>\n<meta property=\"og:description\" content=\"Sempre ben informati dal leader del mercato! Con la nostra newsletter ricevete al massimo una volta al mese notizie rilevanti&hellip;\" \/>\n<meta property=\"og:url\" content=\"https:\/\/schneckenfluegel.de\/it\/newsletter-anmeldung\/\" \/>\n<meta property=\"og:site_name\" content=\"C.E. Schneckenfl\u00fcgel GmbH\" \/>\n<meta property=\"article:modified_time\" content=\"2022-08-24T16:14:21+00:00\" \/>\n<meta name=\"twitter:card\" content=\"summary_large_image\" \/>\n<meta name=\"twitter:label1\" content=\"Tempo di lettura stimato\" \/>\n\t<meta name=\"twitter:data1\" content=\"1 minuto\" \/>\n<script type=\"application\/ld+json\" class=\"yoast-schema-graph\">{\"@context\":\"https:\/\/schema.org\",\"@graph\":[{\"@type\":\"WebPage\",\"@id\":\"https:\/\/schneckenfluegel.de\/it\/newsletter-anmeldung\/\",\"url\":\"https:\/\/schneckenfluegel.de\/it\/newsletter-anmeldung\/\",\"name\":\"Iscrizione alla newsletter - C.E. Schneckenfl\u00fcgel GmbH\",\"isPartOf\":{\"@id\":\"https:\/\/schneckenfluegel.de\/it\/#website\"},\"datePublished\":\"2022-07-23T11:36:35+00:00\",\"dateModified\":\"2022-08-24T16:14:21+00:00\",\"breadcrumb\":{\"@id\":\"https:\/\/schneckenfluegel.de\/it\/newsletter-anmeldung\/#breadcrumb\"},\"inLanguage\":\"it-IT\",\"potentialAction\":[{\"@type\":\"ReadAction\",\"target\":[\"https:\/\/schneckenfluegel.de\/it\/newsletter-anmeldung\/\"]}]},{\"@type\":\"BreadcrumbList\",\"@id\":\"https:\/\/schneckenfluegel.de\/it\/newsletter-anmeldung\/#breadcrumb\",\"itemListElement\":[{\"@type\":\"ListItem\",\"position\":1,\"name\":\"Startseite\",\"item\":\"https:\/\/schneckenfluegel.de\/it\/\"},{\"@type\":\"ListItem\",\"position\":2,\"name\":\"Iscrizione alla newsletter\"}]},{\"@type\":\"WebSite\",\"@id\":\"https:\/\/schneckenfluegel.de\/it\/#website\",\"url\":\"https:\/\/schneckenfluegel.de\/it\/\",\"name\":\"C.E. Schneckenfl\u00fcgel GmbH\",\"description\":\"\",\"potentialAction\":[{\"@type\":\"SearchAction\",\"target\":{\"@type\":\"EntryPoint\",\"urlTemplate\":\"https:\/\/schneckenfluegel.de\/it\/?s={search_term_string}\"},\"query-input\":{\"@type\":\"PropertyValueSpecification\",\"valueRequired\":true,\"valueName\":\"search_term_string\"}}],\"inLanguage\":\"it-IT\"}]}<\/script>\n<!-- \/ Yoast SEO plugin. -->","yoast_head_json":{"title":"Iscrizione alla newsletter - C.E. Schneckenfl\u00fcgel GmbH","robots":{"index":"index","follow":"follow","max-snippet":"max-snippet:-1","max-image-preview":"max-image-preview:large","max-video-preview":"max-video-preview:-1"},"canonical":"https:\/\/schneckenfluegel.de\/it\/newsletter-anmeldung\/","og_locale":"it_IT","og_type":"article","og_title":"Iscrizione alla newsletter - C.E. Schneckenfl\u00fcgel GmbH","og_description":"Sempre ben informati dal leader del mercato! Con la nostra newsletter ricevete al massimo una volta al mese notizie rilevanti&hellip;","og_url":"https:\/\/schneckenfluegel.de\/it\/newsletter-anmeldung\/","og_site_name":"C.E. Schneckenfl\u00fcgel GmbH","article_modified_time":"2022-08-24T16:14:21+00:00","twitter_card":"summary_large_image","twitter_misc":{"Tempo di lettura stimato":"1 minuto"},"schema":{"@context":"https:\/\/schema.org","@graph":[{"@type":"WebPage","@id":"https:\/\/schneckenfluegel.de\/it\/newsletter-anmeldung\/","url":"https:\/\/schneckenfluegel.de\/it\/newsletter-anmeldung\/","name":"Iscrizione alla newsletter - C.E. Schneckenfl\u00fcgel GmbH","isPartOf":{"@id":"https:\/\/schneckenfluegel.de\/it\/#website"},"datePublished":"2022-07-23T11:36:35+00:00","dateModified":"2022-08-24T16:14:21+00:00","breadcrumb":{"@id":"https:\/\/schneckenfluegel.de\/it\/newsletter-anmeldung\/#breadcrumb"},"inLanguage":"it-IT","potentialAction":[{"@type":"ReadAction","target":["https:\/\/schneckenfluegel.de\/it\/newsletter-anmeldung\/"]}]},{"@type":"BreadcrumbList","@id":"https:\/\/schneckenfluegel.de\/it\/newsletter-anmeldung\/#breadcrumb","itemListElement":[{"@type":"ListItem","position":1,"name":"Startseite","item":"https:\/\/schneckenfluegel.de\/it\/"},{"@type":"ListItem","position":2,"name":"Iscrizione alla newsletter"}]},{"@type":"WebSite","@id":"https:\/\/schneckenfluegel.de\/it\/#website","url":"https:\/\/schneckenfluegel.de\/it\/","name":"C.E. Schneckenfl\u00fcgel GmbH","description":"","potentialAction":[{"@type":"SearchAction","target":{"@type":"EntryPoint","urlTemplate":"https:\/\/schneckenfluegel.de\/it\/?s={search_term_string}"},"query-input":{"@type":"PropertyValueSpecification","valueRequired":true,"valueName":"search_term_string"}}],"inLanguage":"it-IT"}]}},"_links":{"self":[{"href":"https:\/\/schneckenfluegel.de\/it\/wp-json\/wp\/v2\/pages\/717","targetHints":{"allow":["GET"]}}],"collection":[{"href":"https:\/\/schneckenfluegel.de\/it\/wp-json\/wp\/v2\/pages"}],"about":[{"href":"https:\/\/schneckenfluegel.de\/it\/wp-json\/wp\/v2\/types\/page"}],"author":[{"embeddable":true,"href":"https:\/\/schneckenfluegel.de\/it\/wp-json\/wp\/v2\/users\/1"}],"replies":[{"embeddable":true,"href":"https:\/\/schneckenfluegel.de\/it\/wp-json\/wp\/v2\/comments?post=717"}],"version-history":[{"count":4,"href":"https:\/\/schneckenfluegel.de\/it\/wp-json\/wp\/v2\/pages\/717\/revisions"}],"predecessor-version":[{"id":749,"href":"https:\/\/schneckenfluegel.de\/it\/wp-json\/wp\/v2\/pages\/717\/revisions\/749"}],"wp:attachment":[{"href":"https:\/\/schneckenfluegel.de\/it\/wp-json\/wp\/v2\/media?parent=717"}],"curies":[{"name":"wp","href":"https:\/\/api.w.org\/{rel}","templated":true}]}}