{"id":26,"date":"2018-10-15T21:35:09","date_gmt":"2018-10-15T19:35:09","guid":{"rendered":"https:\/\/dev-deuxundmeister.de\/schneckenfluegel\/de\/?page_id=26"},"modified":"2026-01-11T14:36:11","modified_gmt":"2026-01-11T13:36:11","slug":"impressum","status":"publish","type":"page","link":"https:\/\/schneckenfluegel.de\/fr\/impressum\/","title":{"rendered":"Mentions l\u00e9gales"},"content":{"rendered":"<p>C.E. Schneckenfl\u00fcgel GmbH<br \/>\nIndustriestrasse 26<br \/>\n26188 Edewecht<br \/>\nT\u00e9l\u00e9phone : +49 4405 \u2013 23837-0<br \/>\nT\u00e9l\u00e9copie : +49 4405 \u2013 23837-10<br \/>\nCourriel : <a href=\"mailto:info@ces-europe.com\">info@ces-europe.com<\/a><br \/>\nHRB Oldenburg 211233<br \/>\nN\u00b0 de TVA intrac. : DE 307684863<br \/>\nPr\u00e9sident : Marcel N\u00f6lle et Leonard Nolte<\/p>\n","protected":false},"excerpt":{"rendered":"<p>C.E. Schneckenfl\u00fcgel GmbH Industriestrasse 26 26188 Edewecht T\u00e9l\u00e9phone : +49 4405 \u2013 23837-0 T\u00e9l\u00e9copie : +49 4405 \u2013 23837-10 Courriel\u2026<\/p>\n","protected":false},"author":1,"featured_media":0,"parent":0,"menu_order":0,"comment_status":"closed","ping_status":"closed","template":"","meta":{"_acf_changed":false,"footnotes":""},"class_list":["post-26","page","type-page","status-publish","hentry"],"acf":[],"yoast_head":"<!-- This site is optimized with the Yoast SEO plugin v26.6 - https:\/\/yoast.com\/wordpress\/plugins\/seo\/ -->\n<title>Mentions l\u00e9gales - C.E. Schneckenfl\u00fcgel GmbH<\/title>\n<meta name=\"robots\" content=\"index, follow, max-snippet:-1, max-image-preview:large, max-video-preview:-1\" \/>\n<link rel=\"canonical\" href=\"https:\/\/schneckenfluegel.de\/fr\/impressum\/\" \/>\n<meta property=\"og:locale\" content=\"fr_FR\" \/>\n<meta property=\"og:type\" content=\"article\" \/>\n<meta property=\"og:title\" content=\"Mentions l\u00e9gales - C.E. Schneckenfl\u00fcgel GmbH\" \/>\n<meta property=\"og:description\" content=\"C.E. Schneckenfl\u00fcgel GmbH Industriestrasse 26 26188 Edewecht T\u00e9l\u00e9phone : +49 4405 \u2013 23837-0 T\u00e9l\u00e9copie : +49 4405 \u2013 23837-10 Courriel\u2026\" \/>\n<meta property=\"og:url\" content=\"https:\/\/schneckenfluegel.de\/fr\/impressum\/\" \/>\n<meta property=\"og:site_name\" content=\"C.E. Schneckenfl\u00fcgel GmbH\" \/>\n<meta property=\"article:modified_time\" content=\"2026-01-11T13:36:11+00:00\" \/>\n<meta name=\"twitter:card\" content=\"summary_large_image\" \/>\n<meta name=\"twitter:label1\" content=\"Dur\u00e9e de lecture estim\u00e9e\" \/>\n\t<meta name=\"twitter:data1\" content=\"1 minute\" \/>\n<script type=\"application\/ld+json\" class=\"yoast-schema-graph\">{\"@context\":\"https:\/\/schema.org\",\"@graph\":[{\"@type\":\"WebPage\",\"@id\":\"https:\/\/schneckenfluegel.de\/fr\/impressum\/\",\"url\":\"https:\/\/schneckenfluegel.de\/fr\/impressum\/\",\"name\":\"Mentions l\u00e9gales - C.E. Schneckenfl\u00fcgel GmbH\",\"isPartOf\":{\"@id\":\"https:\/\/schneckenfluegel.de\/fr\/#website\"},\"datePublished\":\"2018-10-15T19:35:09+00:00\",\"dateModified\":\"2026-01-11T13:36:11+00:00\",\"breadcrumb\":{\"@id\":\"https:\/\/schneckenfluegel.de\/fr\/impressum\/#breadcrumb\"},\"inLanguage\":\"fr-FR\",\"potentialAction\":[{\"@type\":\"ReadAction\",\"target\":[\"https:\/\/schneckenfluegel.de\/fr\/impressum\/\"]}]},{\"@type\":\"BreadcrumbList\",\"@id\":\"https:\/\/schneckenfluegel.de\/fr\/impressum\/#breadcrumb\",\"itemListElement\":[{\"@type\":\"ListItem\",\"position\":1,\"name\":\"Startseite\",\"item\":\"https:\/\/schneckenfluegel.de\/fr\/\"},{\"@type\":\"ListItem\",\"position\":2,\"name\":\"Mentions l\u00e9gales\"}]},{\"@type\":\"WebSite\",\"@id\":\"https:\/\/schneckenfluegel.de\/fr\/#website\",\"url\":\"https:\/\/schneckenfluegel.de\/fr\/\",\"name\":\"C.E. Schneckenfl\u00fcgel GmbH\",\"description\":\"\",\"potentialAction\":[{\"@type\":\"SearchAction\",\"target\":{\"@type\":\"EntryPoint\",\"urlTemplate\":\"https:\/\/schneckenfluegel.de\/fr\/?s={search_term_string}\"},\"query-input\":{\"@type\":\"PropertyValueSpecification\",\"valueRequired\":true,\"valueName\":\"search_term_string\"}}],\"inLanguage\":\"fr-FR\"}]}<\/script>\n<!-- \/ Yoast SEO plugin. -->","yoast_head_json":{"title":"Mentions l\u00e9gales - C.E. Schneckenfl\u00fcgel GmbH","robots":{"index":"index","follow":"follow","max-snippet":"max-snippet:-1","max-image-preview":"max-image-preview:large","max-video-preview":"max-video-preview:-1"},"canonical":"https:\/\/schneckenfluegel.de\/fr\/impressum\/","og_locale":"fr_FR","og_type":"article","og_title":"Mentions l\u00e9gales - C.E. Schneckenfl\u00fcgel GmbH","og_description":"C.E. Schneckenfl\u00fcgel GmbH Industriestrasse 26 26188 Edewecht T\u00e9l\u00e9phone : +49 4405 \u2013 23837-0 T\u00e9l\u00e9copie : +49 4405 \u2013 23837-10 Courriel\u2026","og_url":"https:\/\/schneckenfluegel.de\/fr\/impressum\/","og_site_name":"C.E. Schneckenfl\u00fcgel GmbH","article_modified_time":"2026-01-11T13:36:11+00:00","twitter_card":"summary_large_image","twitter_misc":{"Dur\u00e9e de lecture estim\u00e9e":"1 minute"},"schema":{"@context":"https:\/\/schema.org","@graph":[{"@type":"WebPage","@id":"https:\/\/schneckenfluegel.de\/fr\/impressum\/","url":"https:\/\/schneckenfluegel.de\/fr\/impressum\/","name":"Mentions l\u00e9gales - C.E. Schneckenfl\u00fcgel GmbH","isPartOf":{"@id":"https:\/\/schneckenfluegel.de\/fr\/#website"},"datePublished":"2018-10-15T19:35:09+00:00","dateModified":"2026-01-11T13:36:11+00:00","breadcrumb":{"@id":"https:\/\/schneckenfluegel.de\/fr\/impressum\/#breadcrumb"},"inLanguage":"fr-FR","potentialAction":[{"@type":"ReadAction","target":["https:\/\/schneckenfluegel.de\/fr\/impressum\/"]}]},{"@type":"BreadcrumbList","@id":"https:\/\/schneckenfluegel.de\/fr\/impressum\/#breadcrumb","itemListElement":[{"@type":"ListItem","position":1,"name":"Startseite","item":"https:\/\/schneckenfluegel.de\/fr\/"},{"@type":"ListItem","position":2,"name":"Mentions l\u00e9gales"}]},{"@type":"WebSite","@id":"https:\/\/schneckenfluegel.de\/fr\/#website","url":"https:\/\/schneckenfluegel.de\/fr\/","name":"C.E. Schneckenfl\u00fcgel GmbH","description":"","potentialAction":[{"@type":"SearchAction","target":{"@type":"EntryPoint","urlTemplate":"https:\/\/schneckenfluegel.de\/fr\/?s={search_term_string}"},"query-input":{"@type":"PropertyValueSpecification","valueRequired":true,"valueName":"search_term_string"}}],"inLanguage":"fr-FR"}]}},"_links":{"self":[{"href":"https:\/\/schneckenfluegel.de\/fr\/wp-json\/wp\/v2\/pages\/26","targetHints":{"allow":["GET"]}}],"collection":[{"href":"https:\/\/schneckenfluegel.de\/fr\/wp-json\/wp\/v2\/pages"}],"about":[{"href":"https:\/\/schneckenfluegel.de\/fr\/wp-json\/wp\/v2\/types\/page"}],"author":[{"embeddable":true,"href":"https:\/\/schneckenfluegel.de\/fr\/wp-json\/wp\/v2\/users\/1"}],"replies":[{"embeddable":true,"href":"https:\/\/schneckenfluegel.de\/fr\/wp-json\/wp\/v2\/comments?post=26"}],"version-history":[{"count":6,"href":"https:\/\/schneckenfluegel.de\/fr\/wp-json\/wp\/v2\/pages\/26\/revisions"}],"predecessor-version":[{"id":1267,"href":"https:\/\/schneckenfluegel.de\/fr\/wp-json\/wp\/v2\/pages\/26\/revisions\/1267"}],"wp:attachment":[{"href":"https:\/\/schneckenfluegel.de\/fr\/wp-json\/wp\/v2\/media?parent=26"}],"curies":[{"name":"wp","href":"https:\/\/api.w.org\/{rel}","templated":true}]}}