{"id":1086,"date":"2022-07-23T13:25:56","date_gmt":"2022-07-23T11:25:56","guid":{"rendered":"https:\/\/schneckenfluegel.de\/fr\/?page_id=1086"},"modified":"2022-08-24T18:11:48","modified_gmt":"2022-08-24T16:11:48","slug":"newsletter-anmeldung","status":"publish","type":"page","link":"https:\/\/schneckenfluegel.de\/fr\/newsletter-anmeldung\/","title":{"rendered":"Inscription \u00e0 la newsletter"},"content":{"rendered":"<p>Soyez toujours bien inform\u00e9s par le leader du march\u00e9 ! Gr\u00e2ce \u00e0 notre newsletter, vous recevez au maximum une fois par mois des informations pertinentes sur le secteur et notre entreprise.<\/p>\n<p>En tant que leader allemand du march\u00e9 des pales de vis, nous vous tenons au courant des d\u00e9veloppements actuels sur le march\u00e9 ainsi que de toutes les nouveaut\u00e9s de notre production et de notre entreprise.<\/p>\n<h3>Formulaire d\u2019inscription :<\/h3>\n<p>Inscription \u00e0 la newsletter<\/p>\n<p>Nous sommes ravis de votre int\u00e9r\u00eat pour les pales de vis de grande qualit\u00e9. Si un jour vous n\u2019\u00e9tiez plus int\u00e9ress\u00e9 par notre newsletter, vous avez dans chaque newsletter une possibilit\u00e9 simple de vous d\u00e9sabonner en deux clics.<\/p>\n<div class=\"haet-cleverreach\">\n\t        <form method=\"post\" class=\"haet-cleverreach-form\">\n            <input type=\"hidden\" name=\"haet-cleverreach-is-widget\" value=\"0\">\n            <input type=\"hidden\" name=\"haet-cleverreach-form-id\" value=\"334558\">\n            <input type=\"hidden\" name=\"haet-cleverreach-list-id\" value=\"694699\">\n\t\t\t                    <div class=\"haet-cleverreach-field-wrap label-left type-email \">\n\t\t\t\t\t\t\t\t\t\t\t\t\t                                <label for=\"haet-cleverreach-cleverreach_email\">\n\t\t\t\t\t\t\t\t\tE-Mail                                <\/label>\n\t\t\t\t\t\t\t\t\t\t\t\t\t\t                                <input type=\"email\"\n                                       id=\"haet-cleverreach-cleverreach_email\"\n                                       name=\"haet-cleverreach-cleverreach_email\"\n                                       value=\"\"\n\t\t\t\t\t\t\t\t\t\t\t\t\t\t\t\t\t\t required                                 >\n\t\t\t\t\t\t\t\n\t\t\t\t\t\t\t\t\t\t\t\t\t                    <\/div>\n\t\t\t\t                    <div class=\"haet-cleverreach-field-wrap label-left type-submit \">\n\t\t\t\t\t\t                            <button type=\"submit\" class=\"button\" id=\"haet-cleverreach-submit\">\n\t\t\t\t\t\t\t\tAnmelden                            <\/button>\n\t\t\t\t\t\t                    <\/div>\n\t\t\t\t        <\/form>\n\t\t<\/div>\n\n","protected":false},"excerpt":{"rendered":"<p>Soyez toujours bien inform\u00e9s par le leader du march\u00e9 ! Gr\u00e2ce \u00e0 notre newsletter, vous recevez au maximum une fois\u2026<\/p>\n","protected":false},"author":1,"featured_media":0,"parent":0,"menu_order":0,"comment_status":"closed","ping_status":"closed","template":"page-newsletter.php","meta":{"_acf_changed":false,"footnotes":""},"class_list":["post-1086","page","type-page","status-publish","hentry"],"acf":[],"yoast_head":"<!-- This site is optimized with the Yoast SEO plugin v26.6 - https:\/\/yoast.com\/wordpress\/plugins\/seo\/ -->\n<title>Inscription \u00e0 la newsletter - C.E. Schneckenfl\u00fcgel GmbH<\/title>\n<meta name=\"robots\" content=\"index, follow, max-snippet:-1, max-image-preview:large, max-video-preview:-1\" \/>\n<link rel=\"canonical\" href=\"https:\/\/schneckenfluegel.de\/fr\/newsletter-anmeldung\/\" \/>\n<meta property=\"og:locale\" content=\"fr_FR\" \/>\n<meta property=\"og:type\" content=\"article\" \/>\n<meta property=\"og:title\" content=\"Inscription \u00e0 la newsletter - C.E. Schneckenfl\u00fcgel GmbH\" \/>\n<meta property=\"og:description\" content=\"Soyez toujours bien inform\u00e9s par le leader du march\u00e9 ! Gr\u00e2ce \u00e0 notre newsletter, vous recevez au maximum une fois\u2026\" \/>\n<meta property=\"og:url\" content=\"https:\/\/schneckenfluegel.de\/fr\/newsletter-anmeldung\/\" \/>\n<meta property=\"og:site_name\" content=\"C.E. Schneckenfl\u00fcgel GmbH\" \/>\n<meta property=\"article:modified_time\" content=\"2022-08-24T16:11:48+00:00\" \/>\n<meta name=\"twitter:card\" content=\"summary_large_image\" \/>\n<meta name=\"twitter:label1\" content=\"Dur\u00e9e de lecture estim\u00e9e\" \/>\n\t<meta name=\"twitter:data1\" content=\"1 minute\" \/>\n<script type=\"application\/ld+json\" class=\"yoast-schema-graph\">{\"@context\":\"https:\/\/schema.org\",\"@graph\":[{\"@type\":\"WebPage\",\"@id\":\"https:\/\/schneckenfluegel.de\/fr\/newsletter-anmeldung\/\",\"url\":\"https:\/\/schneckenfluegel.de\/fr\/newsletter-anmeldung\/\",\"name\":\"Inscription \u00e0 la newsletter - C.E. Schneckenfl\u00fcgel GmbH\",\"isPartOf\":{\"@id\":\"https:\/\/schneckenfluegel.de\/fr\/#website\"},\"datePublished\":\"2022-07-23T11:25:56+00:00\",\"dateModified\":\"2022-08-24T16:11:48+00:00\",\"breadcrumb\":{\"@id\":\"https:\/\/schneckenfluegel.de\/fr\/newsletter-anmeldung\/#breadcrumb\"},\"inLanguage\":\"fr-FR\",\"potentialAction\":[{\"@type\":\"ReadAction\",\"target\":[\"https:\/\/schneckenfluegel.de\/fr\/newsletter-anmeldung\/\"]}]},{\"@type\":\"BreadcrumbList\",\"@id\":\"https:\/\/schneckenfluegel.de\/fr\/newsletter-anmeldung\/#breadcrumb\",\"itemListElement\":[{\"@type\":\"ListItem\",\"position\":1,\"name\":\"Startseite\",\"item\":\"https:\/\/schneckenfluegel.de\/fr\/\"},{\"@type\":\"ListItem\",\"position\":2,\"name\":\"Inscription \u00e0 la newsletter\"}]},{\"@type\":\"WebSite\",\"@id\":\"https:\/\/schneckenfluegel.de\/fr\/#website\",\"url\":\"https:\/\/schneckenfluegel.de\/fr\/\",\"name\":\"C.E. Schneckenfl\u00fcgel GmbH\",\"description\":\"\",\"potentialAction\":[{\"@type\":\"SearchAction\",\"target\":{\"@type\":\"EntryPoint\",\"urlTemplate\":\"https:\/\/schneckenfluegel.de\/fr\/?s={search_term_string}\"},\"query-input\":{\"@type\":\"PropertyValueSpecification\",\"valueRequired\":true,\"valueName\":\"search_term_string\"}}],\"inLanguage\":\"fr-FR\"}]}<\/script>\n<!-- \/ Yoast SEO plugin. -->","yoast_head_json":{"title":"Inscription \u00e0 la newsletter - C.E. Schneckenfl\u00fcgel GmbH","robots":{"index":"index","follow":"follow","max-snippet":"max-snippet:-1","max-image-preview":"max-image-preview:large","max-video-preview":"max-video-preview:-1"},"canonical":"https:\/\/schneckenfluegel.de\/fr\/newsletter-anmeldung\/","og_locale":"fr_FR","og_type":"article","og_title":"Inscription \u00e0 la newsletter - C.E. Schneckenfl\u00fcgel GmbH","og_description":"Soyez toujours bien inform\u00e9s par le leader du march\u00e9 ! Gr\u00e2ce \u00e0 notre newsletter, vous recevez au maximum une fois\u2026","og_url":"https:\/\/schneckenfluegel.de\/fr\/newsletter-anmeldung\/","og_site_name":"C.E. Schneckenfl\u00fcgel GmbH","article_modified_time":"2022-08-24T16:11:48+00:00","twitter_card":"summary_large_image","twitter_misc":{"Dur\u00e9e de lecture estim\u00e9e":"1 minute"},"schema":{"@context":"https:\/\/schema.org","@graph":[{"@type":"WebPage","@id":"https:\/\/schneckenfluegel.de\/fr\/newsletter-anmeldung\/","url":"https:\/\/schneckenfluegel.de\/fr\/newsletter-anmeldung\/","name":"Inscription \u00e0 la newsletter - C.E. Schneckenfl\u00fcgel GmbH","isPartOf":{"@id":"https:\/\/schneckenfluegel.de\/fr\/#website"},"datePublished":"2022-07-23T11:25:56+00:00","dateModified":"2022-08-24T16:11:48+00:00","breadcrumb":{"@id":"https:\/\/schneckenfluegel.de\/fr\/newsletter-anmeldung\/#breadcrumb"},"inLanguage":"fr-FR","potentialAction":[{"@type":"ReadAction","target":["https:\/\/schneckenfluegel.de\/fr\/newsletter-anmeldung\/"]}]},{"@type":"BreadcrumbList","@id":"https:\/\/schneckenfluegel.de\/fr\/newsletter-anmeldung\/#breadcrumb","itemListElement":[{"@type":"ListItem","position":1,"name":"Startseite","item":"https:\/\/schneckenfluegel.de\/fr\/"},{"@type":"ListItem","position":2,"name":"Inscription \u00e0 la newsletter"}]},{"@type":"WebSite","@id":"https:\/\/schneckenfluegel.de\/fr\/#website","url":"https:\/\/schneckenfluegel.de\/fr\/","name":"C.E. Schneckenfl\u00fcgel GmbH","description":"","potentialAction":[{"@type":"SearchAction","target":{"@type":"EntryPoint","urlTemplate":"https:\/\/schneckenfluegel.de\/fr\/?s={search_term_string}"},"query-input":{"@type":"PropertyValueSpecification","valueRequired":true,"valueName":"search_term_string"}}],"inLanguage":"fr-FR"}]}},"_links":{"self":[{"href":"https:\/\/schneckenfluegel.de\/fr\/wp-json\/wp\/v2\/pages\/1086","targetHints":{"allow":["GET"]}}],"collection":[{"href":"https:\/\/schneckenfluegel.de\/fr\/wp-json\/wp\/v2\/pages"}],"about":[{"href":"https:\/\/schneckenfluegel.de\/fr\/wp-json\/wp\/v2\/types\/page"}],"author":[{"embeddable":true,"href":"https:\/\/schneckenfluegel.de\/fr\/wp-json\/wp\/v2\/users\/1"}],"replies":[{"embeddable":true,"href":"https:\/\/schneckenfluegel.de\/fr\/wp-json\/wp\/v2\/comments?post=1086"}],"version-history":[{"count":4,"href":"https:\/\/schneckenfluegel.de\/fr\/wp-json\/wp\/v2\/pages\/1086\/revisions"}],"predecessor-version":[{"id":1117,"href":"https:\/\/schneckenfluegel.de\/fr\/wp-json\/wp\/v2\/pages\/1086\/revisions\/1117"}],"wp:attachment":[{"href":"https:\/\/schneckenfluegel.de\/fr\/wp-json\/wp\/v2\/media?parent=1086"}],"curies":[{"name":"wp","href":"https:\/\/api.w.org\/{rel}","templated":true}]}}