{"id":788,"date":"2022-07-23T14:33:42","date_gmt":"2022-07-23T12:33:42","guid":{"rendered":"https:\/\/schneckenfluegel.de\/dk\/?page_id=788"},"modified":"2022-08-24T18:30:07","modified_gmt":"2022-08-24T16:30:07","slug":"newsletter-anmeldung","status":"publish","type":"page","link":"https:\/\/schneckenfluegel.de\/dk\/newsletter-anmeldung\/","title":{"rendered":"Registrering til nyhedsbrev"},"content":{"rendered":"<p>Altid velinformeret af den f\u00f8rende p\u00e5 markedet! Med vores nyhedsbrev f\u00e5r du maksimalt \u00e9n gang om m\u00e5neden relevante oplysninger fra branchen og vores firma.<\/p>\n<p>Som den f\u00f8rende p\u00e5 markedet for sneglevindinger i Tyskland holder vi dig orienteret om den aktuelle udvikling p\u00e5 markedet og om alle nyheder fra vores produktion og firma.<\/p>\n<h3>Registreringsformular:<\/h3>\n<p>Registrering til nyhedsbrev<\/p>\n<p>Vi er glade for din interesse i f\u00f8rsteklasses sneglevindinger. Hvis vores nyhedsbrev ikke l\u00e6ngere har interesse for dig, kan du let framelde dig igen med to klik.<\/p>\n<div class=\"haet-cleverreach\">\n\t        <form method=\"post\" class=\"haet-cleverreach-form\">\n            <input type=\"hidden\" name=\"haet-cleverreach-is-widget\" value=\"0\">\n            <input type=\"hidden\" name=\"haet-cleverreach-form-id\" value=\"334562\">\n            <input type=\"hidden\" name=\"haet-cleverreach-list-id\" value=\"694705\">\n\t\t\t                    <div class=\"haet-cleverreach-field-wrap label-left type-email \">\n\t\t\t\t\t\t\t\t\t\t\t\t\t                                <label for=\"haet-cleverreach-cleverreach_email\">\n\t\t\t\t\t\t\t\t\tE-Mail                                <\/label>\n\t\t\t\t\t\t\t\t\t\t\t\t\t\t                                <input type=\"email\"\n                                       id=\"haet-cleverreach-cleverreach_email\"\n                                       name=\"haet-cleverreach-cleverreach_email\"\n                                       value=\"\"\n\t\t\t\t\t\t\t\t\t\t\t\t\t\t\t\t\t\t required                                 >\n\t\t\t\t\t\t\t\n\t\t\t\t\t\t\t\t\t\t\t\t\t                    <\/div>\n\t\t\t\t                    <div class=\"haet-cleverreach-field-wrap label-left type-submit \">\n\t\t\t\t\t\t                            <button type=\"submit\" class=\"button\" id=\"haet-cleverreach-submit\">\n\t\t\t\t\t\t\t\tAnmelden                            <\/button>\n\t\t\t\t\t\t                    <\/div>\n\t\t\t\t        <\/form>\n\t\t<\/div>\n\n","protected":false},"excerpt":{"rendered":"<p>Altid velinformeret af den f\u00f8rende p\u00e5 markedet! Med vores nyhedsbrev f\u00e5r du maksimalt \u00e9n gang om m\u00e5neden relevante oplysninger fra&hellip;<\/p>\n","protected":false},"author":1,"featured_media":0,"parent":0,"menu_order":0,"comment_status":"closed","ping_status":"closed","template":"page-newsletter.php","meta":{"_acf_changed":false,"footnotes":""},"class_list":["post-788","page","type-page","status-publish","hentry"],"acf":[],"yoast_head":"<!-- This site is optimized with the Yoast SEO plugin v26.6 - https:\/\/yoast.com\/wordpress\/plugins\/seo\/ -->\n<title>Registrering til nyhedsbrev - C.E. Schneckenfl\u00fcgel GmbH<\/title>\n<meta name=\"robots\" content=\"index, follow, max-snippet:-1, max-image-preview:large, max-video-preview:-1\" \/>\n<link rel=\"canonical\" href=\"https:\/\/schneckenfluegel.de\/dk\/newsletter-anmeldung\/\" \/>\n<meta property=\"og:locale\" content=\"da_DK\" \/>\n<meta property=\"og:type\" content=\"article\" \/>\n<meta property=\"og:title\" content=\"Registrering til nyhedsbrev - C.E. Schneckenfl\u00fcgel GmbH\" \/>\n<meta property=\"og:description\" content=\"Altid velinformeret af den f\u00f8rende p\u00e5 markedet! Med vores nyhedsbrev f\u00e5r du maksimalt \u00e9n gang om m\u00e5neden relevante oplysninger fra&hellip;\" \/>\n<meta property=\"og:url\" content=\"https:\/\/schneckenfluegel.de\/dk\/newsletter-anmeldung\/\" \/>\n<meta property=\"og:site_name\" content=\"C.E. Schneckenfl\u00fcgel GmbH\" \/>\n<meta property=\"article:modified_time\" content=\"2022-08-24T16:30:07+00:00\" \/>\n<meta name=\"twitter:card\" content=\"summary_large_image\" \/>\n<meta name=\"twitter:label1\" content=\"Estimeret l\u00e6setid\" \/>\n\t<meta name=\"twitter:data1\" content=\"1 minut\" \/>\n<script type=\"application\/ld+json\" class=\"yoast-schema-graph\">{\"@context\":\"https:\/\/schema.org\",\"@graph\":[{\"@type\":\"WebPage\",\"@id\":\"https:\/\/schneckenfluegel.de\/dk\/newsletter-anmeldung\/\",\"url\":\"https:\/\/schneckenfluegel.de\/dk\/newsletter-anmeldung\/\",\"name\":\"Registrering til nyhedsbrev - C.E. Schneckenfl\u00fcgel GmbH\",\"isPartOf\":{\"@id\":\"https:\/\/schneckenfluegel.de\/dk\/#website\"},\"datePublished\":\"2022-07-23T12:33:42+00:00\",\"dateModified\":\"2022-08-24T16:30:07+00:00\",\"breadcrumb\":{\"@id\":\"https:\/\/schneckenfluegel.de\/dk\/newsletter-anmeldung\/#breadcrumb\"},\"inLanguage\":\"da-DK\",\"potentialAction\":[{\"@type\":\"ReadAction\",\"target\":[\"https:\/\/schneckenfluegel.de\/dk\/newsletter-anmeldung\/\"]}]},{\"@type\":\"BreadcrumbList\",\"@id\":\"https:\/\/schneckenfluegel.de\/dk\/newsletter-anmeldung\/#breadcrumb\",\"itemListElement\":[{\"@type\":\"ListItem\",\"position\":1,\"name\":\"Startseite\",\"item\":\"https:\/\/schneckenfluegel.de\/dk\/\"},{\"@type\":\"ListItem\",\"position\":2,\"name\":\"Registrering til nyhedsbrev\"}]},{\"@type\":\"WebSite\",\"@id\":\"https:\/\/schneckenfluegel.de\/dk\/#website\",\"url\":\"https:\/\/schneckenfluegel.de\/dk\/\",\"name\":\"C.E. Schneckenfl\u00fcgel GmbH\",\"description\":\"\",\"potentialAction\":[{\"@type\":\"SearchAction\",\"target\":{\"@type\":\"EntryPoint\",\"urlTemplate\":\"https:\/\/schneckenfluegel.de\/dk\/?s={search_term_string}\"},\"query-input\":{\"@type\":\"PropertyValueSpecification\",\"valueRequired\":true,\"valueName\":\"search_term_string\"}}],\"inLanguage\":\"da-DK\"}]}<\/script>\n<!-- \/ Yoast SEO plugin. -->","yoast_head_json":{"title":"Registrering til nyhedsbrev - C.E. Schneckenfl\u00fcgel GmbH","robots":{"index":"index","follow":"follow","max-snippet":"max-snippet:-1","max-image-preview":"max-image-preview:large","max-video-preview":"max-video-preview:-1"},"canonical":"https:\/\/schneckenfluegel.de\/dk\/newsletter-anmeldung\/","og_locale":"da_DK","og_type":"article","og_title":"Registrering til nyhedsbrev - C.E. Schneckenfl\u00fcgel GmbH","og_description":"Altid velinformeret af den f\u00f8rende p\u00e5 markedet! Med vores nyhedsbrev f\u00e5r du maksimalt \u00e9n gang om m\u00e5neden relevante oplysninger fra&hellip;","og_url":"https:\/\/schneckenfluegel.de\/dk\/newsletter-anmeldung\/","og_site_name":"C.E. Schneckenfl\u00fcgel GmbH","article_modified_time":"2022-08-24T16:30:07+00:00","twitter_card":"summary_large_image","twitter_misc":{"Estimeret l\u00e6setid":"1 minut"},"schema":{"@context":"https:\/\/schema.org","@graph":[{"@type":"WebPage","@id":"https:\/\/schneckenfluegel.de\/dk\/newsletter-anmeldung\/","url":"https:\/\/schneckenfluegel.de\/dk\/newsletter-anmeldung\/","name":"Registrering til nyhedsbrev - C.E. Schneckenfl\u00fcgel GmbH","isPartOf":{"@id":"https:\/\/schneckenfluegel.de\/dk\/#website"},"datePublished":"2022-07-23T12:33:42+00:00","dateModified":"2022-08-24T16:30:07+00:00","breadcrumb":{"@id":"https:\/\/schneckenfluegel.de\/dk\/newsletter-anmeldung\/#breadcrumb"},"inLanguage":"da-DK","potentialAction":[{"@type":"ReadAction","target":["https:\/\/schneckenfluegel.de\/dk\/newsletter-anmeldung\/"]}]},{"@type":"BreadcrumbList","@id":"https:\/\/schneckenfluegel.de\/dk\/newsletter-anmeldung\/#breadcrumb","itemListElement":[{"@type":"ListItem","position":1,"name":"Startseite","item":"https:\/\/schneckenfluegel.de\/dk\/"},{"@type":"ListItem","position":2,"name":"Registrering til nyhedsbrev"}]},{"@type":"WebSite","@id":"https:\/\/schneckenfluegel.de\/dk\/#website","url":"https:\/\/schneckenfluegel.de\/dk\/","name":"C.E. Schneckenfl\u00fcgel GmbH","description":"","potentialAction":[{"@type":"SearchAction","target":{"@type":"EntryPoint","urlTemplate":"https:\/\/schneckenfluegel.de\/dk\/?s={search_term_string}"},"query-input":{"@type":"PropertyValueSpecification","valueRequired":true,"valueName":"search_term_string"}}],"inLanguage":"da-DK"}]}},"_links":{"self":[{"href":"https:\/\/schneckenfluegel.de\/dk\/wp-json\/wp\/v2\/pages\/788","targetHints":{"allow":["GET"]}}],"collection":[{"href":"https:\/\/schneckenfluegel.de\/dk\/wp-json\/wp\/v2\/pages"}],"about":[{"href":"https:\/\/schneckenfluegel.de\/dk\/wp-json\/wp\/v2\/types\/page"}],"author":[{"embeddable":true,"href":"https:\/\/schneckenfluegel.de\/dk\/wp-json\/wp\/v2\/users\/1"}],"replies":[{"embeddable":true,"href":"https:\/\/schneckenfluegel.de\/dk\/wp-json\/wp\/v2\/comments?post=788"}],"version-history":[{"count":5,"href":"https:\/\/schneckenfluegel.de\/dk\/wp-json\/wp\/v2\/pages\/788\/revisions"}],"predecessor-version":[{"id":823,"href":"https:\/\/schneckenfluegel.de\/dk\/wp-json\/wp\/v2\/pages\/788\/revisions\/823"}],"wp:attachment":[{"href":"https:\/\/schneckenfluegel.de\/dk\/wp-json\/wp\/v2\/media?parent=788"}],"curies":[{"name":"wp","href":"https:\/\/api.w.org\/{rel}","templated":true}]}}