{"id":864,"date":"2019-06-04T23:31:05","date_gmt":"2019-06-04T21:31:05","guid":{"rendered":"https:\/\/schneckenfluegel.de\/de\/?page_id=864"},"modified":"2022-08-24T17:18:56","modified_gmt":"2022-08-24T15:18:56","slug":"newsletter","status":"publish","type":"page","link":"https:\/\/schneckenfluegel.de\/de\/newsletter\/","title":{"rendered":"Anmeldung zum Newsletter"},"content":{"rendered":"<p>Wir freuen uns \u00fcber Ihr Interesse an hochwertigen Schneckenfl\u00fcgeln. Als Marktf\u00fchrer f\u00fcr Schneckenfl\u00fcgel in Deutschland halten wir Sie \u00fcber aktuelle Entwicklungen am Markt und alle Neuheiten unserer Produktion und unseres Unternehmens auf dem Laufenden.<\/p>\n<p>Sollte unser Newsletter f\u00fcr Sie einmal doch nicht mehr von Interesse sein, haben Sie in jedem Newsletter unkompliziert die M\u00f6glichkeit, sich mit zwei Klicks abzumelden.<\/p>\n<div class=\"haet-cleverreach\">\n\t        <form method=\"post\" class=\"haet-cleverreach-form\">\n            <input type=\"hidden\" name=\"haet-cleverreach-is-widget\" value=\"0\">\n            <input type=\"hidden\" name=\"haet-cleverreach-form-id\" value=\"222986\">\n            <input type=\"hidden\" name=\"haet-cleverreach-list-id\" value=\"596254\">\n\t\t\t                    <div class=\"haet-cleverreach-field-wrap label-left type-email \">\n\t\t\t\t\t\t\t\t\t\t\t\t\t                                <label for=\"haet-cleverreach-cleverreach_email\">\n\t\t\t\t\t\t\t\t\tE-Mail                                <\/label>\n\t\t\t\t\t\t\t\t\t\t\t\t\t\t                                <input type=\"email\"\n                                       id=\"haet-cleverreach-cleverreach_email\"\n                                       name=\"haet-cleverreach-cleverreach_email\"\n                                       value=\"\"\n\t\t\t\t\t\t\t\t\t\t\t\t\t\t\t\t\t\t required                                 >\n\t\t\t\t\t\t\t\n\t\t\t\t\t\t\t\t\t\t\t\t\t                    <\/div>\n\t\t\t\t                    <div class=\"haet-cleverreach-field-wrap label-left type-submit \">\n\t\t\t\t\t\t                            <button type=\"submit\" class=\"button\" id=\"haet-cleverreach-submit\">\n\t\t\t\t\t\t\t\tAnmelden                            <\/button>\n\t\t\t\t\t\t                    <\/div>\n\t\t\t\t        <\/form>\n\t\t<\/div>\n\n<p>&nbsp;<\/p>\n","protected":false},"excerpt":{"rendered":"<p>Wir freuen uns \u00fcber Ihr Interesse an hochwertigen Schneckenfl\u00fcgeln. Als Marktf\u00fchrer f\u00fcr Schneckenfl\u00fcgel in Deutschland halten wir Sie \u00fcber aktuelle&hellip;<\/p>\n","protected":false},"author":1,"featured_media":0,"parent":0,"menu_order":0,"comment_status":"closed","ping_status":"closed","template":"page-newsletter.php","meta":{"_acf_changed":false,"footnotes":""},"class_list":["post-864","page","type-page","status-publish","hentry"],"acf":[],"yoast_head":"<!-- This site is optimized with the Yoast SEO plugin v26.6 - https:\/\/yoast.com\/wordpress\/plugins\/seo\/ -->\n<title>Anmeldung zum Newsletter - C.E. Schneckenfl\u00fcgel GmbH<\/title>\n<meta name=\"robots\" content=\"index, follow, max-snippet:-1, max-image-preview:large, max-video-preview:-1\" \/>\n<link rel=\"canonical\" href=\"https:\/\/schneckenfluegel.de\/de\/newsletter\/\" \/>\n<meta property=\"og:locale\" content=\"de_DE\" \/>\n<meta property=\"og:type\" content=\"article\" \/>\n<meta property=\"og:title\" content=\"Anmeldung zum Newsletter - C.E. Schneckenfl\u00fcgel GmbH\" \/>\n<meta property=\"og:description\" content=\"Wir freuen uns \u00fcber Ihr Interesse an hochwertigen Schneckenfl\u00fcgeln. Als Marktf\u00fchrer f\u00fcr Schneckenfl\u00fcgel in Deutschland halten wir Sie \u00fcber aktuelle&hellip;\" \/>\n<meta property=\"og:url\" content=\"https:\/\/schneckenfluegel.de\/de\/newsletter\/\" \/>\n<meta property=\"og:site_name\" content=\"C.E. Schneckenfl\u00fcgel GmbH\" \/>\n<meta property=\"article:modified_time\" content=\"2022-08-24T15:18:56+00:00\" \/>\n<meta name=\"twitter:card\" content=\"summary_large_image\" \/>\n<meta name=\"twitter:label1\" content=\"Gesch\u00e4tzte Lesezeit\" \/>\n\t<meta name=\"twitter:data1\" content=\"1\u00a0Minute\" \/>\n<script type=\"application\/ld+json\" class=\"yoast-schema-graph\">{\"@context\":\"https:\/\/schema.org\",\"@graph\":[{\"@type\":\"WebPage\",\"@id\":\"https:\/\/schneckenfluegel.de\/de\/newsletter\/\",\"url\":\"https:\/\/schneckenfluegel.de\/de\/newsletter\/\",\"name\":\"Anmeldung zum Newsletter - C.E. Schneckenfl\u00fcgel GmbH\",\"isPartOf\":{\"@id\":\"https:\/\/schneckenfluegel.de\/de\/#website\"},\"datePublished\":\"2019-06-04T21:31:05+00:00\",\"dateModified\":\"2022-08-24T15:18:56+00:00\",\"breadcrumb\":{\"@id\":\"https:\/\/schneckenfluegel.de\/de\/newsletter\/#breadcrumb\"},\"inLanguage\":\"de\",\"potentialAction\":[{\"@type\":\"ReadAction\",\"target\":[\"https:\/\/schneckenfluegel.de\/de\/newsletter\/\"]}]},{\"@type\":\"BreadcrumbList\",\"@id\":\"https:\/\/schneckenfluegel.de\/de\/newsletter\/#breadcrumb\",\"itemListElement\":[{\"@type\":\"ListItem\",\"position\":1,\"name\":\"Startseite\",\"item\":\"https:\/\/schneckenfluegel.de\/de\/\"},{\"@type\":\"ListItem\",\"position\":2,\"name\":\"Anmeldung zum Newsletter\"}]},{\"@type\":\"WebSite\",\"@id\":\"https:\/\/schneckenfluegel.de\/de\/#website\",\"url\":\"https:\/\/schneckenfluegel.de\/de\/\",\"name\":\"C.E. Schneckenfl\u00fcgel GmbH\",\"description\":\"Schneckenfl\u00fcgel vom Hersteller\",\"potentialAction\":[{\"@type\":\"SearchAction\",\"target\":{\"@type\":\"EntryPoint\",\"urlTemplate\":\"https:\/\/schneckenfluegel.de\/de\/?s={search_term_string}\"},\"query-input\":{\"@type\":\"PropertyValueSpecification\",\"valueRequired\":true,\"valueName\":\"search_term_string\"}}],\"inLanguage\":\"de\"}]}<\/script>\n<!-- \/ Yoast SEO plugin. -->","yoast_head_json":{"title":"Anmeldung zum Newsletter - C.E. Schneckenfl\u00fcgel GmbH","robots":{"index":"index","follow":"follow","max-snippet":"max-snippet:-1","max-image-preview":"max-image-preview:large","max-video-preview":"max-video-preview:-1"},"canonical":"https:\/\/schneckenfluegel.de\/de\/newsletter\/","og_locale":"de_DE","og_type":"article","og_title":"Anmeldung zum Newsletter - C.E. Schneckenfl\u00fcgel GmbH","og_description":"Wir freuen uns \u00fcber Ihr Interesse an hochwertigen Schneckenfl\u00fcgeln. Als Marktf\u00fchrer f\u00fcr Schneckenfl\u00fcgel in Deutschland halten wir Sie \u00fcber aktuelle&hellip;","og_url":"https:\/\/schneckenfluegel.de\/de\/newsletter\/","og_site_name":"C.E. Schneckenfl\u00fcgel GmbH","article_modified_time":"2022-08-24T15:18:56+00:00","twitter_card":"summary_large_image","twitter_misc":{"Gesch\u00e4tzte Lesezeit":"1\u00a0Minute"},"schema":{"@context":"https:\/\/schema.org","@graph":[{"@type":"WebPage","@id":"https:\/\/schneckenfluegel.de\/de\/newsletter\/","url":"https:\/\/schneckenfluegel.de\/de\/newsletter\/","name":"Anmeldung zum Newsletter - C.E. Schneckenfl\u00fcgel GmbH","isPartOf":{"@id":"https:\/\/schneckenfluegel.de\/de\/#website"},"datePublished":"2019-06-04T21:31:05+00:00","dateModified":"2022-08-24T15:18:56+00:00","breadcrumb":{"@id":"https:\/\/schneckenfluegel.de\/de\/newsletter\/#breadcrumb"},"inLanguage":"de","potentialAction":[{"@type":"ReadAction","target":["https:\/\/schneckenfluegel.de\/de\/newsletter\/"]}]},{"@type":"BreadcrumbList","@id":"https:\/\/schneckenfluegel.de\/de\/newsletter\/#breadcrumb","itemListElement":[{"@type":"ListItem","position":1,"name":"Startseite","item":"https:\/\/schneckenfluegel.de\/de\/"},{"@type":"ListItem","position":2,"name":"Anmeldung zum Newsletter"}]},{"@type":"WebSite","@id":"https:\/\/schneckenfluegel.de\/de\/#website","url":"https:\/\/schneckenfluegel.de\/de\/","name":"C.E. Schneckenfl\u00fcgel GmbH","description":"Schneckenfl\u00fcgel vom Hersteller","potentialAction":[{"@type":"SearchAction","target":{"@type":"EntryPoint","urlTemplate":"https:\/\/schneckenfluegel.de\/de\/?s={search_term_string}"},"query-input":{"@type":"PropertyValueSpecification","valueRequired":true,"valueName":"search_term_string"}}],"inLanguage":"de"}]}},"_links":{"self":[{"href":"https:\/\/schneckenfluegel.de\/de\/wp-json\/wp\/v2\/pages\/864","targetHints":{"allow":["GET"]}}],"collection":[{"href":"https:\/\/schneckenfluegel.de\/de\/wp-json\/wp\/v2\/pages"}],"about":[{"href":"https:\/\/schneckenfluegel.de\/de\/wp-json\/wp\/v2\/types\/page"}],"author":[{"embeddable":true,"href":"https:\/\/schneckenfluegel.de\/de\/wp-json\/wp\/v2\/users\/1"}],"replies":[{"embeddable":true,"href":"https:\/\/schneckenfluegel.de\/de\/wp-json\/wp\/v2\/comments?post=864"}],"version-history":[{"count":16,"href":"https:\/\/schneckenfluegel.de\/de\/wp-json\/wp\/v2\/pages\/864\/revisions"}],"predecessor-version":[{"id":2769,"href":"https:\/\/schneckenfluegel.de\/de\/wp-json\/wp\/v2\/pages\/864\/revisions\/2769"}],"wp:attachment":[{"href":"https:\/\/schneckenfluegel.de\/de\/wp-json\/wp\/v2\/media?parent=864"}],"curies":[{"name":"wp","href":"https:\/\/api.w.org\/{rel}","templated":true}]}}