{"id":28,"date":"2018-10-15T21:35:29","date_gmt":"2018-10-15T19:35:29","guid":{"rendered":"https:\/\/dev-deuxundmeister.de\/schneckenfluegel\/de\/?page_id=28"},"modified":"2026-01-11T14:41:36","modified_gmt":"2026-01-11T13:41:36","slug":"datenschutz","status":"publish","type":"page","link":"https:\/\/schneckenfluegel.de\/de\/datenschutz\/","title":{"rendered":"Datenschutz"},"content":{"rendered":"<p>Wir m\u00f6chten Sie nachfolgend \u00fcber die Verarbeitung personenbezogener Daten im Rahmen der Nutzung unserer Internetseiten informieren.<\/p>\n<h3>Verantwortlicher<\/h3>\n<p>Verantwortlicher f\u00fcr diese Internetseiten ist die C.E. Schneckenfl\u00fcgel GmbH, Industriestr. 26, 26188 Edewecht. Weitere Angaben zu unserem Unternehmen k\u00f6nnen Sie unserem <a href=\"https:\/\/schneckenfluegel.de\/de\/impressum\/\">Impressum<\/a> entnehmen.<\/p>\n<h3><strong>Allgemeines<\/strong><\/h3>\n<p>Wenn Sie unsere Internetseiten besuchen, werden auch personenbezogene Daten verarbeitet.<\/p>\n<p>Damit die Seiten in Ihrem Browser dargestellt werden k\u00f6nnen, muss die IP-Adresse des von Ihnen verwendeten Endger\u00e4ts verarbeitet werden. Hinzu kommen weitere Informationen \u00fcber den Browser Ihres Endger\u00e4ts.<\/p>\n<p>Wir sind datenschutzrechtlich verpflichtet, auch die Vertraulichkeit und Integrit\u00e4t der mit unseren IT-Systemen verarbeiteten personenbezogenen Daten zu gew\u00e4hrleisten.<\/p>\n<p>F\u00fcr diesen Zweck werden nachfolgende Daten protokolliert:<\/p>\n<ul>\n<li>IP-Adresse des aufrufenden Rechners (f\u00fcr maximal 7 Tage)<\/li>\n<li>Betriebssystem des aufrufenden Rechners<\/li>\n<li>Browser-Version des aufrufenden Rechners<\/li>\n<li>Name der abgerufenen Datei<\/li>\n<li>Datum und Uhrzeit des Abrufs<\/li>\n<li>\u00dcbertragene Datenmenge<\/li>\n<li>Verweisende URL<\/li>\n<\/ul>\n<p>Die IP-Adresse wird nach sp\u00e4testens 7 Tagen von allen Systemen, die im Zusammenhang mit dem Betrieb dieser Internetseiten verwendet werden, gel\u00f6scht. Einen Personenbezug k\u00f6nnen wir aus den verbleibenden Daten dann nicht mehr herstellen. Die Daten werden ferner auch verwendet, um Fehler der Internetseite zu beheben.<br \/>\nRechtsgrundlage f\u00fcr diese Datenverarbeitung ist Art. 6 Abs. 1 lit. f) DSGVO. Unser \u201eInteresse\u201c i.S.d. Art. 6 Abs. 1 lit. f) ist der Betrieb dieser Internetseite die Umsetzung der Schutzziele der Vertraulichkeit, Integrit\u00e4t und Verf\u00fcgbarkeit der Daten.<\/p>\n<h3>Kontaktformular<\/h3>\n<p>Wir bieten auf unserer Internetseite ein Kontaktformular an, \u00fcber das Sie Informationen zu unseren Produkten anfordern oder allgemein Kontakt aufnehmen k\u00f6nnen. Neben den freiwilligen Angaben und Ihrem Nachrichteninhalt verlangen wir die Angabe folgender Informationen von Ihnen:<\/p>\n<ul>\n<li>Name<\/li>\n<li>E-Mail-Adresse<\/li>\n<\/ul>\n<p>Wir ben\u00f6tigen diese Angaben, um Ihre Anfrage zu bearbeiten, Sie korrekt anzusprechen und Ihnen eine Antwort zukommen zu lassen.<\/p>\n<p>Anfragen, die \u00fcber das Kontaktformular unserer Internetseite eingehen, werden in der Regel in unserem CRM-System gespeichert. Das CRM-System wird regelm\u00e4\u00dfig dahingehend \u00fcberpr\u00fcft, ob Daten gel\u00f6scht werden k\u00f6nnen. Sollten Daten im Rahmen einer Kunden- oder Interessentenbeziehung nicht weiter erforderlich sein oder ein entgegenstehendes Interesse des Kunden \u00fcberwiegen, werden wir die betreffenden Daten l\u00f6schen, sofern dem keine gesetzlichen Aufbewahrungspflichten entgegenstehen.<\/p>\n<p>Rechtsgrundlage f\u00fcr diese Datenverarbeitung ist Art. 6 Abs. 1 lit. f) DSGVO. Unser \u201eInteresse\u201c i.S.d. Art. 6 Abs. 1 lit. f) ist die Kommunikation mit Kunden und Interessenten.<\/p>\n<h3>Cookies<\/h3>\n<p>Auf unseren Internetseiten kommen Cookies zum Einsatz. Cookies sind kleine Textinformationen, die \u00fcber Ihren Browser in Ihrem Endger\u00e4t gespeichert werden. Die Cookies sind erforderlich, um bestimmte Funktionen unserer Internetseiten zu erm\u00f6glichen. Wir nutzen dabei Session-Cookies, die unmittelbar nach Beendigung des Besuchs der Internetseiten automatisch von Ihrem Browser gel\u00f6scht werden.<\/p>\n<p>Sie haben die M\u00f6glichkeit, das Setzen von Cookies durch entsprechende Einstellungen in Ihrem Browser zu unterbinden. Wir weisen jedoch darauf hin, dass die Nutzung unserer Internetseiten dann ggf. nur eingeschr\u00e4nkt m\u00f6glich ist. Durch Cookies werden keine Programme oder sonstige Applikationen auf Ihrem Rechner installiert oder gestartet.<br \/>\nRechtsgrundlage f\u00fcr diese Datenverarbeitung ist Art. 6 Abs. 1 lit. f) DSGVO in Verbindung mit \u00a7 15 TMG. Unser \u201eInteresse\u201c i.S.d. Art. 6 Abs. 1 lit. f) ist der Betrieb dieser Internetseiten.<\/p>\n<h3>Zwecke der Verarbeitung personenbezogener Daten<\/h3>\n<p>Die vorgenannten Daten verarbeiten wir f\u00fcr den Betrieb unserer Internetseite und zur Erf\u00fcllung vertraglicher Pflichten gegen\u00fcber unseren Kunden.<\/p>\n<p>Bei Anfragen von Ihnen au\u00dferhalb eines aktiven Kundenverh\u00e4ltnisses verarbeiten wir die Daten f\u00fcr Zwecke des Vertriebs und der Werbung. Sie k\u00f6nnen einer Verwendung Ihrer personenbezogenen Daten f\u00fcr Werbezwecke jederzeit widersprechen.<\/p>\n<p>Freiwillige Angaben<\/p>\n<p>Soweit Sie Daten uns gegen\u00fcber z.B. in Formularen freiwillig angeben und diese f\u00fcr die Erf\u00fcllung unserer vertraglichen Pflichten nicht erforderlich sind, verarbeiten wir diese Daten auf der Basis, dass wir davon ausgehen, dass die Verarbeitung und Verwendung dieser Daten in Ihrem Interesse ist.<\/p>\n<h3>Empf\u00e4nger \/ Weitergabe von Daten<\/h3>\n<p>Daten, die Sie uns gegen\u00fcber angeben, werden grunds\u00e4tzlich nicht an Dritte weitergegeben. Insbesondere werden Ihre Daten nicht an Dritte f\u00fcr deren Werbezwecke weitergegeben.<\/p>\n<p>Wir setzen jedoch ggf. Dienstleister f\u00fcr den Betrieb dieser Internetseiten oder f\u00fcr weitere Produkte von uns ein. Hier kann es vorkommen, dass ein Dienstleister Kenntnis von personenbezogenen Daten erh\u00e4lt. Wir w\u00e4hlen unsere Dienstleister sorgf\u00e4ltig aus \u2013 insbesondere im Hinblick auf Datenschutz und Datensicherheit \u2013 und treffen alle datenschutzrechtlich erforderlichen Ma\u00dfnahmen f\u00fcr eine zul\u00e4ssige Datenverarbeitung.<\/p>\n<h3>Keine Datenverarbeitung au\u00dferhalb der EU<\/h3>\n<p>Die Verarbeitung personenbezogener Daten durch C.E. Schneckenfl\u00fcgel GmbH findet in Drittstaaten nicht statt.<\/p>\n<p>Datenschutzbeauftragter<\/p>\n<p>Unser Datenschutzbeauftragter ist Herr Oliver Dankmeyer , AmNetz EDV Beratung, Vernetzung &amp; Computer Vertriebs GmbH, Im Doorgrund 9, 26160 Bad Zwischenahn. Sie erreichen ihn f\u00fcr alle mit C.E. Schneckenfl\u00fcgel GmbH verbundenen Datenschutzfragen sowie f\u00fcr evtl. Meldungen zu Datenschutzverletzungen unter info@amnetz.com.<\/p>\n<h3>Ihre Rechte als Betroffener<\/h3>\n<p>Sie haben das Recht auf Auskunft \u00fcber die Sie betreffenden personenbezogenen Daten. Sie k\u00f6nnen sich f\u00fcr eine Auskunft jederzeit an unseren Datenschutzbeauftragten oder an uns direkt wenden.<\/p>\n<p>Bei einer Auskunftsanfrage, die nicht schriftlich erfolgt, bitten wir um Verst\u00e4ndnis daf\u00fcr, dass wir dann ggf. Nachweise von Ihnen verlangen, die belegen, dass Sie die Person sind, f\u00fcr die Sie sich ausgeben.<\/p>\n<p>Ferner haben Sie ein Recht auf Berichtigung oder L\u00f6schung oder auf Einschr\u00e4nkung der Verarbeitung, soweit Ihnen dies gesetzlich zusteht.<\/p>\n<p>Ferner haben Sie ein Widerspruchsrecht gegen die Verarbeitung im Rahmen der gesetzlichen Vorgaben. Gleiches gilt f\u00fcr ein Recht auf Daten\u00fcbertragbarkeit.Nehmen Sie gern per E-Mail Kontakt mit uns \u00fcber <a href=\"mailto:info@ces-europe.com\">info@ces-europe.com<\/a> auf!<\/p>\n<h3>Einwilligung<\/h3>\n<p>Sofern wir Ihre personenbezogenen Daten auf Basis einer Einwilligung verarbeiten, haben Sie das Recht, die Einwilligung jederzeit zu widerrufen, ohne dass die Rechtm\u00e4\u00dfigkeit der aufgrund der Einwilligung bis zum Widerruf erfolgten Verarbeitung ber\u00fchrt wird.<\/p>\n<h3>Beschwerderecht bei einer Aufsichtsbeh\u00f6rde<\/h3>\n<p>Sie haben das Recht, sich \u00fcber die Verarbeitung personenbezogener Daten durch uns bei einer Aufsichtsbeh\u00f6rde f\u00fcr den Datenschutz zu beschweren.<\/p>\n<p>Sie k\u00f6nnen dies z.B. bei der f\u00fcr die FIRMA zust\u00e4ndigen Aufsichtsbeh\u00f6rde tun:<\/p>\n<p>Die Landesbeauftragte f\u00fcr den Datenschutz Niedersachsen<br \/>\nPrinzenstra\u00dfe 5<br \/>\n30159 Hannover<br \/>\nInternetseite mit weiteren Kontaktdaten: <a href=\"http:\/\/www.lfd.niedersachsen.de\" target=\"_blank\" rel=\"noopener noreferrer\">http:\/\/www.lfd.niedersachsen.de<\/a><\/p>\n<h3>\u00c4nderung dieser Datenschutzhinweise<\/h3>\n<p>Wir \u00fcberarbeiten diese Datenschutzhinweise bei \u00c4nderungen an dieser Internetseite oder bei sonstigen Anl\u00e4ssen, die dies erforderlich machen. Die jeweils aktuelle Fassung finden Sie stets unter: <a href=\"https:\/\/www.schneckenfluegel.de\/datenschutz\/\">https:\/\/www.schneckenfluegel.de\/datenschutz\/<\/a><\/p>\n<p>Stand: 22.08.2018<\/p>\n<h3>Kinder<\/h3>\n<p>Unser Angebot richtet sich grunds\u00e4tzlich an Erwachsene. Personen unter 16 Jahren d\u00fcrfen ohne Zustimmung der Eltern oder Erziehungsberechtigten keine personenbezogenen Daten an uns \u00fcbermitteln.<\/p>\n<h3>Google Analytics<\/h3>\n<p>Wir setzen auf Grundlage unserer berechtigten Interessen (d.h. Interesse an der Analyse, Optimierung und wirtschaftlichem Betrieb unseres Onlineangebotes im Sinne des Art. 6 Abs. 1 lit. f. DSGVO) Google Analytics, einen Webanalysedienst der Google LLC (\u201eGoogle\u201c) ein. Google verwendet Cookies. Die durch das Cookie erzeugten Informationen \u00fcber Benutzung des Onlineangebotes durch die Nutzer werden in der Regel an einen Server von Google in den USA \u00fcbertragen und dort gespeichert.<\/p>\n<p>Google ist unter dem Privacy-Shield-Abkommen zertifiziert und bietet hierdurch eine Garantie, das europ\u00e4ische Datenschutzrecht einzuhalten (<a href=\"https:\/\/www.privacyshield.gov\/participant?id=a2zt000000001L5AAI&amp;status=Active\">https:\/\/www.privacyshield.gov\/participant?id=a2zt000000001L5AAI&amp;status=Active<\/a>).<\/p>\n<p>Google wird diese Informationen in unserem Auftrag benutzen, um die Nutzung unseres Onlineangebotes durch die Nutzer auszuwerten, um Reports \u00fcber die Aktivit\u00e4ten innerhalb dieses Onlineangebotes zusammenzustellen und um weitere, mit der Nutzung dieses Onlineangebotes und der Internetnutzung verbundene Dienstleistungen, uns gegen\u00fcber zu erbringen. Dabei k\u00f6nnen aus den verarbeiteten Daten pseudonyme Nutzungsprofile der Nutzer erstellt werden.<br \/>\nWir setzen Google Analytics nur mit aktivierter IP-Anonymisierung ein. Das bedeutet, die IP-Adresse der Nutzer wird von Google innerhalb von Mitgliedstaaten der Europ\u00e4ischen Union oder in anderen Vertragsstaaten des Abkommens \u00fcber den Europ\u00e4ischen Wirtschaftsraum gek\u00fcrzt. Nur in Ausnahmef\u00e4llen wird die volle IP-Adresse an einen Server von Google in den USA \u00fcbertragen und dort gek\u00fcrzt.<\/p>\n<p>Die von dem Browser des Nutzers \u00fcbermittelte IP-Adresse wird nicht mit anderen Daten von Google zusammengef\u00fchrt. Die Nutzer k\u00f6nnen die Speicherung der Cookies durch eine entsprechende Einstellung ihrer Browser-Software verhindern; die Nutzer k\u00f6nnen dar\u00fcber hinaus die Erfassung der durch das Cookie erzeugten und auf ihre Nutzung des Onlineangebotes bezogenen Daten an Google sowie die Verarbeitung dieser Daten durch Google verhindern, indem sie das unter folgendem Link verf\u00fcgbare Browser-Plugin herunterladen und installieren: <a href=\"http:\/\/tools.google.com\/dlpage\/gaoptout?hl=de.\">http:\/\/tools.google.com\/dlpage\/gaoptout?hl=de.<\/a><\/p>\n<p>Alternativ zum Browser-Add-on, insbesondere bei Browsern auf mobilen Endger\u00e4ten, k\u00f6nnen Sie die Erfassung durch Google Analytics zudem verhindern, indem Sie auf den folgenden Link\u200b klicken.<br \/>\n<a href=\"javascript:gaOptout()\"><strong>Google Analytics deaktivieren<\/strong><\/a><br \/>\nEs wird ein Opt-out-Cookie gesetzt, das die zuk\u00fcnftige Erfassung Ihrer Daten beim Besuch dieser Website verhindert. Der Opt-out-Cookie gilt nur in diesem Browser und nur f\u00fcr unsere Website und wird auf Ihrem Ger\u00e4t abgelegt. L\u00f6schen Sie die Cookies in diesem Browser, m\u00fcssen Sie das Opt-out-Cookie erneut setzen.<\/p>\n<p>Die personenbezogenen Daten der Nutzer werden nach 14 Monaten gel\u00f6scht oder anonymisiert.<\/p>\n<p>Weitere Informationen zur Datennutzung durch Google, Einstellungs- und Widerspruchsm\u00f6glichkeiten, erfahren Sie in der Datenschutzerkl\u00e4rung von Google (<a href=\"https:\/\/policies.google.com\/technologies\/ads\">https:\/\/policies.google.com\/technologies\/ads<\/a>) sowie in den Einstellungen f\u00fcr die Darstellung von Werbeeinblendungen durch Google (<a href=\"https:\/\/adssettings.google.com\/authenticated\">https:\/\/adssettings.google.com\/authenticated<\/a>).<\/p>\n<h3>\u00dcbermittlungen in Drittl\u00e4nder<\/h3>\n<p>Sofern wir Daten in einem Drittland (d.h. au\u00dferhalb der Europ\u00e4ischen Union (EU) oder des Europ\u00e4ischen Wirtschaftsraums (EWR)) verarbeiten oder dies im Rahmen der Inanspruchnahme von Diensten Dritter oder Offenlegung, bzw. \u00dcbermittlung von Daten an Dritte geschieht, erfolgt dies nur, wenn es zur Erf\u00fcllung unserer (vor)vertraglichen Pflichten, auf Grundlage Ihrer Einwilligung, aufgrund einer rechtlichen Verpflichtung oder auf Grundlage unserer berechtigten Interessen geschieht. Vorbehaltlich gesetzlicher oder vertraglicher Erlaubnisse, verarbeiten oder lassen wir die Daten in einem Drittland nur beim Vorliegen der besonderen Voraussetzungen der Art. 44 ff. DSGVO verarbeiten. D.h. die Verarbeitung erfolgt z.B. auf Grundlage besonderer Garantien, wie der offiziell anerkannten Feststellung eines der EU entsprechenden Datenschutzniveaus (z.B. f\u00fcr die USA durch das \u201ePrivacy Shield\u201c) oder Beachtung offiziell anerkannter spezieller vertraglicher Verpflichtungen (so genannte \u201eStandardvertragsklauseln\u201c).<\/p>\n<h3>Hotjar<\/h3>\n<p>Wir nutzen Hotjar, um die Bed\u00fcrfnisse unserer Nutzer besser zu verstehen und das Angebot und die Erfahrung auf dieser Webseite zu optimieren. Mithilfe der Technologie von Hotjar bekommen wir ein besseres Verst\u00e4ndnis von den Erfahrungen unserer Nutzer (z.B. wieviel Zeit Nutzer auf welchen Seiten verbringen, welche Links sie anklicken, was sie m\u00f6gen und was nicht etc.) und das hilft uns, unser Angebot am Feedback unserer Nutzer auszurichten. Hotjar arbeitet mit Cookies und anderen Technologien, um Daten \u00fcber das Verhalten unserer Nutzer und \u00fcber ihre Endger\u00e4te zu erheben, insbesondere IP Adresse des Ger\u00e4ts (wird w\u00e4hrend Ihrer Website-Nutzung nur in anonymisierter Form erfasst und gespeichert), Bildschirmgr\u00f6\u00dfe, Ger\u00e4tetyp (Unique Device Identifiers), Informationen \u00fcber den verwendeten Browser, Standort (nur Land), zum Anzeigen unserer Webseite bevorzugte Sprache. Hotjar speichert diese Informationen in unserem Auftrag in einem pseudonymisierten Nutzerprofil. Hotjar ist es vertraglich verboten, die in unserem Auftrag erhobenen Daten zu verkaufen.<\/p>\n<p>Weitere Informationen finden Sie in unter dem Abschnitt \u201aabout Hotjar\u2018 auf <a href=\"https:\/\/help.hotjar.com\/hc\/en-us\/categories\/115001323967-About-Hotjar\">Hotjars Hilfe-Seite.<\/a><\/p>\n","protected":false},"excerpt":{"rendered":"<p>Wir m\u00f6chten Sie nachfolgend \u00fcber die Verarbeitung personenbezogener Daten im Rahmen der Nutzung unserer Internetseiten informieren. Verantwortlicher Verantwortlicher f\u00fcr diese&hellip;<\/p>\n","protected":false},"author":1,"featured_media":0,"parent":0,"menu_order":0,"comment_status":"closed","ping_status":"closed","template":"","meta":{"_acf_changed":false,"footnotes":""},"class_list":["post-28","page","type-page","status-publish","hentry"],"acf":[],"yoast_head":"<!-- This site is optimized with the Yoast SEO plugin v26.6 - https:\/\/yoast.com\/wordpress\/plugins\/seo\/ -->\n<title>Datenschutz - C.E. Schneckenfl\u00fcgel GmbH<\/title>\n<meta name=\"robots\" content=\"index, follow, max-snippet:-1, max-image-preview:large, max-video-preview:-1\" \/>\n<link rel=\"canonical\" href=\"https:\/\/schneckenfluegel.de\/de\/datenschutz\/\" \/>\n<meta property=\"og:locale\" content=\"de_DE\" \/>\n<meta property=\"og:type\" content=\"article\" \/>\n<meta property=\"og:title\" content=\"Datenschutz - C.E. Schneckenfl\u00fcgel GmbH\" \/>\n<meta property=\"og:description\" content=\"Wir m\u00f6chten Sie nachfolgend \u00fcber die Verarbeitung personenbezogener Daten im Rahmen der Nutzung unserer Internetseiten informieren. Verantwortlicher Verantwortlicher f\u00fcr diese&hellip;\" \/>\n<meta property=\"og:url\" content=\"https:\/\/schneckenfluegel.de\/de\/datenschutz\/\" \/>\n<meta property=\"og:site_name\" content=\"C.E. Schneckenfl\u00fcgel GmbH\" \/>\n<meta property=\"article:modified_time\" content=\"2026-01-11T13:41:36+00:00\" \/>\n<meta name=\"twitter:card\" content=\"summary_large_image\" \/>\n<meta name=\"twitter:label1\" content=\"Gesch\u00e4tzte Lesezeit\" \/>\n\t<meta name=\"twitter:data1\" content=\"10\u00a0Minuten\" \/>\n<script type=\"application\/ld+json\" class=\"yoast-schema-graph\">{\"@context\":\"https:\/\/schema.org\",\"@graph\":[{\"@type\":\"WebPage\",\"@id\":\"https:\/\/schneckenfluegel.de\/de\/datenschutz\/\",\"url\":\"https:\/\/schneckenfluegel.de\/de\/datenschutz\/\",\"name\":\"Datenschutz - C.E. Schneckenfl\u00fcgel GmbH\",\"isPartOf\":{\"@id\":\"https:\/\/schneckenfluegel.de\/de\/#website\"},\"datePublished\":\"2018-10-15T19:35:29+00:00\",\"dateModified\":\"2026-01-11T13:41:36+00:00\",\"breadcrumb\":{\"@id\":\"https:\/\/schneckenfluegel.de\/de\/datenschutz\/#breadcrumb\"},\"inLanguage\":\"de\",\"potentialAction\":[{\"@type\":\"ReadAction\",\"target\":[\"https:\/\/schneckenfluegel.de\/de\/datenschutz\/\"]}]},{\"@type\":\"BreadcrumbList\",\"@id\":\"https:\/\/schneckenfluegel.de\/de\/datenschutz\/#breadcrumb\",\"itemListElement\":[{\"@type\":\"ListItem\",\"position\":1,\"name\":\"Startseite\",\"item\":\"https:\/\/schneckenfluegel.de\/de\/\"},{\"@type\":\"ListItem\",\"position\":2,\"name\":\"Datenschutz\"}]},{\"@type\":\"WebSite\",\"@id\":\"https:\/\/schneckenfluegel.de\/de\/#website\",\"url\":\"https:\/\/schneckenfluegel.de\/de\/\",\"name\":\"C.E. Schneckenfl\u00fcgel GmbH\",\"description\":\"Schneckenfl\u00fcgel vom Hersteller\",\"potentialAction\":[{\"@type\":\"SearchAction\",\"target\":{\"@type\":\"EntryPoint\",\"urlTemplate\":\"https:\/\/schneckenfluegel.de\/de\/?s={search_term_string}\"},\"query-input\":{\"@type\":\"PropertyValueSpecification\",\"valueRequired\":true,\"valueName\":\"search_term_string\"}}],\"inLanguage\":\"de\"}]}<\/script>\n<!-- \/ Yoast SEO plugin. -->","yoast_head_json":{"title":"Datenschutz - C.E. Schneckenfl\u00fcgel GmbH","robots":{"index":"index","follow":"follow","max-snippet":"max-snippet:-1","max-image-preview":"max-image-preview:large","max-video-preview":"max-video-preview:-1"},"canonical":"https:\/\/schneckenfluegel.de\/de\/datenschutz\/","og_locale":"de_DE","og_type":"article","og_title":"Datenschutz - C.E. Schneckenfl\u00fcgel GmbH","og_description":"Wir m\u00f6chten Sie nachfolgend \u00fcber die Verarbeitung personenbezogener Daten im Rahmen der Nutzung unserer Internetseiten informieren. Verantwortlicher Verantwortlicher f\u00fcr diese&hellip;","og_url":"https:\/\/schneckenfluegel.de\/de\/datenschutz\/","og_site_name":"C.E. Schneckenfl\u00fcgel GmbH","article_modified_time":"2026-01-11T13:41:36+00:00","twitter_card":"summary_large_image","twitter_misc":{"Gesch\u00e4tzte Lesezeit":"10\u00a0Minuten"},"schema":{"@context":"https:\/\/schema.org","@graph":[{"@type":"WebPage","@id":"https:\/\/schneckenfluegel.de\/de\/datenschutz\/","url":"https:\/\/schneckenfluegel.de\/de\/datenschutz\/","name":"Datenschutz - C.E. Schneckenfl\u00fcgel GmbH","isPartOf":{"@id":"https:\/\/schneckenfluegel.de\/de\/#website"},"datePublished":"2018-10-15T19:35:29+00:00","dateModified":"2026-01-11T13:41:36+00:00","breadcrumb":{"@id":"https:\/\/schneckenfluegel.de\/de\/datenschutz\/#breadcrumb"},"inLanguage":"de","potentialAction":[{"@type":"ReadAction","target":["https:\/\/schneckenfluegel.de\/de\/datenschutz\/"]}]},{"@type":"BreadcrumbList","@id":"https:\/\/schneckenfluegel.de\/de\/datenschutz\/#breadcrumb","itemListElement":[{"@type":"ListItem","position":1,"name":"Startseite","item":"https:\/\/schneckenfluegel.de\/de\/"},{"@type":"ListItem","position":2,"name":"Datenschutz"}]},{"@type":"WebSite","@id":"https:\/\/schneckenfluegel.de\/de\/#website","url":"https:\/\/schneckenfluegel.de\/de\/","name":"C.E. Schneckenfl\u00fcgel GmbH","description":"Schneckenfl\u00fcgel vom Hersteller","potentialAction":[{"@type":"SearchAction","target":{"@type":"EntryPoint","urlTemplate":"https:\/\/schneckenfluegel.de\/de\/?s={search_term_string}"},"query-input":{"@type":"PropertyValueSpecification","valueRequired":true,"valueName":"search_term_string"}}],"inLanguage":"de"}]}},"_links":{"self":[{"href":"https:\/\/schneckenfluegel.de\/de\/wp-json\/wp\/v2\/pages\/28","targetHints":{"allow":["GET"]}}],"collection":[{"href":"https:\/\/schneckenfluegel.de\/de\/wp-json\/wp\/v2\/pages"}],"about":[{"href":"https:\/\/schneckenfluegel.de\/de\/wp-json\/wp\/v2\/types\/page"}],"author":[{"embeddable":true,"href":"https:\/\/schneckenfluegel.de\/de\/wp-json\/wp\/v2\/users\/1"}],"replies":[{"embeddable":true,"href":"https:\/\/schneckenfluegel.de\/de\/wp-json\/wp\/v2\/comments?post=28"}],"version-history":[{"count":10,"href":"https:\/\/schneckenfluegel.de\/de\/wp-json\/wp\/v2\/pages\/28\/revisions"}],"predecessor-version":[{"id":4706,"href":"https:\/\/schneckenfluegel.de\/de\/wp-json\/wp\/v2\/pages\/28\/revisions\/4706"}],"wp:attachment":[{"href":"https:\/\/schneckenfluegel.de\/de\/wp-json\/wp\/v2\/media?parent=28"}],"curies":[{"name":"wp","href":"https:\/\/api.w.org\/{rel}","templated":true}]}}