{"id":26,"date":"2018-10-15T21:35:09","date_gmt":"2018-10-15T19:35:09","guid":{"rendered":"https:\/\/dev-deuxundmeister.de\/schneckenfluegel\/de\/?page_id=26"},"modified":"2026-01-11T14:35:29","modified_gmt":"2026-01-11T13:35:29","slug":"impressum","status":"publish","type":"page","link":"https:\/\/schneckenfluegel.de\/de\/impressum\/","title":{"rendered":"Impressum"},"content":{"rendered":"<p>C.E. Schneckenfl\u00fcgel GmbH<br \/>\nIndustriestrasse 26<br \/>\n26188 Edewecht<\/p>\n<p>Telefon: 04405 \u2013 23837-0<br \/>\nTelefax: 04405 \u2013 23837-10<br \/>\nE-Mail: <a href=\"mailto:info@ces-europe.com\">info@ces-europe.com<\/a><\/p>\n<p>HRB Oldenburg 211233<br \/>\nUST-ID: DE 307684863<br \/>\nGesch\u00e4ftsf\u00fchrer: Marcel N\u00f6lle und Leonard Nolte<\/p>\n","protected":false},"excerpt":{"rendered":"<p>C.E. Schneckenfl\u00fcgel GmbH Industriestrasse 26 26188 Edewecht Telefon: 04405 \u2013 23837-0 Telefax: 04405 \u2013 23837-10 E-Mail: info@ces-europe.com HRB Oldenburg 211233&hellip;<\/p>\n","protected":false},"author":1,"featured_media":0,"parent":0,"menu_order":0,"comment_status":"closed","ping_status":"closed","template":"","meta":{"_acf_changed":false,"footnotes":""},"class_list":["post-26","page","type-page","status-publish","hentry"],"acf":[],"yoast_head":"<!-- This site is optimized with the Yoast SEO plugin v26.6 - https:\/\/yoast.com\/wordpress\/plugins\/seo\/ -->\n<title>Impressum - C.E. Schneckenfl\u00fcgel GmbH<\/title>\n<meta name=\"robots\" content=\"index, follow, max-snippet:-1, max-image-preview:large, max-video-preview:-1\" \/>\n<link rel=\"canonical\" href=\"https:\/\/schneckenfluegel.de\/de\/impressum\/\" \/>\n<meta property=\"og:locale\" content=\"de_DE\" \/>\n<meta property=\"og:type\" content=\"article\" \/>\n<meta property=\"og:title\" content=\"Impressum - C.E. Schneckenfl\u00fcgel GmbH\" \/>\n<meta property=\"og:description\" content=\"C.E. Schneckenfl\u00fcgel GmbH Industriestrasse 26 26188 Edewecht Telefon: 04405 \u2013 23837-0 Telefax: 04405 \u2013 23837-10 E-Mail: info@ces-europe.com HRB Oldenburg 211233&hellip;\" \/>\n<meta property=\"og:url\" content=\"https:\/\/schneckenfluegel.de\/de\/impressum\/\" \/>\n<meta property=\"og:site_name\" content=\"C.E. Schneckenfl\u00fcgel GmbH\" \/>\n<meta property=\"article:modified_time\" content=\"2026-01-11T13:35:29+00:00\" \/>\n<meta name=\"twitter:card\" content=\"summary_large_image\" \/>\n<meta name=\"twitter:label1\" content=\"Gesch\u00e4tzte Lesezeit\" \/>\n\t<meta name=\"twitter:data1\" content=\"1\u00a0Minute\" \/>\n<script type=\"application\/ld+json\" class=\"yoast-schema-graph\">{\"@context\":\"https:\/\/schema.org\",\"@graph\":[{\"@type\":\"WebPage\",\"@id\":\"https:\/\/schneckenfluegel.de\/de\/impressum\/\",\"url\":\"https:\/\/schneckenfluegel.de\/de\/impressum\/\",\"name\":\"Impressum - C.E. Schneckenfl\u00fcgel GmbH\",\"isPartOf\":{\"@id\":\"https:\/\/schneckenfluegel.de\/de\/#website\"},\"datePublished\":\"2018-10-15T19:35:09+00:00\",\"dateModified\":\"2026-01-11T13:35:29+00:00\",\"breadcrumb\":{\"@id\":\"https:\/\/schneckenfluegel.de\/de\/impressum\/#breadcrumb\"},\"inLanguage\":\"de\",\"potentialAction\":[{\"@type\":\"ReadAction\",\"target\":[\"https:\/\/schneckenfluegel.de\/de\/impressum\/\"]}]},{\"@type\":\"BreadcrumbList\",\"@id\":\"https:\/\/schneckenfluegel.de\/de\/impressum\/#breadcrumb\",\"itemListElement\":[{\"@type\":\"ListItem\",\"position\":1,\"name\":\"Startseite\",\"item\":\"https:\/\/schneckenfluegel.de\/de\/\"},{\"@type\":\"ListItem\",\"position\":2,\"name\":\"Impressum\"}]},{\"@type\":\"WebSite\",\"@id\":\"https:\/\/schneckenfluegel.de\/de\/#website\",\"url\":\"https:\/\/schneckenfluegel.de\/de\/\",\"name\":\"C.E. Schneckenfl\u00fcgel GmbH\",\"description\":\"Schneckenfl\u00fcgel vom Hersteller\",\"potentialAction\":[{\"@type\":\"SearchAction\",\"target\":{\"@type\":\"EntryPoint\",\"urlTemplate\":\"https:\/\/schneckenfluegel.de\/de\/?s={search_term_string}\"},\"query-input\":{\"@type\":\"PropertyValueSpecification\",\"valueRequired\":true,\"valueName\":\"search_term_string\"}}],\"inLanguage\":\"de\"}]}<\/script>\n<!-- \/ Yoast SEO plugin. -->","yoast_head_json":{"title":"Impressum - C.E. Schneckenfl\u00fcgel GmbH","robots":{"index":"index","follow":"follow","max-snippet":"max-snippet:-1","max-image-preview":"max-image-preview:large","max-video-preview":"max-video-preview:-1"},"canonical":"https:\/\/schneckenfluegel.de\/de\/impressum\/","og_locale":"de_DE","og_type":"article","og_title":"Impressum - C.E. Schneckenfl\u00fcgel GmbH","og_description":"C.E. Schneckenfl\u00fcgel GmbH Industriestrasse 26 26188 Edewecht Telefon: 04405 \u2013 23837-0 Telefax: 04405 \u2013 23837-10 E-Mail: info@ces-europe.com HRB Oldenburg 211233&hellip;","og_url":"https:\/\/schneckenfluegel.de\/de\/impressum\/","og_site_name":"C.E. Schneckenfl\u00fcgel GmbH","article_modified_time":"2026-01-11T13:35:29+00:00","twitter_card":"summary_large_image","twitter_misc":{"Gesch\u00e4tzte Lesezeit":"1\u00a0Minute"},"schema":{"@context":"https:\/\/schema.org","@graph":[{"@type":"WebPage","@id":"https:\/\/schneckenfluegel.de\/de\/impressum\/","url":"https:\/\/schneckenfluegel.de\/de\/impressum\/","name":"Impressum - C.E. Schneckenfl\u00fcgel GmbH","isPartOf":{"@id":"https:\/\/schneckenfluegel.de\/de\/#website"},"datePublished":"2018-10-15T19:35:09+00:00","dateModified":"2026-01-11T13:35:29+00:00","breadcrumb":{"@id":"https:\/\/schneckenfluegel.de\/de\/impressum\/#breadcrumb"},"inLanguage":"de","potentialAction":[{"@type":"ReadAction","target":["https:\/\/schneckenfluegel.de\/de\/impressum\/"]}]},{"@type":"BreadcrumbList","@id":"https:\/\/schneckenfluegel.de\/de\/impressum\/#breadcrumb","itemListElement":[{"@type":"ListItem","position":1,"name":"Startseite","item":"https:\/\/schneckenfluegel.de\/de\/"},{"@type":"ListItem","position":2,"name":"Impressum"}]},{"@type":"WebSite","@id":"https:\/\/schneckenfluegel.de\/de\/#website","url":"https:\/\/schneckenfluegel.de\/de\/","name":"C.E. Schneckenfl\u00fcgel GmbH","description":"Schneckenfl\u00fcgel vom Hersteller","potentialAction":[{"@type":"SearchAction","target":{"@type":"EntryPoint","urlTemplate":"https:\/\/schneckenfluegel.de\/de\/?s={search_term_string}"},"query-input":{"@type":"PropertyValueSpecification","valueRequired":true,"valueName":"search_term_string"}}],"inLanguage":"de"}]}},"_links":{"self":[{"href":"https:\/\/schneckenfluegel.de\/de\/wp-json\/wp\/v2\/pages\/26","targetHints":{"allow":["GET"]}}],"collection":[{"href":"https:\/\/schneckenfluegel.de\/de\/wp-json\/wp\/v2\/pages"}],"about":[{"href":"https:\/\/schneckenfluegel.de\/de\/wp-json\/wp\/v2\/types\/page"}],"author":[{"embeddable":true,"href":"https:\/\/schneckenfluegel.de\/de\/wp-json\/wp\/v2\/users\/1"}],"replies":[{"embeddable":true,"href":"https:\/\/schneckenfluegel.de\/de\/wp-json\/wp\/v2\/comments?post=26"}],"version-history":[{"count":9,"href":"https:\/\/schneckenfluegel.de\/de\/wp-json\/wp\/v2\/pages\/26\/revisions"}],"predecessor-version":[{"id":4705,"href":"https:\/\/schneckenfluegel.de\/de\/wp-json\/wp\/v2\/pages\/26\/revisions\/4705"}],"wp:attachment":[{"href":"https:\/\/schneckenfluegel.de\/de\/wp-json\/wp\/v2\/media?parent=26"}],"curies":[{"name":"wp","href":"https:\/\/api.w.org\/{rel}","templated":true}]}}