{"id":2124,"date":"2021-10-18T12:09:15","date_gmt":"2021-10-18T10:09:15","guid":{"rendered":"https:\/\/schneckenfluegel.de\/de\/?page_id=2124"},"modified":"2023-06-01T11:49:59","modified_gmt":"2023-06-01T09:49:59","slug":"startseite-redesign","status":"publish","type":"page","link":"https:\/\/schneckenfluegel.de\/de\/","title":{"rendered":"Startseite"},"content":{"rendered":"","protected":false},"excerpt":{"rendered":"","protected":false},"author":1,"featured_media":0,"parent":0,"menu_order":0,"comment_status":"closed","ping_status":"closed","template":"page_startseite-redesign.php","meta":{"_acf_changed":false,"footnotes":""},"class_list":["post-2124","page","type-page","status-publish","hentry"],"acf":[],"yoast_head":"<!-- This site is optimized with the Yoast SEO plugin v26.6 - https:\/\/yoast.com\/wordpress\/plugins\/seo\/ -->\n<title>Schneckenfl\u00fcgel vom Hersteller | Pr\u00e4zise, Schnell und G\u00fcnstig\u200e<\/title>\n<meta name=\"description\" content=\"Qualit\u00e4t hat einen Namen: C.E. Schneckenfl\u00fcgel steht f\u00fcr beste Verarbeitungs- und Materialqualit\u00e4t in einer geringen Verschlei\u00dfanf\u00e4lligkeit.\" \/>\n<meta name=\"robots\" content=\"index, follow, max-snippet:-1, max-image-preview:large, max-video-preview:-1\" \/>\n<link rel=\"canonical\" href=\"https:\/\/schneckenfluegel.de\/de\/\" \/>\n<meta property=\"og:locale\" content=\"de_DE\" \/>\n<meta property=\"og:type\" content=\"article\" \/>\n<meta property=\"og:title\" content=\"Schneckenfl\u00fcgel vom Hersteller | Pr\u00e4zise, Schnell und G\u00fcnstig\u200e\" \/>\n<meta property=\"og:description\" content=\"Qualit\u00e4t hat einen Namen: C.E. Schneckenfl\u00fcgel steht f\u00fcr beste Verarbeitungs- und Materialqualit\u00e4t in einer geringen Verschlei\u00dfanf\u00e4lligkeit.\" \/>\n<meta property=\"og:url\" content=\"https:\/\/schneckenfluegel.de\/de\/\" \/>\n<meta property=\"og:site_name\" content=\"C.E. Schneckenfl\u00fcgel GmbH\" \/>\n<meta property=\"article:modified_time\" content=\"2023-06-01T09:49:59+00:00\" \/>\n<meta name=\"twitter:card\" content=\"summary_large_image\" \/>\n<script type=\"application\/ld+json\" class=\"yoast-schema-graph\">{\"@context\":\"https:\/\/schema.org\",\"@graph\":[{\"@type\":\"WebPage\",\"@id\":\"https:\/\/schneckenfluegel.de\/de\/\",\"url\":\"https:\/\/schneckenfluegel.de\/de\/\",\"name\":\"Schneckenfl\u00fcgel vom Hersteller | Pr\u00e4zise, Schnell und G\u00fcnstig\u200e\",\"isPartOf\":{\"@id\":\"https:\/\/schneckenfluegel.de\/de\/#website\"},\"datePublished\":\"2021-10-18T10:09:15+00:00\",\"dateModified\":\"2023-06-01T09:49:59+00:00\",\"description\":\"Qualit\u00e4t hat einen Namen: C.E. Schneckenfl\u00fcgel steht f\u00fcr beste Verarbeitungs- und Materialqualit\u00e4t in einer geringen Verschlei\u00dfanf\u00e4lligkeit.\",\"breadcrumb\":{\"@id\":\"https:\/\/schneckenfluegel.de\/de\/#breadcrumb\"},\"inLanguage\":\"de\",\"potentialAction\":[{\"@type\":\"ReadAction\",\"target\":[\"https:\/\/schneckenfluegel.de\/de\/\"]}]},{\"@type\":\"BreadcrumbList\",\"@id\":\"https:\/\/schneckenfluegel.de\/de\/#breadcrumb\",\"itemListElement\":[{\"@type\":\"ListItem\",\"position\":1,\"name\":\"Startseite\",\"item\":\"https:\/\/schneckenfluegel.de\/de\/\"},{\"@type\":\"ListItem\",\"position\":2,\"name\":\"Startseite\"}]},{\"@type\":\"WebSite\",\"@id\":\"https:\/\/schneckenfluegel.de\/de\/#website\",\"url\":\"https:\/\/schneckenfluegel.de\/de\/\",\"name\":\"C.E. Schneckenfl\u00fcgel GmbH\",\"description\":\"Schneckenfl\u00fcgel vom Hersteller\",\"potentialAction\":[{\"@type\":\"SearchAction\",\"target\":{\"@type\":\"EntryPoint\",\"urlTemplate\":\"https:\/\/schneckenfluegel.de\/de\/?s={search_term_string}\"},\"query-input\":{\"@type\":\"PropertyValueSpecification\",\"valueRequired\":true,\"valueName\":\"search_term_string\"}}],\"inLanguage\":\"de\"}]}<\/script>\n<!-- \/ Yoast SEO plugin. -->","yoast_head_json":{"title":"Schneckenfl\u00fcgel vom Hersteller | Pr\u00e4zise, Schnell und G\u00fcnstig\u200e","description":"Qualit\u00e4t hat einen Namen: C.E. Schneckenfl\u00fcgel steht f\u00fcr beste Verarbeitungs- und Materialqualit\u00e4t in einer geringen Verschlei\u00dfanf\u00e4lligkeit.","robots":{"index":"index","follow":"follow","max-snippet":"max-snippet:-1","max-image-preview":"max-image-preview:large","max-video-preview":"max-video-preview:-1"},"canonical":"https:\/\/schneckenfluegel.de\/de\/","og_locale":"de_DE","og_type":"article","og_title":"Schneckenfl\u00fcgel vom Hersteller | Pr\u00e4zise, Schnell und G\u00fcnstig\u200e","og_description":"Qualit\u00e4t hat einen Namen: C.E. Schneckenfl\u00fcgel steht f\u00fcr beste Verarbeitungs- und Materialqualit\u00e4t in einer geringen Verschlei\u00dfanf\u00e4lligkeit.","og_url":"https:\/\/schneckenfluegel.de\/de\/","og_site_name":"C.E. Schneckenfl\u00fcgel GmbH","article_modified_time":"2023-06-01T09:49:59+00:00","twitter_card":"summary_large_image","schema":{"@context":"https:\/\/schema.org","@graph":[{"@type":"WebPage","@id":"https:\/\/schneckenfluegel.de\/de\/","url":"https:\/\/schneckenfluegel.de\/de\/","name":"Schneckenfl\u00fcgel vom Hersteller | Pr\u00e4zise, Schnell und G\u00fcnstig\u200e","isPartOf":{"@id":"https:\/\/schneckenfluegel.de\/de\/#website"},"datePublished":"2021-10-18T10:09:15+00:00","dateModified":"2023-06-01T09:49:59+00:00","description":"Qualit\u00e4t hat einen Namen: C.E. Schneckenfl\u00fcgel steht f\u00fcr beste Verarbeitungs- und Materialqualit\u00e4t in einer geringen Verschlei\u00dfanf\u00e4lligkeit.","breadcrumb":{"@id":"https:\/\/schneckenfluegel.de\/de\/#breadcrumb"},"inLanguage":"de","potentialAction":[{"@type":"ReadAction","target":["https:\/\/schneckenfluegel.de\/de\/"]}]},{"@type":"BreadcrumbList","@id":"https:\/\/schneckenfluegel.de\/de\/#breadcrumb","itemListElement":[{"@type":"ListItem","position":1,"name":"Startseite","item":"https:\/\/schneckenfluegel.de\/de\/"},{"@type":"ListItem","position":2,"name":"Startseite"}]},{"@type":"WebSite","@id":"https:\/\/schneckenfluegel.de\/de\/#website","url":"https:\/\/schneckenfluegel.de\/de\/","name":"C.E. Schneckenfl\u00fcgel GmbH","description":"Schneckenfl\u00fcgel vom Hersteller","potentialAction":[{"@type":"SearchAction","target":{"@type":"EntryPoint","urlTemplate":"https:\/\/schneckenfluegel.de\/de\/?s={search_term_string}"},"query-input":{"@type":"PropertyValueSpecification","valueRequired":true,"valueName":"search_term_string"}}],"inLanguage":"de"}]}},"_links":{"self":[{"href":"https:\/\/schneckenfluegel.de\/de\/wp-json\/wp\/v2\/pages\/2124","targetHints":{"allow":["GET"]}}],"collection":[{"href":"https:\/\/schneckenfluegel.de\/de\/wp-json\/wp\/v2\/pages"}],"about":[{"href":"https:\/\/schneckenfluegel.de\/de\/wp-json\/wp\/v2\/types\/page"}],"author":[{"embeddable":true,"href":"https:\/\/schneckenfluegel.de\/de\/wp-json\/wp\/v2\/users\/1"}],"replies":[{"embeddable":true,"href":"https:\/\/schneckenfluegel.de\/de\/wp-json\/wp\/v2\/comments?post=2124"}],"version-history":[{"count":57,"href":"https:\/\/schneckenfluegel.de\/de\/wp-json\/wp\/v2\/pages\/2124\/revisions"}],"predecessor-version":[{"id":3344,"href":"https:\/\/schneckenfluegel.de\/de\/wp-json\/wp\/v2\/pages\/2124\/revisions\/3344"}],"wp:attachment":[{"href":"https:\/\/schneckenfluegel.de\/de\/wp-json\/wp\/v2\/media?parent=2124"}],"curies":[{"name":"wp","href":"https:\/\/api.w.org\/{rel}","templated":true}]}}