{"id":16,"date":"2018-10-15T21:34:05","date_gmt":"2018-10-15T19:34:05","guid":{"rendered":"https:\/\/dev-deuxundmeister.de\/schneckenfluegel\/de\/?page_id=16"},"modified":"2023-02-20T10:54:13","modified_gmt":"2023-02-20T09:54:13","slug":"ueber-uns","status":"publish","type":"page","link":"https:\/\/schneckenfluegel.de\/de\/ueber-uns\/","title":{"rendered":"\u00dcber uns"},"content":{"rendered":"","protected":false},"excerpt":{"rendered":"","protected":false},"author":1,"featured_media":0,"parent":0,"menu_order":0,"comment_status":"closed","ping_status":"closed","template":"page_ueber-uns.php","meta":{"_acf_changed":false,"footnotes":""},"class_list":["post-16","page","type-page","status-publish","hentry"],"acf":[],"yoast_head":"<!-- This site is optimized with the Yoast SEO plugin v26.6 - https:\/\/yoast.com\/wordpress\/plugins\/seo\/ -->\n<title>Unser Team f\u00fcr Ihr Projekt - C.E. Schneckenfl\u00fcgel GmbH<\/title>\n<meta name=\"description\" content=\"Eine st\u00e4ndige Weiterentwicklung ist uns sehr wichtig, denn davon profitieren in erster Linie Sie \u2013 durch geringe Kosten, exakte Verarbeitung und ein hohes Ma\u00df an Flexibilit\u00e4t.\" \/>\n<meta name=\"robots\" content=\"index, follow, max-snippet:-1, max-image-preview:large, max-video-preview:-1\" \/>\n<link rel=\"canonical\" href=\"https:\/\/schneckenfluegel.de\/de\/ueber-uns\/\" \/>\n<meta property=\"og:locale\" content=\"de_DE\" \/>\n<meta property=\"og:type\" content=\"article\" \/>\n<meta property=\"og:title\" content=\"Unser Team f\u00fcr Ihr Projekt - C.E. Schneckenfl\u00fcgel GmbH\" \/>\n<meta property=\"og:description\" content=\"Eine st\u00e4ndige Weiterentwicklung ist uns sehr wichtig, denn davon profitieren in erster Linie Sie \u2013 durch geringe Kosten, exakte Verarbeitung und ein hohes Ma\u00df an Flexibilit\u00e4t.\" \/>\n<meta property=\"og:url\" content=\"https:\/\/schneckenfluegel.de\/de\/ueber-uns\/\" \/>\n<meta property=\"og:site_name\" content=\"C.E. Schneckenfl\u00fcgel GmbH\" \/>\n<meta property=\"article:modified_time\" content=\"2023-02-20T09:54:13+00:00\" \/>\n<meta name=\"twitter:card\" content=\"summary_large_image\" \/>\n<script type=\"application\/ld+json\" class=\"yoast-schema-graph\">{\"@context\":\"https:\/\/schema.org\",\"@graph\":[{\"@type\":\"WebPage\",\"@id\":\"https:\/\/schneckenfluegel.de\/de\/ueber-uns\/\",\"url\":\"https:\/\/schneckenfluegel.de\/de\/ueber-uns\/\",\"name\":\"Unser Team f\u00fcr Ihr Projekt - C.E. Schneckenfl\u00fcgel GmbH\",\"isPartOf\":{\"@id\":\"https:\/\/schneckenfluegel.de\/de\/#website\"},\"datePublished\":\"2018-10-15T19:34:05+00:00\",\"dateModified\":\"2023-02-20T09:54:13+00:00\",\"description\":\"Eine st\u00e4ndige Weiterentwicklung ist uns sehr wichtig, denn davon profitieren in erster Linie Sie \u2013 durch geringe Kosten, exakte Verarbeitung und ein hohes Ma\u00df an Flexibilit\u00e4t.\",\"breadcrumb\":{\"@id\":\"https:\/\/schneckenfluegel.de\/de\/ueber-uns\/#breadcrumb\"},\"inLanguage\":\"de\",\"potentialAction\":[{\"@type\":\"ReadAction\",\"target\":[\"https:\/\/schneckenfluegel.de\/de\/ueber-uns\/\"]}]},{\"@type\":\"BreadcrumbList\",\"@id\":\"https:\/\/schneckenfluegel.de\/de\/ueber-uns\/#breadcrumb\",\"itemListElement\":[{\"@type\":\"ListItem\",\"position\":1,\"name\":\"Startseite\",\"item\":\"https:\/\/schneckenfluegel.de\/de\/\"},{\"@type\":\"ListItem\",\"position\":2,\"name\":\"\u00dcber uns\"}]},{\"@type\":\"WebSite\",\"@id\":\"https:\/\/schneckenfluegel.de\/de\/#website\",\"url\":\"https:\/\/schneckenfluegel.de\/de\/\",\"name\":\"C.E. Schneckenfl\u00fcgel GmbH\",\"description\":\"Schneckenfl\u00fcgel vom Hersteller\",\"potentialAction\":[{\"@type\":\"SearchAction\",\"target\":{\"@type\":\"EntryPoint\",\"urlTemplate\":\"https:\/\/schneckenfluegel.de\/de\/?s={search_term_string}\"},\"query-input\":{\"@type\":\"PropertyValueSpecification\",\"valueRequired\":true,\"valueName\":\"search_term_string\"}}],\"inLanguage\":\"de\"}]}<\/script>\n<!-- \/ Yoast SEO plugin. -->","yoast_head_json":{"title":"Unser Team f\u00fcr Ihr Projekt - C.E. Schneckenfl\u00fcgel GmbH","description":"Eine st\u00e4ndige Weiterentwicklung ist uns sehr wichtig, denn davon profitieren in erster Linie Sie \u2013 durch geringe Kosten, exakte Verarbeitung und ein hohes Ma\u00df an Flexibilit\u00e4t.","robots":{"index":"index","follow":"follow","max-snippet":"max-snippet:-1","max-image-preview":"max-image-preview:large","max-video-preview":"max-video-preview:-1"},"canonical":"https:\/\/schneckenfluegel.de\/de\/ueber-uns\/","og_locale":"de_DE","og_type":"article","og_title":"Unser Team f\u00fcr Ihr Projekt - C.E. Schneckenfl\u00fcgel GmbH","og_description":"Eine st\u00e4ndige Weiterentwicklung ist uns sehr wichtig, denn davon profitieren in erster Linie Sie \u2013 durch geringe Kosten, exakte Verarbeitung und ein hohes Ma\u00df an Flexibilit\u00e4t.","og_url":"https:\/\/schneckenfluegel.de\/de\/ueber-uns\/","og_site_name":"C.E. Schneckenfl\u00fcgel GmbH","article_modified_time":"2023-02-20T09:54:13+00:00","twitter_card":"summary_large_image","schema":{"@context":"https:\/\/schema.org","@graph":[{"@type":"WebPage","@id":"https:\/\/schneckenfluegel.de\/de\/ueber-uns\/","url":"https:\/\/schneckenfluegel.de\/de\/ueber-uns\/","name":"Unser Team f\u00fcr Ihr Projekt - C.E. Schneckenfl\u00fcgel GmbH","isPartOf":{"@id":"https:\/\/schneckenfluegel.de\/de\/#website"},"datePublished":"2018-10-15T19:34:05+00:00","dateModified":"2023-02-20T09:54:13+00:00","description":"Eine st\u00e4ndige Weiterentwicklung ist uns sehr wichtig, denn davon profitieren in erster Linie Sie \u2013 durch geringe Kosten, exakte Verarbeitung und ein hohes Ma\u00df an Flexibilit\u00e4t.","breadcrumb":{"@id":"https:\/\/schneckenfluegel.de\/de\/ueber-uns\/#breadcrumb"},"inLanguage":"de","potentialAction":[{"@type":"ReadAction","target":["https:\/\/schneckenfluegel.de\/de\/ueber-uns\/"]}]},{"@type":"BreadcrumbList","@id":"https:\/\/schneckenfluegel.de\/de\/ueber-uns\/#breadcrumb","itemListElement":[{"@type":"ListItem","position":1,"name":"Startseite","item":"https:\/\/schneckenfluegel.de\/de\/"},{"@type":"ListItem","position":2,"name":"\u00dcber uns"}]},{"@type":"WebSite","@id":"https:\/\/schneckenfluegel.de\/de\/#website","url":"https:\/\/schneckenfluegel.de\/de\/","name":"C.E. Schneckenfl\u00fcgel GmbH","description":"Schneckenfl\u00fcgel vom Hersteller","potentialAction":[{"@type":"SearchAction","target":{"@type":"EntryPoint","urlTemplate":"https:\/\/schneckenfluegel.de\/de\/?s={search_term_string}"},"query-input":{"@type":"PropertyValueSpecification","valueRequired":true,"valueName":"search_term_string"}}],"inLanguage":"de"}]}},"_links":{"self":[{"href":"https:\/\/schneckenfluegel.de\/de\/wp-json\/wp\/v2\/pages\/16","targetHints":{"allow":["GET"]}}],"collection":[{"href":"https:\/\/schneckenfluegel.de\/de\/wp-json\/wp\/v2\/pages"}],"about":[{"href":"https:\/\/schneckenfluegel.de\/de\/wp-json\/wp\/v2\/types\/page"}],"author":[{"embeddable":true,"href":"https:\/\/schneckenfluegel.de\/de\/wp-json\/wp\/v2\/users\/1"}],"replies":[{"embeddable":true,"href":"https:\/\/schneckenfluegel.de\/de\/wp-json\/wp\/v2\/comments?post=16"}],"version-history":[{"count":21,"href":"https:\/\/schneckenfluegel.de\/de\/wp-json\/wp\/v2\/pages\/16\/revisions"}],"predecessor-version":[{"id":3155,"href":"https:\/\/schneckenfluegel.de\/de\/wp-json\/wp\/v2\/pages\/16\/revisions\/3155"}],"wp:attachment":[{"href":"https:\/\/schneckenfluegel.de\/de\/wp-json\/wp\/v2\/media?parent=16"}],"curies":[{"name":"wp","href":"https:\/\/api.w.org\/{rel}","templated":true}]}}