{"id":14,"date":"2018-10-15T21:33:28","date_gmt":"2018-10-15T19:33:28","guid":{"rendered":"https:\/\/dev-deuxundmeister.de\/schneckenfluegel\/de\/?page_id=14"},"modified":"2019-05-06T17:00:21","modified_gmt":"2019-05-06T15:00:21","slug":"material","status":"publish","type":"page","link":"https:\/\/schneckenfluegel.de\/de\/schneckenfluegel\/material\/","title":{"rendered":"Material"},"content":{"rendered":"","protected":false},"excerpt":{"rendered":"","protected":false},"author":1,"featured_media":0,"parent":6,"menu_order":0,"comment_status":"closed","ping_status":"closed","template":"page_material.php","meta":{"_acf_changed":false,"footnotes":""},"class_list":["post-14","page","type-page","status-publish","hentry"],"acf":[],"yoast_head":"<!-- This site is optimized with the Yoast SEO plugin v26.6 - https:\/\/yoast.com\/wordpress\/plugins\/seo\/ -->\n<title>Material - C.E. Schneckenfl\u00fcgel GmbH<\/title>\n<meta name=\"description\" content=\"Egal ob Baust\u00e4hle oder korrosionsbest\u00e4ndige Edelst\u00e4hle \u2013 je nach Anforderung bieten sich f\u00fcr das gew\u00fcnschte Produkt Materialien vom D\u00fcnnblech bis hin zu extrem robustem Premiumstahl.\" \/>\n<meta name=\"robots\" content=\"index, follow, max-snippet:-1, max-image-preview:large, max-video-preview:-1\" \/>\n<link rel=\"canonical\" href=\"https:\/\/schneckenfluegel.de\/de\/schneckenfluegel\/material\/\" \/>\n<meta property=\"og:locale\" content=\"de_DE\" \/>\n<meta property=\"og:type\" content=\"article\" \/>\n<meta property=\"og:title\" content=\"Material - C.E. Schneckenfl\u00fcgel GmbH\" \/>\n<meta property=\"og:description\" content=\"Egal ob Baust\u00e4hle oder korrosionsbest\u00e4ndige Edelst\u00e4hle \u2013 je nach Anforderung bieten sich f\u00fcr das gew\u00fcnschte Produkt Materialien vom D\u00fcnnblech bis hin zu extrem robustem Premiumstahl.\" \/>\n<meta property=\"og:url\" content=\"https:\/\/schneckenfluegel.de\/de\/schneckenfluegel\/material\/\" \/>\n<meta property=\"og:site_name\" content=\"C.E. Schneckenfl\u00fcgel GmbH\" \/>\n<meta property=\"article:modified_time\" content=\"2019-05-06T15:00:21+00:00\" \/>\n<meta name=\"twitter:card\" content=\"summary_large_image\" \/>\n<script type=\"application\/ld+json\" class=\"yoast-schema-graph\">{\"@context\":\"https:\/\/schema.org\",\"@graph\":[{\"@type\":\"WebPage\",\"@id\":\"https:\/\/schneckenfluegel.de\/de\/schneckenfluegel\/material\/\",\"url\":\"https:\/\/schneckenfluegel.de\/de\/schneckenfluegel\/material\/\",\"name\":\"Material - C.E. Schneckenfl\u00fcgel GmbH\",\"isPartOf\":{\"@id\":\"https:\/\/schneckenfluegel.de\/de\/#website\"},\"datePublished\":\"2018-10-15T19:33:28+00:00\",\"dateModified\":\"2019-05-06T15:00:21+00:00\",\"description\":\"Egal ob Baust\u00e4hle oder korrosionsbest\u00e4ndige Edelst\u00e4hle \u2013 je nach Anforderung bieten sich f\u00fcr das gew\u00fcnschte Produkt Materialien vom D\u00fcnnblech bis hin zu extrem robustem Premiumstahl.\",\"breadcrumb\":{\"@id\":\"https:\/\/schneckenfluegel.de\/de\/schneckenfluegel\/material\/#breadcrumb\"},\"inLanguage\":\"de\",\"potentialAction\":[{\"@type\":\"ReadAction\",\"target\":[\"https:\/\/schneckenfluegel.de\/de\/schneckenfluegel\/material\/\"]}]},{\"@type\":\"BreadcrumbList\",\"@id\":\"https:\/\/schneckenfluegel.de\/de\/schneckenfluegel\/material\/#breadcrumb\",\"itemListElement\":[{\"@type\":\"ListItem\",\"position\":1,\"name\":\"Startseite\",\"item\":\"https:\/\/schneckenfluegel.de\/de\/\"},{\"@type\":\"ListItem\",\"position\":2,\"name\":\"Schneckenfl\u00fcgel\",\"item\":\"https:\/\/schneckenfluegel.de\/de\/schneckenfluegel\/\"},{\"@type\":\"ListItem\",\"position\":3,\"name\":\"Material\"}]},{\"@type\":\"WebSite\",\"@id\":\"https:\/\/schneckenfluegel.de\/de\/#website\",\"url\":\"https:\/\/schneckenfluegel.de\/de\/\",\"name\":\"C.E. Schneckenfl\u00fcgel GmbH\",\"description\":\"Schneckenfl\u00fcgel vom Hersteller\",\"potentialAction\":[{\"@type\":\"SearchAction\",\"target\":{\"@type\":\"EntryPoint\",\"urlTemplate\":\"https:\/\/schneckenfluegel.de\/de\/?s={search_term_string}\"},\"query-input\":{\"@type\":\"PropertyValueSpecification\",\"valueRequired\":true,\"valueName\":\"search_term_string\"}}],\"inLanguage\":\"de\"}]}<\/script>\n<!-- \/ Yoast SEO plugin. -->","yoast_head_json":{"title":"Material - C.E. Schneckenfl\u00fcgel GmbH","description":"Egal ob Baust\u00e4hle oder korrosionsbest\u00e4ndige Edelst\u00e4hle \u2013 je nach Anforderung bieten sich f\u00fcr das gew\u00fcnschte Produkt Materialien vom D\u00fcnnblech bis hin zu extrem robustem Premiumstahl.","robots":{"index":"index","follow":"follow","max-snippet":"max-snippet:-1","max-image-preview":"max-image-preview:large","max-video-preview":"max-video-preview:-1"},"canonical":"https:\/\/schneckenfluegel.de\/de\/schneckenfluegel\/material\/","og_locale":"de_DE","og_type":"article","og_title":"Material - C.E. Schneckenfl\u00fcgel GmbH","og_description":"Egal ob Baust\u00e4hle oder korrosionsbest\u00e4ndige Edelst\u00e4hle \u2013 je nach Anforderung bieten sich f\u00fcr das gew\u00fcnschte Produkt Materialien vom D\u00fcnnblech bis hin zu extrem robustem Premiumstahl.","og_url":"https:\/\/schneckenfluegel.de\/de\/schneckenfluegel\/material\/","og_site_name":"C.E. Schneckenfl\u00fcgel GmbH","article_modified_time":"2019-05-06T15:00:21+00:00","twitter_card":"summary_large_image","schema":{"@context":"https:\/\/schema.org","@graph":[{"@type":"WebPage","@id":"https:\/\/schneckenfluegel.de\/de\/schneckenfluegel\/material\/","url":"https:\/\/schneckenfluegel.de\/de\/schneckenfluegel\/material\/","name":"Material - C.E. Schneckenfl\u00fcgel GmbH","isPartOf":{"@id":"https:\/\/schneckenfluegel.de\/de\/#website"},"datePublished":"2018-10-15T19:33:28+00:00","dateModified":"2019-05-06T15:00:21+00:00","description":"Egal ob Baust\u00e4hle oder korrosionsbest\u00e4ndige Edelst\u00e4hle \u2013 je nach Anforderung bieten sich f\u00fcr das gew\u00fcnschte Produkt Materialien vom D\u00fcnnblech bis hin zu extrem robustem Premiumstahl.","breadcrumb":{"@id":"https:\/\/schneckenfluegel.de\/de\/schneckenfluegel\/material\/#breadcrumb"},"inLanguage":"de","potentialAction":[{"@type":"ReadAction","target":["https:\/\/schneckenfluegel.de\/de\/schneckenfluegel\/material\/"]}]},{"@type":"BreadcrumbList","@id":"https:\/\/schneckenfluegel.de\/de\/schneckenfluegel\/material\/#breadcrumb","itemListElement":[{"@type":"ListItem","position":1,"name":"Startseite","item":"https:\/\/schneckenfluegel.de\/de\/"},{"@type":"ListItem","position":2,"name":"Schneckenfl\u00fcgel","item":"https:\/\/schneckenfluegel.de\/de\/schneckenfluegel\/"},{"@type":"ListItem","position":3,"name":"Material"}]},{"@type":"WebSite","@id":"https:\/\/schneckenfluegel.de\/de\/#website","url":"https:\/\/schneckenfluegel.de\/de\/","name":"C.E. Schneckenfl\u00fcgel GmbH","description":"Schneckenfl\u00fcgel vom Hersteller","potentialAction":[{"@type":"SearchAction","target":{"@type":"EntryPoint","urlTemplate":"https:\/\/schneckenfluegel.de\/de\/?s={search_term_string}"},"query-input":{"@type":"PropertyValueSpecification","valueRequired":true,"valueName":"search_term_string"}}],"inLanguage":"de"}]}},"_links":{"self":[{"href":"https:\/\/schneckenfluegel.de\/de\/wp-json\/wp\/v2\/pages\/14","targetHints":{"allow":["GET"]}}],"collection":[{"href":"https:\/\/schneckenfluegel.de\/de\/wp-json\/wp\/v2\/pages"}],"about":[{"href":"https:\/\/schneckenfluegel.de\/de\/wp-json\/wp\/v2\/types\/page"}],"author":[{"embeddable":true,"href":"https:\/\/schneckenfluegel.de\/de\/wp-json\/wp\/v2\/users\/1"}],"replies":[{"embeddable":true,"href":"https:\/\/schneckenfluegel.de\/de\/wp-json\/wp\/v2\/comments?post=14"}],"version-history":[{"count":11,"href":"https:\/\/schneckenfluegel.de\/de\/wp-json\/wp\/v2\/pages\/14\/revisions"}],"predecessor-version":[{"id":783,"href":"https:\/\/schneckenfluegel.de\/de\/wp-json\/wp\/v2\/pages\/14\/revisions\/783"}],"up":[{"embeddable":true,"href":"https:\/\/schneckenfluegel.de\/de\/wp-json\/wp\/v2\/pages\/6"}],"wp:attachment":[{"href":"https:\/\/schneckenfluegel.de\/de\/wp-json\/wp\/v2\/media?parent=14"}],"curies":[{"name":"wp","href":"https:\/\/api.w.org\/{rel}","templated":true}]}}