{"id":10,"date":"2018-10-15T21:32:38","date_gmt":"2018-10-15T19:32:38","guid":{"rendered":"https:\/\/dev-deuxundmeister.de\/schneckenfluegel\/de\/?page_id=10"},"modified":"2019-05-17T16:18:52","modified_gmt":"2019-05-17T14:18:52","slug":"ausfuehrungen","status":"publish","type":"page","link":"https:\/\/schneckenfluegel.de\/de\/schneckenfluegel\/ausfuehrungen\/","title":{"rendered":"Ausf\u00fchrungen"},"content":{"rendered":"","protected":false},"excerpt":{"rendered":"","protected":false},"author":1,"featured_media":0,"parent":6,"menu_order":0,"comment_status":"closed","ping_status":"closed","template":"page_ausfuehrungen.php","meta":{"_acf_changed":false,"footnotes":""},"class_list":["post-10","page","type-page","status-publish","hentry"],"acf":[],"yoast_head":"<!-- This site is optimized with the Yoast SEO plugin v26.6 - https:\/\/yoast.com\/wordpress\/plugins\/seo\/ -->\n<title>Schneckenfl\u00fcgel in diversen Ausf\u00fchrungen - C.E. Schneckenfl\u00fcgel GmbH<\/title>\n<meta name=\"description\" content=\"Wir bieten Ihnen Schneckenfl\u00fcgel von 40 mm bis 3000 mm Durchmesser, von 2 mm bis 50 mm St\u00e4rke \u2013 Ihre Angaben und W\u00fcnsche stets im Blick.\" \/>\n<meta name=\"robots\" content=\"index, follow, max-snippet:-1, max-image-preview:large, max-video-preview:-1\" \/>\n<link rel=\"canonical\" href=\"https:\/\/schneckenfluegel.de\/de\/schneckenfluegel\/ausfuehrungen\/\" \/>\n<meta property=\"og:locale\" content=\"de_DE\" \/>\n<meta property=\"og:type\" content=\"article\" \/>\n<meta property=\"og:title\" content=\"Schneckenfl\u00fcgel in diversen Ausf\u00fchrungen - C.E. Schneckenfl\u00fcgel GmbH\" \/>\n<meta property=\"og:description\" content=\"Wir bieten Ihnen Schneckenfl\u00fcgel von 40 mm bis 3000 mm Durchmesser, von 2 mm bis 50 mm St\u00e4rke \u2013 Ihre Angaben und W\u00fcnsche stets im Blick.\" \/>\n<meta property=\"og:url\" content=\"https:\/\/schneckenfluegel.de\/de\/schneckenfluegel\/ausfuehrungen\/\" \/>\n<meta property=\"og:site_name\" content=\"C.E. Schneckenfl\u00fcgel GmbH\" \/>\n<meta property=\"article:modified_time\" content=\"2019-05-17T14:18:52+00:00\" \/>\n<meta name=\"twitter:card\" content=\"summary_large_image\" \/>\n<script type=\"application\/ld+json\" class=\"yoast-schema-graph\">{\"@context\":\"https:\/\/schema.org\",\"@graph\":[{\"@type\":\"WebPage\",\"@id\":\"https:\/\/schneckenfluegel.de\/de\/schneckenfluegel\/ausfuehrungen\/\",\"url\":\"https:\/\/schneckenfluegel.de\/de\/schneckenfluegel\/ausfuehrungen\/\",\"name\":\"Schneckenfl\u00fcgel in diversen Ausf\u00fchrungen - C.E. Schneckenfl\u00fcgel GmbH\",\"isPartOf\":{\"@id\":\"https:\/\/schneckenfluegel.de\/de\/#website\"},\"datePublished\":\"2018-10-15T19:32:38+00:00\",\"dateModified\":\"2019-05-17T14:18:52+00:00\",\"description\":\"Wir bieten Ihnen Schneckenfl\u00fcgel von 40 mm bis 3000 mm Durchmesser, von 2 mm bis 50 mm St\u00e4rke \u2013 Ihre Angaben und W\u00fcnsche stets im Blick.\",\"breadcrumb\":{\"@id\":\"https:\/\/schneckenfluegel.de\/de\/schneckenfluegel\/ausfuehrungen\/#breadcrumb\"},\"inLanguage\":\"de\",\"potentialAction\":[{\"@type\":\"ReadAction\",\"target\":[\"https:\/\/schneckenfluegel.de\/de\/schneckenfluegel\/ausfuehrungen\/\"]}]},{\"@type\":\"BreadcrumbList\",\"@id\":\"https:\/\/schneckenfluegel.de\/de\/schneckenfluegel\/ausfuehrungen\/#breadcrumb\",\"itemListElement\":[{\"@type\":\"ListItem\",\"position\":1,\"name\":\"Startseite\",\"item\":\"https:\/\/schneckenfluegel.de\/de\/\"},{\"@type\":\"ListItem\",\"position\":2,\"name\":\"Schneckenfl\u00fcgel\",\"item\":\"https:\/\/schneckenfluegel.de\/de\/schneckenfluegel\/\"},{\"@type\":\"ListItem\",\"position\":3,\"name\":\"Ausf\u00fchrungen\"}]},{\"@type\":\"WebSite\",\"@id\":\"https:\/\/schneckenfluegel.de\/de\/#website\",\"url\":\"https:\/\/schneckenfluegel.de\/de\/\",\"name\":\"C.E. Schneckenfl\u00fcgel GmbH\",\"description\":\"Schneckenfl\u00fcgel vom Hersteller\",\"potentialAction\":[{\"@type\":\"SearchAction\",\"target\":{\"@type\":\"EntryPoint\",\"urlTemplate\":\"https:\/\/schneckenfluegel.de\/de\/?s={search_term_string}\"},\"query-input\":{\"@type\":\"PropertyValueSpecification\",\"valueRequired\":true,\"valueName\":\"search_term_string\"}}],\"inLanguage\":\"de\"}]}<\/script>\n<!-- \/ Yoast SEO plugin. -->","yoast_head_json":{"title":"Schneckenfl\u00fcgel in diversen Ausf\u00fchrungen - C.E. Schneckenfl\u00fcgel GmbH","description":"Wir bieten Ihnen Schneckenfl\u00fcgel von 40 mm bis 3000 mm Durchmesser, von 2 mm bis 50 mm St\u00e4rke \u2013 Ihre Angaben und W\u00fcnsche stets im Blick.","robots":{"index":"index","follow":"follow","max-snippet":"max-snippet:-1","max-image-preview":"max-image-preview:large","max-video-preview":"max-video-preview:-1"},"canonical":"https:\/\/schneckenfluegel.de\/de\/schneckenfluegel\/ausfuehrungen\/","og_locale":"de_DE","og_type":"article","og_title":"Schneckenfl\u00fcgel in diversen Ausf\u00fchrungen - C.E. Schneckenfl\u00fcgel GmbH","og_description":"Wir bieten Ihnen Schneckenfl\u00fcgel von 40 mm bis 3000 mm Durchmesser, von 2 mm bis 50 mm St\u00e4rke \u2013 Ihre Angaben und W\u00fcnsche stets im Blick.","og_url":"https:\/\/schneckenfluegel.de\/de\/schneckenfluegel\/ausfuehrungen\/","og_site_name":"C.E. Schneckenfl\u00fcgel GmbH","article_modified_time":"2019-05-17T14:18:52+00:00","twitter_card":"summary_large_image","schema":{"@context":"https:\/\/schema.org","@graph":[{"@type":"WebPage","@id":"https:\/\/schneckenfluegel.de\/de\/schneckenfluegel\/ausfuehrungen\/","url":"https:\/\/schneckenfluegel.de\/de\/schneckenfluegel\/ausfuehrungen\/","name":"Schneckenfl\u00fcgel in diversen Ausf\u00fchrungen - C.E. Schneckenfl\u00fcgel GmbH","isPartOf":{"@id":"https:\/\/schneckenfluegel.de\/de\/#website"},"datePublished":"2018-10-15T19:32:38+00:00","dateModified":"2019-05-17T14:18:52+00:00","description":"Wir bieten Ihnen Schneckenfl\u00fcgel von 40 mm bis 3000 mm Durchmesser, von 2 mm bis 50 mm St\u00e4rke \u2013 Ihre Angaben und W\u00fcnsche stets im Blick.","breadcrumb":{"@id":"https:\/\/schneckenfluegel.de\/de\/schneckenfluegel\/ausfuehrungen\/#breadcrumb"},"inLanguage":"de","potentialAction":[{"@type":"ReadAction","target":["https:\/\/schneckenfluegel.de\/de\/schneckenfluegel\/ausfuehrungen\/"]}]},{"@type":"BreadcrumbList","@id":"https:\/\/schneckenfluegel.de\/de\/schneckenfluegel\/ausfuehrungen\/#breadcrumb","itemListElement":[{"@type":"ListItem","position":1,"name":"Startseite","item":"https:\/\/schneckenfluegel.de\/de\/"},{"@type":"ListItem","position":2,"name":"Schneckenfl\u00fcgel","item":"https:\/\/schneckenfluegel.de\/de\/schneckenfluegel\/"},{"@type":"ListItem","position":3,"name":"Ausf\u00fchrungen"}]},{"@type":"WebSite","@id":"https:\/\/schneckenfluegel.de\/de\/#website","url":"https:\/\/schneckenfluegel.de\/de\/","name":"C.E. Schneckenfl\u00fcgel GmbH","description":"Schneckenfl\u00fcgel vom Hersteller","potentialAction":[{"@type":"SearchAction","target":{"@type":"EntryPoint","urlTemplate":"https:\/\/schneckenfluegel.de\/de\/?s={search_term_string}"},"query-input":{"@type":"PropertyValueSpecification","valueRequired":true,"valueName":"search_term_string"}}],"inLanguage":"de"}]}},"_links":{"self":[{"href":"https:\/\/schneckenfluegel.de\/de\/wp-json\/wp\/v2\/pages\/10","targetHints":{"allow":["GET"]}}],"collection":[{"href":"https:\/\/schneckenfluegel.de\/de\/wp-json\/wp\/v2\/pages"}],"about":[{"href":"https:\/\/schneckenfluegel.de\/de\/wp-json\/wp\/v2\/types\/page"}],"author":[{"embeddable":true,"href":"https:\/\/schneckenfluegel.de\/de\/wp-json\/wp\/v2\/users\/1"}],"replies":[{"embeddable":true,"href":"https:\/\/schneckenfluegel.de\/de\/wp-json\/wp\/v2\/comments?post=10"}],"version-history":[{"count":24,"href":"https:\/\/schneckenfluegel.de\/de\/wp-json\/wp\/v2\/pages\/10\/revisions"}],"predecessor-version":[{"id":834,"href":"https:\/\/schneckenfluegel.de\/de\/wp-json\/wp\/v2\/pages\/10\/revisions\/834"}],"up":[{"embeddable":true,"href":"https:\/\/schneckenfluegel.de\/de\/wp-json\/wp\/v2\/pages\/6"}],"wp:attachment":[{"href":"https:\/\/schneckenfluegel.de\/de\/wp-json\/wp\/v2\/media?parent=10"}],"curies":[{"name":"wp","href":"https:\/\/api.w.org\/{rel}","templated":true}]}}