{"id":850,"date":"2022-07-23T13:16:26","date_gmt":"2022-07-23T11:16:26","guid":{"rendered":"https:\/\/schneckenfluegel.de\/cs\/?page_id=850"},"modified":"2022-07-23T13:23:41","modified_gmt":"2022-07-23T11:23:41","slug":"prihlaseni-k-odberu-newsletteru-uspesne","status":"publish","type":"page","link":"https:\/\/schneckenfluegel.de\/cs\/newsletter-anmeldung\/prihlaseni-k-odberu-newsletteru-uspesne\/","title":{"rendered":"P\u0159ihl\u00e1\u0161en\u00ed k odb\u011bru newsletteru bylo \u00fasp\u011b\u0161n\u00e9"},"content":{"rendered":"<p>Je prima, \u017ee jste se p\u0159ihl\u00e1sili k odb\u011bru newsletteru C.E. Schneckenfl\u00fcgel. T\u011b\u0161\u00ed n\u00e1s, \u017ee s v\u00e1mi m\u016f\u017eeme z\u016fstat v kontaktu.<\/p>\n<p>V\u00e1\u0161 t\u00fdm C.E. Schneckenfl\u00fcgel<\/p>\n","protected":false},"excerpt":{"rendered":"<p>Je prima, \u017ee jste se p\u0159ihl\u00e1sili k odb\u011bru newsletteru C.E. Schneckenfl\u00fcgel. T\u011b\u0161\u00ed n\u00e1s, \u017ee s v\u00e1mi m\u016f\u017eeme z\u016fstat v kontaktu.&hellip;<\/p>\n","protected":false},"author":1,"featured_media":0,"parent":846,"menu_order":0,"comment_status":"closed","ping_status":"closed","template":"page-newsletter-erfolgreich.php","meta":{"_acf_changed":false,"footnotes":""},"class_list":["post-850","page","type-page","status-publish","hentry"],"acf":[],"yoast_head":"<!-- This site is optimized with the Yoast SEO plugin v26.6 - https:\/\/yoast.com\/wordpress\/plugins\/seo\/ -->\n<title>P\u0159ihl\u00e1\u0161en\u00ed k odb\u011bru newsletteru bylo \u00fasp\u011b\u0161n\u00e9 - C.E. Schneckenfl\u00fcgel GmbH<\/title>\n<meta name=\"robots\" content=\"index, follow, max-snippet:-1, max-image-preview:large, max-video-preview:-1\" \/>\n<link rel=\"canonical\" href=\"https:\/\/schneckenfluegel.de\/cs\/newsletter-anmeldung\/prihlaseni-k-odberu-newsletteru-uspesne\/\" \/>\n<meta property=\"og:locale\" content=\"cs_CZ\" \/>\n<meta property=\"og:type\" content=\"article\" \/>\n<meta property=\"og:title\" content=\"P\u0159ihl\u00e1\u0161en\u00ed k odb\u011bru newsletteru bylo \u00fasp\u011b\u0161n\u00e9 - C.E. Schneckenfl\u00fcgel GmbH\" \/>\n<meta property=\"og:description\" content=\"Je prima, \u017ee jste se p\u0159ihl\u00e1sili k odb\u011bru newsletteru C.E. Schneckenfl\u00fcgel. T\u011b\u0161\u00ed n\u00e1s, \u017ee s v\u00e1mi m\u016f\u017eeme z\u016fstat v kontaktu.&hellip;\" \/>\n<meta property=\"og:url\" content=\"https:\/\/schneckenfluegel.de\/cs\/newsletter-anmeldung\/prihlaseni-k-odberu-newsletteru-uspesne\/\" \/>\n<meta property=\"og:site_name\" content=\"C.E. Schneckenfl\u00fcgel GmbH\" \/>\n<meta property=\"article:modified_time\" content=\"2022-07-23T11:23:41+00:00\" \/>\n<meta name=\"twitter:card\" content=\"summary_large_image\" \/>\n<meta name=\"twitter:label1\" content=\"Odhadovan\u00e1 doba \u010dten\u00ed\" \/>\n\t<meta name=\"twitter:data1\" content=\"1 minuta\" \/>\n<script type=\"application\/ld+json\" class=\"yoast-schema-graph\">{\"@context\":\"https:\/\/schema.org\",\"@graph\":[{\"@type\":\"WebPage\",\"@id\":\"https:\/\/schneckenfluegel.de\/cs\/newsletter-anmeldung\/prihlaseni-k-odberu-newsletteru-uspesne\/\",\"url\":\"https:\/\/schneckenfluegel.de\/cs\/newsletter-anmeldung\/prihlaseni-k-odberu-newsletteru-uspesne\/\",\"name\":\"P\u0159ihl\u00e1\u0161en\u00ed k odb\u011bru newsletteru bylo \u00fasp\u011b\u0161n\u00e9 - C.E. Schneckenfl\u00fcgel GmbH\",\"isPartOf\":{\"@id\":\"https:\/\/schneckenfluegel.de\/cs\/#website\"},\"datePublished\":\"2022-07-23T11:16:26+00:00\",\"dateModified\":\"2022-07-23T11:23:41+00:00\",\"breadcrumb\":{\"@id\":\"https:\/\/schneckenfluegel.de\/cs\/newsletter-anmeldung\/prihlaseni-k-odberu-newsletteru-uspesne\/#breadcrumb\"},\"inLanguage\":\"cs\",\"potentialAction\":[{\"@type\":\"ReadAction\",\"target\":[\"https:\/\/schneckenfluegel.de\/cs\/newsletter-anmeldung\/prihlaseni-k-odberu-newsletteru-uspesne\/\"]}]},{\"@type\":\"BreadcrumbList\",\"@id\":\"https:\/\/schneckenfluegel.de\/cs\/newsletter-anmeldung\/prihlaseni-k-odberu-newsletteru-uspesne\/#breadcrumb\",\"itemListElement\":[{\"@type\":\"ListItem\",\"position\":1,\"name\":\"Startseite\",\"item\":\"https:\/\/schneckenfluegel.de\/cs\/\"},{\"@type\":\"ListItem\",\"position\":2,\"name\":\"P\u0159ihl\u00e1\u0161en\u00ed k odb\u011bru newsletteru\",\"item\":\"https:\/\/schneckenfluegel.de\/cs\/newsletter-anmeldung\/\"},{\"@type\":\"ListItem\",\"position\":3,\"name\":\"P\u0159ihl\u00e1\u0161en\u00ed k odb\u011bru newsletteru bylo \u00fasp\u011b\u0161n\u00e9\"}]},{\"@type\":\"WebSite\",\"@id\":\"https:\/\/schneckenfluegel.de\/cs\/#website\",\"url\":\"https:\/\/schneckenfluegel.de\/cs\/\",\"name\":\"C.E. Schneckenfl\u00fcgel GmbH\",\"description\":\"\",\"potentialAction\":[{\"@type\":\"SearchAction\",\"target\":{\"@type\":\"EntryPoint\",\"urlTemplate\":\"https:\/\/schneckenfluegel.de\/cs\/?s={search_term_string}\"},\"query-input\":{\"@type\":\"PropertyValueSpecification\",\"valueRequired\":true,\"valueName\":\"search_term_string\"}}],\"inLanguage\":\"cs\"}]}<\/script>\n<!-- \/ Yoast SEO plugin. -->","yoast_head_json":{"title":"P\u0159ihl\u00e1\u0161en\u00ed k odb\u011bru newsletteru bylo \u00fasp\u011b\u0161n\u00e9 - C.E. Schneckenfl\u00fcgel GmbH","robots":{"index":"index","follow":"follow","max-snippet":"max-snippet:-1","max-image-preview":"max-image-preview:large","max-video-preview":"max-video-preview:-1"},"canonical":"https:\/\/schneckenfluegel.de\/cs\/newsletter-anmeldung\/prihlaseni-k-odberu-newsletteru-uspesne\/","og_locale":"cs_CZ","og_type":"article","og_title":"P\u0159ihl\u00e1\u0161en\u00ed k odb\u011bru newsletteru bylo \u00fasp\u011b\u0161n\u00e9 - C.E. Schneckenfl\u00fcgel GmbH","og_description":"Je prima, \u017ee jste se p\u0159ihl\u00e1sili k odb\u011bru newsletteru C.E. Schneckenfl\u00fcgel. T\u011b\u0161\u00ed n\u00e1s, \u017ee s v\u00e1mi m\u016f\u017eeme z\u016fstat v kontaktu.&hellip;","og_url":"https:\/\/schneckenfluegel.de\/cs\/newsletter-anmeldung\/prihlaseni-k-odberu-newsletteru-uspesne\/","og_site_name":"C.E. Schneckenfl\u00fcgel GmbH","article_modified_time":"2022-07-23T11:23:41+00:00","twitter_card":"summary_large_image","twitter_misc":{"Odhadovan\u00e1 doba \u010dten\u00ed":"1 minuta"},"schema":{"@context":"https:\/\/schema.org","@graph":[{"@type":"WebPage","@id":"https:\/\/schneckenfluegel.de\/cs\/newsletter-anmeldung\/prihlaseni-k-odberu-newsletteru-uspesne\/","url":"https:\/\/schneckenfluegel.de\/cs\/newsletter-anmeldung\/prihlaseni-k-odberu-newsletteru-uspesne\/","name":"P\u0159ihl\u00e1\u0161en\u00ed k odb\u011bru newsletteru bylo \u00fasp\u011b\u0161n\u00e9 - C.E. Schneckenfl\u00fcgel GmbH","isPartOf":{"@id":"https:\/\/schneckenfluegel.de\/cs\/#website"},"datePublished":"2022-07-23T11:16:26+00:00","dateModified":"2022-07-23T11:23:41+00:00","breadcrumb":{"@id":"https:\/\/schneckenfluegel.de\/cs\/newsletter-anmeldung\/prihlaseni-k-odberu-newsletteru-uspesne\/#breadcrumb"},"inLanguage":"cs","potentialAction":[{"@type":"ReadAction","target":["https:\/\/schneckenfluegel.de\/cs\/newsletter-anmeldung\/prihlaseni-k-odberu-newsletteru-uspesne\/"]}]},{"@type":"BreadcrumbList","@id":"https:\/\/schneckenfluegel.de\/cs\/newsletter-anmeldung\/prihlaseni-k-odberu-newsletteru-uspesne\/#breadcrumb","itemListElement":[{"@type":"ListItem","position":1,"name":"Startseite","item":"https:\/\/schneckenfluegel.de\/cs\/"},{"@type":"ListItem","position":2,"name":"P\u0159ihl\u00e1\u0161en\u00ed k odb\u011bru newsletteru","item":"https:\/\/schneckenfluegel.de\/cs\/newsletter-anmeldung\/"},{"@type":"ListItem","position":3,"name":"P\u0159ihl\u00e1\u0161en\u00ed k odb\u011bru newsletteru bylo \u00fasp\u011b\u0161n\u00e9"}]},{"@type":"WebSite","@id":"https:\/\/schneckenfluegel.de\/cs\/#website","url":"https:\/\/schneckenfluegel.de\/cs\/","name":"C.E. Schneckenfl\u00fcgel GmbH","description":"","potentialAction":[{"@type":"SearchAction","target":{"@type":"EntryPoint","urlTemplate":"https:\/\/schneckenfluegel.de\/cs\/?s={search_term_string}"},"query-input":{"@type":"PropertyValueSpecification","valueRequired":true,"valueName":"search_term_string"}}],"inLanguage":"cs"}]}},"_links":{"self":[{"href":"https:\/\/schneckenfluegel.de\/cs\/wp-json\/wp\/v2\/pages\/850","targetHints":{"allow":["GET"]}}],"collection":[{"href":"https:\/\/schneckenfluegel.de\/cs\/wp-json\/wp\/v2\/pages"}],"about":[{"href":"https:\/\/schneckenfluegel.de\/cs\/wp-json\/wp\/v2\/types\/page"}],"author":[{"embeddable":true,"href":"https:\/\/schneckenfluegel.de\/cs\/wp-json\/wp\/v2\/users\/1"}],"replies":[{"embeddable":true,"href":"https:\/\/schneckenfluegel.de\/cs\/wp-json\/wp\/v2\/comments?post=850"}],"version-history":[{"count":4,"href":"https:\/\/schneckenfluegel.de\/cs\/wp-json\/wp\/v2\/pages\/850\/revisions"}],"predecessor-version":[{"id":874,"href":"https:\/\/schneckenfluegel.de\/cs\/wp-json\/wp\/v2\/pages\/850\/revisions\/874"}],"up":[{"embeddable":true,"href":"https:\/\/schneckenfluegel.de\/cs\/wp-json\/wp\/v2\/pages\/846"}],"wp:attachment":[{"href":"https:\/\/schneckenfluegel.de\/cs\/wp-json\/wp\/v2\/media?parent=850"}],"curies":[{"name":"wp","href":"https:\/\/api.w.org\/{rel}","templated":true}]}}