{"id":846,"date":"2022-07-23T13:15:29","date_gmt":"2022-07-23T11:15:29","guid":{"rendered":"https:\/\/schneckenfluegel.de\/cs\/?page_id=846"},"modified":"2022-07-26T11:41:44","modified_gmt":"2022-07-26T09:41:44","slug":"newsletter-anmeldung","status":"publish","type":"page","link":"https:\/\/schneckenfluegel.de\/cs\/newsletter-anmeldung\/","title":{"rendered":"P\u0159ihl\u00e1\u0161en\u00ed k odb\u011bru newsletteru"},"content":{"rendered":"<p>V\u017edy dobr\u00e9 informace od l\u00eddra na trhu! Prost\u0159ednictv\u00edm na\u0161eho newsletteru z\u00edsk\u00e1te v\u017edy maxim\u00e1ln\u011b jednou za m\u011bs\u00edc relevantn\u00ed zpr\u00e1vy z oboru a na\u0161\u00ed spole\u010dnosti.<\/p>\n<p>Jako n\u011bmeck\u00fd l\u00eddr na trhu se \u0161nekovnicemi v\u00e1s budeme informovat o aktu\u00e1ln\u00edm v\u00fdvoji na trhu a o v\u0161ech novink\u00e1ch v na\u0161\u00ed v\u00fdrob\u011b a na\u0161\u00ed spole\u010dnosti.<\/p>\n<h3>P\u0159ihla\u0161ovac\u00ed formul\u00e1\u0159:<\/h3>\n<p>P\u0159ihl\u00e1\u0161en\u00ed k odb\u011bru newsletteru<\/p>\n<p>V\u00e1\u0161 z\u00e1jem o vysoce kvalitn\u00ed \u0161nekovnice n\u00e1s t\u011b\u0161\u00ed. Pokud byste ale o n\u00e1\u0161 newsletter kdykoli v budoucnu ztratili z\u00e1jem, m\u00e1te v ka\u017ed\u00e9m newsletteru mo\u017enost se jednodu\u0161e dv\u011bma kliknut\u00edmi zase odhl\u00e1sit.<\/p>\n<div class=\"haet-cleverreach\">\n\t        <form method=\"post\" class=\"haet-cleverreach-form\">\n            <input type=\"hidden\" name=\"haet-cleverreach-is-widget\" value=\"0\">\n            <input type=\"hidden\" name=\"haet-cleverreach-form-id\" value=\"334557\">\n            <input type=\"hidden\" name=\"haet-cleverreach-list-id\" value=\"694698\">\n\t\t\t                    <div class=\"haet-cleverreach-field-wrap label-left type-email \">\n\t\t\t\t\t\t\t\t\t\t\t\t\t                                <label for=\"haet-cleverreach-cleverreach_email\">\n\t\t\t\t\t\t\t\t\tE-Mail                                <\/label>\n\t\t\t\t\t\t\t\t\t\t\t\t\t\t                                <input type=\"email\"\n                                       id=\"haet-cleverreach-cleverreach_email\"\n                                       name=\"haet-cleverreach-cleverreach_email\"\n                                       value=\"\"\n\t\t\t\t\t\t\t\t\t\t\t\t\t\t\t\t\t\t required                                 >\n\t\t\t\t\t\t\t\n\t\t\t\t\t\t\t\t\t\t\t\t\t                    <\/div>\n\t\t\t\t                    <div class=\"haet-cleverreach-field-wrap label-left type-submit \">\n\t\t\t\t\t\t                            <button type=\"submit\" class=\"button\" id=\"haet-cleverreach-submit\">\n\t\t\t\t\t\t\t\tAnmelden                            <\/button>\n\t\t\t\t\t\t                    <\/div>\n\t\t\t\t        <\/form>\n\t\t<\/div>\n\n<p>&nbsp;<\/p>\n","protected":false},"excerpt":{"rendered":"<p>V\u017edy dobr\u00e9 informace od l\u00eddra na trhu! Prost\u0159ednictv\u00edm na\u0161eho newsletteru z\u00edsk\u00e1te v\u017edy maxim\u00e1ln\u011b jednou za m\u011bs\u00edc relevantn\u00ed zpr\u00e1vy z oboru&hellip;<\/p>\n","protected":false},"author":1,"featured_media":0,"parent":0,"menu_order":0,"comment_status":"closed","ping_status":"closed","template":"page-newsletter.php","meta":{"_acf_changed":false,"footnotes":""},"class_list":["post-846","page","type-page","status-publish","hentry"],"acf":[],"yoast_head":"<!-- This site is optimized with the Yoast SEO plugin v26.6 - https:\/\/yoast.com\/wordpress\/plugins\/seo\/ -->\n<title>P\u0159ihl\u00e1\u0161en\u00ed k odb\u011bru newsletteru - C.E. Schneckenfl\u00fcgel GmbH<\/title>\n<meta name=\"robots\" content=\"index, follow, max-snippet:-1, max-image-preview:large, max-video-preview:-1\" \/>\n<link rel=\"canonical\" href=\"https:\/\/schneckenfluegel.de\/cs\/newsletter-anmeldung\/\" \/>\n<meta property=\"og:locale\" content=\"cs_CZ\" \/>\n<meta property=\"og:type\" content=\"article\" \/>\n<meta property=\"og:title\" content=\"P\u0159ihl\u00e1\u0161en\u00ed k odb\u011bru newsletteru - C.E. Schneckenfl\u00fcgel GmbH\" \/>\n<meta property=\"og:description\" content=\"V\u017edy dobr\u00e9 informace od l\u00eddra na trhu! Prost\u0159ednictv\u00edm na\u0161eho newsletteru z\u00edsk\u00e1te v\u017edy maxim\u00e1ln\u011b jednou za m\u011bs\u00edc relevantn\u00ed zpr\u00e1vy z oboru&hellip;\" \/>\n<meta property=\"og:url\" content=\"https:\/\/schneckenfluegel.de\/cs\/newsletter-anmeldung\/\" \/>\n<meta property=\"og:site_name\" content=\"C.E. Schneckenfl\u00fcgel GmbH\" \/>\n<meta property=\"article:modified_time\" content=\"2022-07-26T09:41:44+00:00\" \/>\n<meta name=\"twitter:card\" content=\"summary_large_image\" \/>\n<meta name=\"twitter:label1\" content=\"Odhadovan\u00e1 doba \u010dten\u00ed\" \/>\n\t<meta name=\"twitter:data1\" content=\"1 minuta\" \/>\n<script type=\"application\/ld+json\" class=\"yoast-schema-graph\">{\"@context\":\"https:\/\/schema.org\",\"@graph\":[{\"@type\":\"WebPage\",\"@id\":\"https:\/\/schneckenfluegel.de\/cs\/newsletter-anmeldung\/\",\"url\":\"https:\/\/schneckenfluegel.de\/cs\/newsletter-anmeldung\/\",\"name\":\"P\u0159ihl\u00e1\u0161en\u00ed k odb\u011bru newsletteru - C.E. Schneckenfl\u00fcgel GmbH\",\"isPartOf\":{\"@id\":\"https:\/\/schneckenfluegel.de\/cs\/#website\"},\"datePublished\":\"2022-07-23T11:15:29+00:00\",\"dateModified\":\"2022-07-26T09:41:44+00:00\",\"breadcrumb\":{\"@id\":\"https:\/\/schneckenfluegel.de\/cs\/newsletter-anmeldung\/#breadcrumb\"},\"inLanguage\":\"cs\",\"potentialAction\":[{\"@type\":\"ReadAction\",\"target\":[\"https:\/\/schneckenfluegel.de\/cs\/newsletter-anmeldung\/\"]}]},{\"@type\":\"BreadcrumbList\",\"@id\":\"https:\/\/schneckenfluegel.de\/cs\/newsletter-anmeldung\/#breadcrumb\",\"itemListElement\":[{\"@type\":\"ListItem\",\"position\":1,\"name\":\"Startseite\",\"item\":\"https:\/\/schneckenfluegel.de\/cs\/\"},{\"@type\":\"ListItem\",\"position\":2,\"name\":\"P\u0159ihl\u00e1\u0161en\u00ed k odb\u011bru newsletteru\"}]},{\"@type\":\"WebSite\",\"@id\":\"https:\/\/schneckenfluegel.de\/cs\/#website\",\"url\":\"https:\/\/schneckenfluegel.de\/cs\/\",\"name\":\"C.E. Schneckenfl\u00fcgel GmbH\",\"description\":\"\",\"potentialAction\":[{\"@type\":\"SearchAction\",\"target\":{\"@type\":\"EntryPoint\",\"urlTemplate\":\"https:\/\/schneckenfluegel.de\/cs\/?s={search_term_string}\"},\"query-input\":{\"@type\":\"PropertyValueSpecification\",\"valueRequired\":true,\"valueName\":\"search_term_string\"}}],\"inLanguage\":\"cs\"}]}<\/script>\n<!-- \/ Yoast SEO plugin. -->","yoast_head_json":{"title":"P\u0159ihl\u00e1\u0161en\u00ed k odb\u011bru newsletteru - C.E. Schneckenfl\u00fcgel GmbH","robots":{"index":"index","follow":"follow","max-snippet":"max-snippet:-1","max-image-preview":"max-image-preview:large","max-video-preview":"max-video-preview:-1"},"canonical":"https:\/\/schneckenfluegel.de\/cs\/newsletter-anmeldung\/","og_locale":"cs_CZ","og_type":"article","og_title":"P\u0159ihl\u00e1\u0161en\u00ed k odb\u011bru newsletteru - C.E. Schneckenfl\u00fcgel GmbH","og_description":"V\u017edy dobr\u00e9 informace od l\u00eddra na trhu! Prost\u0159ednictv\u00edm na\u0161eho newsletteru z\u00edsk\u00e1te v\u017edy maxim\u00e1ln\u011b jednou za m\u011bs\u00edc relevantn\u00ed zpr\u00e1vy z oboru&hellip;","og_url":"https:\/\/schneckenfluegel.de\/cs\/newsletter-anmeldung\/","og_site_name":"C.E. Schneckenfl\u00fcgel GmbH","article_modified_time":"2022-07-26T09:41:44+00:00","twitter_card":"summary_large_image","twitter_misc":{"Odhadovan\u00e1 doba \u010dten\u00ed":"1 minuta"},"schema":{"@context":"https:\/\/schema.org","@graph":[{"@type":"WebPage","@id":"https:\/\/schneckenfluegel.de\/cs\/newsletter-anmeldung\/","url":"https:\/\/schneckenfluegel.de\/cs\/newsletter-anmeldung\/","name":"P\u0159ihl\u00e1\u0161en\u00ed k odb\u011bru newsletteru - C.E. Schneckenfl\u00fcgel GmbH","isPartOf":{"@id":"https:\/\/schneckenfluegel.de\/cs\/#website"},"datePublished":"2022-07-23T11:15:29+00:00","dateModified":"2022-07-26T09:41:44+00:00","breadcrumb":{"@id":"https:\/\/schneckenfluegel.de\/cs\/newsletter-anmeldung\/#breadcrumb"},"inLanguage":"cs","potentialAction":[{"@type":"ReadAction","target":["https:\/\/schneckenfluegel.de\/cs\/newsletter-anmeldung\/"]}]},{"@type":"BreadcrumbList","@id":"https:\/\/schneckenfluegel.de\/cs\/newsletter-anmeldung\/#breadcrumb","itemListElement":[{"@type":"ListItem","position":1,"name":"Startseite","item":"https:\/\/schneckenfluegel.de\/cs\/"},{"@type":"ListItem","position":2,"name":"P\u0159ihl\u00e1\u0161en\u00ed k odb\u011bru newsletteru"}]},{"@type":"WebSite","@id":"https:\/\/schneckenfluegel.de\/cs\/#website","url":"https:\/\/schneckenfluegel.de\/cs\/","name":"C.E. Schneckenfl\u00fcgel GmbH","description":"","potentialAction":[{"@type":"SearchAction","target":{"@type":"EntryPoint","urlTemplate":"https:\/\/schneckenfluegel.de\/cs\/?s={search_term_string}"},"query-input":{"@type":"PropertyValueSpecification","valueRequired":true,"valueName":"search_term_string"}}],"inLanguage":"cs"}]}},"_links":{"self":[{"href":"https:\/\/schneckenfluegel.de\/cs\/wp-json\/wp\/v2\/pages\/846","targetHints":{"allow":["GET"]}}],"collection":[{"href":"https:\/\/schneckenfluegel.de\/cs\/wp-json\/wp\/v2\/pages"}],"about":[{"href":"https:\/\/schneckenfluegel.de\/cs\/wp-json\/wp\/v2\/types\/page"}],"author":[{"embeddable":true,"href":"https:\/\/schneckenfluegel.de\/cs\/wp-json\/wp\/v2\/users\/1"}],"replies":[{"embeddable":true,"href":"https:\/\/schneckenfluegel.de\/cs\/wp-json\/wp\/v2\/comments?post=846"}],"version-history":[{"count":4,"href":"https:\/\/schneckenfluegel.de\/cs\/wp-json\/wp\/v2\/pages\/846\/revisions"}],"predecessor-version":[{"id":876,"href":"https:\/\/schneckenfluegel.de\/cs\/wp-json\/wp\/v2\/pages\/846\/revisions\/876"}],"wp:attachment":[{"href":"https:\/\/schneckenfluegel.de\/cs\/wp-json\/wp\/v2\/media?parent=846"}],"curies":[{"name":"wp","href":"https:\/\/api.w.org\/{rel}","templated":true}]}}